{"id":16369,"date":"2023-08-17T11:28:13","date_gmt":"2023-08-17T11:28:13","guid":{"rendered":"https:\/\/digitaltarget.com.tr\/?post_type=product&#038;p=16369"},"modified":"2024-10-31T11:05:51","modified_gmt":"2024-10-31T11:05:51","slug":"pixhawk-gps","status":"publish","type":"product","link":"https:\/\/digitaltarget.com.tr\/en\/product\/pixhawk-gps\/","title":{"rendered":"Pixhawk GPS Module"},"content":{"rendered":"<h5><strong>Drone GPS Module SE100 for APM, PX4, Pixhawk and Mini Pix<\/strong><\/h5>\n<h2><strong id=\"tl_2\">Specifications:<\/strong><\/h2>\n<ul>\n<li class=\" translation-block\">\u3010Mini<span id=\"tl_3\">size\u3011<\/span><span id=\"tl_4\">: This mini GPS is only 4.8*4.1*1.5cm for Radiolink Pixhawk flight controller, perfect for drone and quadcopter racing.<\/span><\/li>\n<li class=\" translation-block\">\u3010Excellent<span id=\"tl_5\">stability\u3011<\/span><span id=\"tl_6\">: Ceramic antenna design enhances the ability to receive extremely weak signals, even with the ideal filter. Dual filter: SAWF (surface acoustic wave filter) from Murata, independent dual filtering technology, stronger anti-interference ability.<\/span><\/li>\n<li class=\" translation-block\"><span id=\"tl_7\">\u3010Best configuration\u3011<\/span><span id=\"tl_8\">: U-box UBX-M10050(M10), 72-channel design, better than GNSS 9d. Honeywell 2.5dbl ceramic antenna and HMC5983.<\/span><\/li>\n<li class=\" translation-block\"><span id=\"tl_9\">\u3010Spatial<\/span> accuracy and fast\u3011<span id=\"tl_10\">: 50 centimeter accuracy when working with simultaneous GNSS, the ability to position 6 satellites in 20 seconds in open space and hold stations in the valley. GPS support, QZSS L1 C\/A, GLONASS L10F, BeiDou B1, triple mode operation is available.<\/span><\/li>\n<li class=\" translation-block\">\u3010High<span id=\"tl_11\">performance\u3011<\/span><span id=\"tl_12\">:GPS signal search satellite indicator function is added, and the model has obtained exclusive patent, high configuration, low price, which provides a very cost-effective product to the model friend.<\/span><\/li>\n<li class=\" translation-block\">\u3010Here you <span id=\"tl_13\">go\u3011<\/span><span id=\"tl_14\">: Excellent mini GPS and 12 months warranty and 24 hours friendly customer service.<\/span><\/li>\n<\/ul>\n<p><strong>Package Contents<\/strong><\/p>\n<ul>\n<li>M10N SE100 GPS x 1<\/li>\n<li>Metal rod bracket x 1<\/li>\n<li>Connection cable x 1<\/li>\n<li>Metal fixing gasket x 2<\/li>\n<li>Foam fixing sticker x 1<\/li>\n<\/ul>","protected":false},"excerpt":{"rendered":"<p>APM, PX4, Pixhawk ve Mini Pix i\u00e7in Drone GPS Mod\u00fcl\u00fc SE100 \u00d6zellikler: \u3010Mini boyut\u3011: Bu mini GPS, Radiolink Pixhawk u\u00e7u\u015f<\/p>","protected":false},"featured_media":16470,"comment_status":"open","ping_status":"closed","template":"","meta":{"_monsterinsights_skip_tracking":false,"_monsterinsights_sitenote_active":false,"_monsterinsights_sitenote_note":"","_monsterinsights_sitenote_category":0},"product_cat":[354,385],"product_tag":[],"aioseo_notices":[],"jetpack_sharing_enabled":true,"_links":{"self":[{"href":"https:\/\/digitaltarget.com.tr\/en\/wp-json\/wp\/v2\/product\/16369"}],"collection":[{"href":"https:\/\/digitaltarget.com.tr\/en\/wp-json\/wp\/v2\/product"}],"about":[{"href":"https:\/\/digitaltarget.com.tr\/en\/wp-json\/wp\/v2\/types\/product"}],"replies":[{"embeddable":true,"href":"https:\/\/digitaltarget.com.tr\/en\/wp-json\/wp\/v2\/comments?post=16369"}],"version-history":[{"count":7,"href":"https:\/\/digitaltarget.com.tr\/en\/wp-json\/wp\/v2\/product\/16369\/revisions"}],"predecessor-version":[{"id":18986,"href":"https:\/\/digitaltarget.com.tr\/en\/wp-json\/wp\/v2\/product\/16369\/revisions\/18986"}],"wp:featuredmedia":[{"embeddable":true,"href":"https:\/\/digitaltarget.com.tr\/en\/wp-json\/wp\/v2\/media\/16470"}],"wp:attachment":[{"href":"https:\/\/digitaltarget.com.tr\/en\/wp-json\/wp\/v2\/media?parent=16369"}],"wp:term":[{"taxonomy":"product_cat","embeddable":true,"href":"https:\/\/digitaltarget.com.tr\/en\/wp-json\/wp\/v2\/product_cat?post=16369"},{"taxonomy":"product_tag","embeddable":true,"href":"https:\/\/digitaltarget.com.tr\/en\/wp-json\/wp\/v2\/product_tag?post=16369"}],"curies":[{"name":"wp","href":"https:\/\/api.w.org\/{rel}","templated":true}]}}