{"id":16383,"date":"2023-08-17T11:28:14","date_gmt":"2023-08-17T11:28:14","guid":{"rendered":"https:\/\/digitaltarget.com.tr\/?post_type=product&#038;p=16383"},"modified":"2024-08-02T11:49:59","modified_gmt":"2024-08-02T11:49:59","slug":"mamba-dji-f722-mk2-flight-controller-30-5-x-30-5mm-m3","status":"publish","type":"product","link":"https:\/\/digitaltarget.com.tr\/en\/product\/mamba-dji-f722-mk2-flight-controller-30-5-x-30-5mm-m3\/","title":{"rendered":"Mamba DJI Flight Controller F722 MK2 30.5 X 30.5mm \/ M3"},"content":{"rendered":"<p><strong>Mamba DJI F722 MK2 U\u00e7u\u015f Kontrolc\u00fcs\u00fc<\/strong><\/p>\n<ul>\n<li>MCU: 216MHz STM32F722RET6<\/li>\n<li>GYRO: MPU6000<\/li>\n<li>Barometer: YES<\/li>\n<li>OSD: Yes<\/li>\n<li>Blackbox: 16M Flash Memory<\/li>\n<li>UARTS: 6 Set<\/li>\n<li>ESC Software: DSHOT300\/600\/1200<\/li>\n<li>ESC Telemetry: Yes<\/li>\n<li>Power Led: Yes<\/li>\n<li>LED Controller BF LED\/MB LED (4 Sets of 2812 LEDs)<\/li>\n<li>F.Port: Yes<\/li>\n<li>RSSI: Yes<\/li>\n<li>Buzz: Yes<\/li>\n<li>Input: 3~6S Lipo (12.6~25.2V)<\/li>\n<li>TVS Protection Yes<\/li>\n<li>BEC: 3.3V 0.5A &amp; 5V 3A &amp; (DJI) 9V 3A<\/li>\n<li>Mounting: 30.5mm, M3<\/li>\n<\/ul>","protected":false},"excerpt":{"rendered":"<p>Mamba DJI F722 MK2 U\u00e7u\u015f Kontrolc\u00fcs\u00fc MCU: 216MHz STM32F722RET6 GYRO: MPU6000 Barometre: Var OSD: Var Blackbox: 16M Flash Bellek UARTS:<\/p>","protected":false},"featured_media":16432,"comment_status":"open","ping_status":"closed","template":"","meta":{"_monsterinsights_skip_tracking":false,"_monsterinsights_sitenote_active":false,"_monsterinsights_sitenote_note":"","_monsterinsights_sitenote_category":0},"product_cat":[355,358],"product_tag":[],"aioseo_notices":[],"jetpack_sharing_enabled":true,"_links":{"self":[{"href":"https:\/\/digitaltarget.com.tr\/en\/wp-json\/wp\/v2\/product\/16383"}],"collection":[{"href":"https:\/\/digitaltarget.com.tr\/en\/wp-json\/wp\/v2\/product"}],"about":[{"href":"https:\/\/digitaltarget.com.tr\/en\/wp-json\/wp\/v2\/types\/product"}],"replies":[{"embeddable":true,"href":"https:\/\/digitaltarget.com.tr\/en\/wp-json\/wp\/v2\/comments?post=16383"}],"version-history":[{"count":5,"href":"https:\/\/digitaltarget.com.tr\/en\/wp-json\/wp\/v2\/product\/16383\/revisions"}],"predecessor-version":[{"id":19162,"href":"https:\/\/digitaltarget.com.tr\/en\/wp-json\/wp\/v2\/product\/16383\/revisions\/19162"}],"wp:featuredmedia":[{"embeddable":true,"href":"https:\/\/digitaltarget.com.tr\/en\/wp-json\/wp\/v2\/media\/16432"}],"wp:attachment":[{"href":"https:\/\/digitaltarget.com.tr\/en\/wp-json\/wp\/v2\/media?parent=16383"}],"wp:term":[{"taxonomy":"product_cat","embeddable":true,"href":"https:\/\/digitaltarget.com.tr\/en\/wp-json\/wp\/v2\/product_cat?post=16383"},{"taxonomy":"product_tag","embeddable":true,"href":"https:\/\/digitaltarget.com.tr\/en\/wp-json\/wp\/v2\/product_tag?post=16383"}],"curies":[{"name":"wp","href":"https:\/\/api.w.org\/{rel}","templated":true}]}}