{"id":17124,"date":"2023-09-20T13:15:54","date_gmt":"2023-09-20T13:15:54","guid":{"rendered":"https:\/\/digitaltarget.com.tr\/?post_type=product&#038;p=17124"},"modified":"2025-01-29T15:43:53","modified_gmt":"2025-01-29T15:43:53","slug":"full-kit-paragliding-and-paramotor-for-tourism","status":"publish","type":"product","link":"https:\/\/digitaltarget.com.tr\/en\/product\/full-kit-paragliding-and-paramotor-for-tourism\/","title":{"rendered":"full set of paragliders and paramotor for tourism"},"content":{"rendered":"<p>full paragliding kit:<\/p>\n<p>1- paramotor<\/p>\n<p>2- rescue parachute<\/p>\n<p>3- paragliding<\/p>\n<p>4- fuel tank<\/p>\n<p>5- variometre<\/p>\n<p>6- fuel pump<\/p>\n<h3>note:<\/h3>\n<p>we can provide you with appropriate training<\/p>","protected":false},"excerpt":{"rendered":"<p>tam yama\u00e7 para\u015f\u00fct\u00fc seti: 1- paramotor 2- kurtarma para\u015f\u00fct\u00fc 3- yama\u00e7 para\u015f\u00fct\u00fc 4- yak\u0131t tank\u0131 5- variometre 6- yak\u0131t pompas\u0131<\/p>","protected":false},"featured_media":17127,"comment_status":"open","ping_status":"closed","template":"","meta":{"_monsterinsights_skip_tracking":false,"_monsterinsights_sitenote_active":false,"_monsterinsights_sitenote_note":"","_monsterinsights_sitenote_category":0},"product_cat":[392],"product_tag":[],"aioseo_notices":[],"jetpack_sharing_enabled":true,"_links":{"self":[{"href":"https:\/\/digitaltarget.com.tr\/en\/wp-json\/wp\/v2\/product\/17124"}],"collection":[{"href":"https:\/\/digitaltarget.com.tr\/en\/wp-json\/wp\/v2\/product"}],"about":[{"href":"https:\/\/digitaltarget.com.tr\/en\/wp-json\/wp\/v2\/types\/product"}],"replies":[{"embeddable":true,"href":"https:\/\/digitaltarget.com.tr\/en\/wp-json\/wp\/v2\/comments?post=17124"}],"version-history":[{"count":4,"href":"https:\/\/digitaltarget.com.tr\/en\/wp-json\/wp\/v2\/product\/17124\/revisions"}],"predecessor-version":[{"id":18979,"href":"https:\/\/digitaltarget.com.tr\/en\/wp-json\/wp\/v2\/product\/17124\/revisions\/18979"}],"wp:featuredmedia":[{"embeddable":true,"href":"https:\/\/digitaltarget.com.tr\/en\/wp-json\/wp\/v2\/media\/17127"}],"wp:attachment":[{"href":"https:\/\/digitaltarget.com.tr\/en\/wp-json\/wp\/v2\/media?parent=17124"}],"wp:term":[{"taxonomy":"product_cat","embeddable":true,"href":"https:\/\/digitaltarget.com.tr\/en\/wp-json\/wp\/v2\/product_cat?post=17124"},{"taxonomy":"product_tag","embeddable":true,"href":"https:\/\/digitaltarget.com.tr\/en\/wp-json\/wp\/v2\/product_tag?post=17124"}],"curies":[{"name":"wp","href":"https:\/\/api.w.org\/{rel}","templated":true}]}}