{"id":17131,"date":"2023-09-20T14:13:28","date_gmt":"2023-09-20T14:13:28","guid":{"rendered":"https:\/\/digitaltarget.com.tr\/?post_type=product&#038;p=17131"},"modified":"2024-08-01T11:37:20","modified_gmt":"2024-08-01T11:37:20","slug":"vtol-drone-delivery-drone-surveillance-drone","status":"publish","type":"product","link":"https:\/\/digitaltarget.com.tr\/en\/product\/vtol-drone-delivery-drone-surveillance-drone\/","title":{"rendered":"VTOL DRONE, DELIVERY DRONE, Surveillance drone"},"content":{"rendered":"<p>Features:<\/p>\n<p>load capacity 10 kg<\/p>\n<p>flight duration 2 hours<\/p>\n<p>speed: 30 m per hour<\/p>\n<p>Features:<\/p>\n<p>Pixhawk RTF:<\/p>\n<p class=\" translation-block\">1x AYK-350 VTOL<br>1x High Efficiency Tail Motor<br>1x Tail ESC<br>1x 24 inch Propeller for Tail Motor<br>1x 24 inch Spare Propeller for Tail Motor (free)<br>4x Servo<br>4x Motor for VTOL Mode<br>VTOL 4x ESC for VTOL Mode<br>2x (pair) 26-inch Propeller for VTOL Mode<br>1x (pair) 26-inch Spare Propeller for VTOL Mode (free of charge)<br>2x UBEC<br>2x Power Monitoring Module<br>1x Pixhawk Cube Orange Standard Set<br>2x C-RTK 9P High Precision Positioning Module Pixhawk Sky End<br>1x DA16S+ Radio Controller<br>1x Transport Case<br>1x Mounting, Tuning and Flight Test Service 1x TF02-Pro 40m IP65 LiDAR 1xUltra Power Duo 1200W Balance Charger 4xTATTU 22.8V 6S 25000mAh 10C High Voltage Lipo Battery<\/p>\n<p>Origin: China<\/p>\n<p>&nbsp;<\/p>\n<h3><strong>note<\/strong>:<\/h3>\n<pre>training and insulation process can be provided as a service<\/pre>","protected":false},"excerpt":{"rendered":"<p>\u00f6zellikler: y\u00fck kapasitesi: 10 kg u\u00e7u\u015f s\u00fcresi: 2 saat h\u0131z: saatte 30 m \u00f6zellikler: Pixhawk RTF: 1x AYK-350 VTOL 1x<\/p>","protected":false},"featured_media":17133,"comment_status":"open","ping_status":"closed","template":"","meta":{"_monsterinsights_skip_tracking":false,"_monsterinsights_sitenote_active":false,"_monsterinsights_sitenote_note":"","_monsterinsights_sitenote_category":0},"product_cat":[381],"product_tag":[],"aioseo_notices":[],"jetpack_sharing_enabled":true,"_links":{"self":[{"href":"https:\/\/digitaltarget.com.tr\/en\/wp-json\/wp\/v2\/product\/17131"}],"collection":[{"href":"https:\/\/digitaltarget.com.tr\/en\/wp-json\/wp\/v2\/product"}],"about":[{"href":"https:\/\/digitaltarget.com.tr\/en\/wp-json\/wp\/v2\/types\/product"}],"replies":[{"embeddable":true,"href":"https:\/\/digitaltarget.com.tr\/en\/wp-json\/wp\/v2\/comments?post=17131"}],"version-history":[{"count":3,"href":"https:\/\/digitaltarget.com.tr\/en\/wp-json\/wp\/v2\/product\/17131\/revisions"}],"predecessor-version":[{"id":19044,"href":"https:\/\/digitaltarget.com.tr\/en\/wp-json\/wp\/v2\/product\/17131\/revisions\/19044"}],"wp:featuredmedia":[{"embeddable":true,"href":"https:\/\/digitaltarget.com.tr\/en\/wp-json\/wp\/v2\/media\/17133"}],"wp:attachment":[{"href":"https:\/\/digitaltarget.com.tr\/en\/wp-json\/wp\/v2\/media?parent=17131"}],"wp:term":[{"taxonomy":"product_cat","embeddable":true,"href":"https:\/\/digitaltarget.com.tr\/en\/wp-json\/wp\/v2\/product_cat?post=17131"},{"taxonomy":"product_tag","embeddable":true,"href":"https:\/\/digitaltarget.com.tr\/en\/wp-json\/wp\/v2\/product_tag?post=17131"}],"curies":[{"name":"wp","href":"https:\/\/api.w.org\/{rel}","templated":true}]}}