{"id":17137,"date":"2023-09-20T14:29:26","date_gmt":"2023-09-20T14:29:26","guid":{"rendered":"https:\/\/digitaltarget.com.tr\/?post_type=product&#038;p=17137"},"modified":"2024-08-01T11:36:34","modified_gmt":"2024-08-01T11:36:34","slug":"agriculture-drone-quadcopter-drone","status":"publish","type":"product","link":"https:\/\/digitaltarget.com.tr\/en\/product\/agriculture-drone-quadcopter-drone\/","title":{"rendered":"Agricultural Drone, Quadcopter Drone."},"content":{"rendered":"<p>specification:<\/p>\n<table width=\"307\">\n<tbody>\n<tr>\n<td width=\"307\">Quad-Axis payload flight, 5-20KG payload platform, including: 1. M4000 drone. 2.14S 66000mAh. batteries*2pcs. 3.electric charger*1 40 MINUTES + 8 KG LOAD<\/td>\n<\/tr>\n<\/tbody>\n<\/table>\n<p>note: we can provide pilot training and customization<\/p>","protected":false},"excerpt":{"rendered":"<p>\u015fartname: D\u00f6rt Eksenli y\u00fck ta\u015f\u0131ma u\u00e7u\u015fu, 5-20KG y\u00fck kapasiteli platform, \u015funlar dahil: 1. M4000 drone. 2.14S 66000mAh. piller*2 adet. 3.<\/p>","protected":false},"featured_media":17139,"comment_status":"open","ping_status":"closed","template":"","meta":{"_monsterinsights_skip_tracking":false,"_monsterinsights_sitenote_active":false,"_monsterinsights_sitenote_note":"","_monsterinsights_sitenote_category":0},"product_cat":[381],"product_tag":[],"aioseo_notices":[],"jetpack_sharing_enabled":true,"_links":{"self":[{"href":"https:\/\/digitaltarget.com.tr\/en\/wp-json\/wp\/v2\/product\/17137"}],"collection":[{"href":"https:\/\/digitaltarget.com.tr\/en\/wp-json\/wp\/v2\/product"}],"about":[{"href":"https:\/\/digitaltarget.com.tr\/en\/wp-json\/wp\/v2\/types\/product"}],"replies":[{"embeddable":true,"href":"https:\/\/digitaltarget.com.tr\/en\/wp-json\/wp\/v2\/comments?post=17137"}],"version-history":[{"count":3,"href":"https:\/\/digitaltarget.com.tr\/en\/wp-json\/wp\/v2\/product\/17137\/revisions"}],"predecessor-version":[{"id":19043,"href":"https:\/\/digitaltarget.com.tr\/en\/wp-json\/wp\/v2\/product\/17137\/revisions\/19043"}],"wp:featuredmedia":[{"embeddable":true,"href":"https:\/\/digitaltarget.com.tr\/en\/wp-json\/wp\/v2\/media\/17139"}],"wp:attachment":[{"href":"https:\/\/digitaltarget.com.tr\/en\/wp-json\/wp\/v2\/media?parent=17137"}],"wp:term":[{"taxonomy":"product_cat","embeddable":true,"href":"https:\/\/digitaltarget.com.tr\/en\/wp-json\/wp\/v2\/product_cat?post=17137"},{"taxonomy":"product_tag","embeddable":true,"href":"https:\/\/digitaltarget.com.tr\/en\/wp-json\/wp\/v2\/product_tag?post=17137"}],"curies":[{"name":"wp","href":"https:\/\/api.w.org\/{rel}","templated":true}]}}