{"id":17411,"date":"2023-11-15T08:52:30","date_gmt":"2023-11-15T08:52:30","guid":{"rendered":"https:\/\/digitaltarget.com.tr\/?post_type=product&#038;p=17411"},"modified":"2024-08-02T11:43:12","modified_gmt":"2024-08-02T11:43:12","slug":"speedybee-f405-wing-flight-controller","status":"publish","type":"product","link":"https:\/\/digitaltarget.com.tr\/en\/product\/speedybee-f405-wing-flight-controller\/","title":{"rendered":"SpeedyBee F405 WING Flight Controller"},"content":{"rendered":"<h2>Product Name: SpeedyBee F405 WING FC Card<\/h2>\n<ul>\n<li>Wireless Configuration<\/li>\n<li>Easy installation, plug and play<\/li>\n<li>Dual software support for INAV and Ardupilot<\/li>\n<li>Supports Ardupilot's VTOL function<\/li>\n<li>F405 exposes all pins<\/li>\n<li>Multilayer board design for stable operation<\/li>\n<li>CRSF telemetry data displayed with Lua script<\/li>\n<li>4x LED strip connector for stylish lighting<\/li>\n<li>4 levels of battery life indicators<\/li>\n<li>3 Integrated current sensor with BEC output<\/li>\n<li>Includes 90\u00b0 pin heads for installation height<\/li>\n<\/ul>\n<p><strong><span style=\"font-size: large;\">Fixed wing configuration has never been easier.<\/span> <\/strong><\/p>\n<p>It supports wireless configuration via Speedybee and QGroundcontrol applications, so no cumbersome drivers or data cables are required.<\/p>\n<p>Easy and practical configuration so you can enjoy your flight.<\/p>\n<p><strong><span style=\"font-size: large;\">Do I need detailed settings but mobile apps are not supported?<\/span> <\/strong><\/p>\n<p>Whether BLE, Wi-Fi or classic Bluetooth, there is always a connection method to suit your needs.<\/p>\n<p><strong><span style=\"font-size: large;\">Are you not good with soldering?<\/span> <\/strong><\/p>\n<p>Just plug everything in! Connect the digital VTX, receiver, camera, analog VTX and GPS to complete your quick installation.<\/p>\n<p>It also comes with 4x LED connectors to effortlessly illuminate your aircraft.<\/p>\n<p>Is soldering preferred? Flip the board and start working.<\/p>\n<p>'Digital VTX connector supports plug and play (DJI 03\/RunCam Link\/Caddx Vista\/Caddx WS Avatar\/DJI Air Unit V1)<\/p>\n<p>'JST-SH1.0 connectors are used on the front for general peripherals.<\/p>\n<p><strong><span style=\"font-size: large;\">Select the INAV\/Ardupilot dual software as desired.<\/span> <\/strong><\/p>\n<p>You can use INAV to easily manage FPV flight or Ardupilot for advanced features.<\/p>\n<p><span style=\"font-size: large;\"><strong>Stabilize your flight, auto takeoff, Wing Racing, Formation Flight...<\/strong> <\/span><\/p>\n<p>Whether you're a novice or an expert, this flight controller can make all your flying dreams come true.<\/p>\n<p><strong><span style=\"font-size: large;\">Full MCU pinout, no more interface selection issues.<\/span> <\/strong><\/p>\n<ul>\n<li>ELRS\/TBS receiver<\/li>\n<li>SBUS input or other peripherals<\/li>\n<li>GPS module<\/li>\n<li>Telemetry module or other peripherals<\/li>\n<li>Digital VTX or Analog VTX<\/li>\n<li>Integrated wireless controller<\/li>\n<li>6 UART ports for connecting various external modules, from GPS to Digital VTX.<\/li>\n<li>Up to 11 PWM outputs for motor and servo control.<\/li>\n<li>This flight controller is suitable for a variety of fixed-wing aircraft, from conventional regular aircraft to V-tail aircraft, flaperoned aircraft and VTOLs.<\/li>\n<\/ul>\n<table>\n<tbody>\n<tr>\n<th>Product Name<\/th>\n<td>SpeedyBee F405 WING FC Card<\/td>\n<\/tr>\n<tr>\n<th>MCU<\/th>\n<td>STM32F405, 168MHz, 1MB Flash<\/td>\n<\/tr>\n<tr>\n<th>IMU (Gyroscope &amp; Accelerometer)<\/th>\n<td>ICM-42688-P<\/td>\n<\/tr>\n<tr>\n<th>Barometer<\/th>\n<td>SPL006-001<\/td>\n<\/tr>\n<tr>\n<th>OSD Chip<\/th>\n<td>AT7456E<\/td>\n<\/tr>\n<tr>\n<th>Black Box<\/th>\n<td>MicroSD Card Slot<\/td>\n<\/tr>\n<tr>\n<th>UART<\/th>\n<td>6 sets (USART1, USART2, USART3, UART4, UART5, UART6 (reserved for cable connection))<\/td>\n<\/tr>\n<tr>\n<th>I2C<\/th>\n<td>The magnetometer is used for the digital air velocity sensor<\/td>\n<\/tr>\n<tr>\n<th>ADC<\/th>\n<td>4x (VBAT, Current, RSSI, Analog Air Velocity)<\/td>\n<\/tr>\n<tr>\n<th>PWM<\/th>\n<td>12x (11+ &#8220;LED&#8221; pad)<\/td>\n<\/tr>\n<tr>\n<th>ELRS\/CRSF Receiver<\/th>\n<td>Supported, connects to UART1<\/td>\n<\/tr>\n<tr>\n<th>SBUS<\/th>\n<td>Built-in inverter for SBUS input (UART2-RX)<\/td>\n<\/tr>\n<tr>\n<th>LED<\/th>\n<td>3x LEDs for FC Status (Blue, Green) and 3.3V indicator (Red), 1x RGB<\/td>\n<\/tr>\n<tr>\n<th>RSSI<\/th>\n<td>Supported, labeled as RS<\/td>\n<\/tr>\n<tr>\n<th>Supported, labeled as RS<\/th>\n<td>INAV: SpeedyBeeF405WING (varsay\u0131lan), ArduPilot: SpeedyBeeF405WING<\/td>\n<\/tr>\n<tr>\n<th>Weight<\/th>\n<td>8.9g<\/td>\n<\/tr>\n<\/tbody>\n<\/table>\n<p>&nbsp;<\/p>\n<table>\n<tbody>\n<tr>\n<th>Product Name<\/th>\n<td>SpeedyBee F405 WING PDB Kart\u0131<\/td>\n<\/tr>\n<tr>\n<th>Giri\u015f Voltaj\u0131 Aral\u0131\u011f\u0131<\/th>\n<td>7 ~ 36V (2 ~ 6S LiPo)<\/td>\n<\/tr>\n<tr>\n<th>Batarya Voltaj\u0131 Sens\u00f6r\u00fc<\/th>\n<td>FC kart\u0131na VBAT ba\u011flay\u0131n, 1K:10K (iNav&#8217;da 1100 olarak \u00f6l\u00e7\u00fcl\u00fcr, ArduPilot&#8217;ta BATT_VOLT_MULT 11.0 olarak ayarlan\u0131r)<\/td>\n<\/tr>\n<tr>\n<th>Batarya Ak\u0131m Sens\u00f6r\u00fc<\/th>\n<td>90A s\u00fcrekli, 215A pik ak\u0131m FC kart\u0131na ba\u011flan\u0131r (iNav&#8217;da 195 olarak \u00f6l\u00e7\u00fcl\u00fcr, ArduPilot&#8217;ta 50A\/V olarak ayarlan\u0131r)<\/td>\n<\/tr>\n<tr>\n<th>TVS Koruma Diyodu<\/th>\n<td>Yes<\/td>\n<\/tr>\n<tr>\n<th>FC BEC \u00c7\u0131k\u0131\u015f\u0131<\/th>\n<td>5.2V +\/- 0.1V DC, S\u00fcrekli ak\u0131m 2.4 Amper, 3A Pik, FC, Al\u0131c\u0131, GPS mod\u00fcl\u00fc, Hava h\u0131z\u0131 mod\u00fcl\u00fc, Telemetri mod\u00fcl\u00fc, WS2812 LED \u015feridi i\u00e7in tasarlanm\u0131\u015ft\u0131r<\/td>\n<\/tr>\n<tr>\n<th>VTX BEC \u00c7\u0131k\u0131\u015f\u0131<\/th>\n<td>9V +\/- 0.1V DC, S\u00fcrekli ak\u0131m 1.8 Amper, 2.3A Pik, Ayarlanabilir voltaj, Ana Video Verici, Dijital Video Verici, Kamera i\u00e7in tasarlanm\u0131\u015ft\u0131r<\/td>\n<\/tr>\n<tr>\n<th>Servo BEC \u00c7\u0131k\u0131\u015f\u0131<\/th>\n<td>4.9V +\/- 0.1V DC, S\u00fcrekli ak\u0131m 4.5 Amper, 5.5A Pik, Ayarlanabilir voltaj, 4.9V varsay\u0131lan servo i\u00e7in, jumper ile 6V veya 7.2V<\/td>\n<\/tr>\n<tr>\n<th>Weight<\/th>\n<td>11.4g<\/td>\n<\/tr>\n<\/tbody>\n<\/table>\n<p>&nbsp;<\/p>\n<table>\n<tbody>\n<tr>\n<th>Product Name<\/th>\n<td>SpeedyBee F405 WING Kablosuz Kart\u0131<\/td>\n<\/tr>\n<tr>\n<th>Kablosuz Konfig\u00fcrasyon (BLE modu)<\/th>\n<td>Speedybee Uygulamas\u0131na Ba\u011flan\u0131n<\/td>\n<\/tr>\n<tr>\n<th>Kablosuz Konfig\u00fcrasyon (Wi-Fi modu)<\/th>\n<td>QGroundControl Uygulamas\u0131na, Speedybee Uygulamas\u0131na, MissionPlanner vb. ba\u011flan\u0131n<\/td>\n<\/tr>\n<tr>\n<th>Kablosuz Konfig\u00fcrasyon (Bluetooth SPP modu)<\/th>\n<td>QGroundControl Uygulamas\u0131na, MissionPlanner&#8217;a ba\u011flan\u0131n<\/td>\n<\/tr>\n<tr>\n<th>LED \u015ferit kontrolc\u00fcs\u00fc<\/th>\n<td>4x WS2812 LED \u015ferit konekt\u00f6r\u00fc, ayarlanabilir renkler ve yanma modlar\u0131<\/td>\n<\/tr>\n<tr>\n<th>LED \u015ferit kontrolc\u00fcs\u00fc (Maksimum)<\/th>\n<td>Maksimum 5.2V 1.3A, yakla\u015f\u0131k 70 adet 5050 WS2812 LED taneciklerini destekler<\/td>\n<\/tr>\n<tr>\n<th>Kenarl\u0131k Batarya Seviyesi G\u00f6stergesi<\/th>\n<td>Batarya seviyesini g\u00f6stermek i\u00e7in 4x RGB g\u00f6sterge LED&#8217;leri<\/td>\n<\/tr>\n<tr>\n<th>Weight<\/th>\n<td>4.2g<\/td>\n<\/tr>\n<\/tbody>\n<\/table>","protected":false},"excerpt":{"rendered":"<p>\u00dcr\u00fcn Ad\u0131: SpeedyBee F405 WING FC Kart\u0131 Kablosuz Konfig\u00fcrasyon Kolay kurulum, tak ve \u00e7al\u0131\u015ft\u0131r INAV ve Ardupilot i\u00e7in \u00e7ift yaz\u0131l\u0131m<\/p>","protected":false},"featured_media":17412,"comment_status":"open","ping_status":"closed","template":"","meta":{"_monsterinsights_skip_tracking":false,"_monsterinsights_sitenote_active":false,"_monsterinsights_sitenote_note":"","_monsterinsights_sitenote_category":0},"product_cat":[355,358,444],"product_tag":[],"aioseo_notices":[],"jetpack_sharing_enabled":true,"_links":{"self":[{"href":"https:\/\/digitaltarget.com.tr\/en\/wp-json\/wp\/v2\/product\/17411"}],"collection":[{"href":"https:\/\/digitaltarget.com.tr\/en\/wp-json\/wp\/v2\/product"}],"about":[{"href":"https:\/\/digitaltarget.com.tr\/en\/wp-json\/wp\/v2\/types\/product"}],"replies":[{"embeddable":true,"href":"https:\/\/digitaltarget.com.tr\/en\/wp-json\/wp\/v2\/comments?post=17411"}],"version-history":[{"count":3,"href":"https:\/\/digitaltarget.com.tr\/en\/wp-json\/wp\/v2\/product\/17411\/revisions"}],"predecessor-version":[{"id":19158,"href":"https:\/\/digitaltarget.com.tr\/en\/wp-json\/wp\/v2\/product\/17411\/revisions\/19158"}],"wp:featuredmedia":[{"embeddable":true,"href":"https:\/\/digitaltarget.com.tr\/en\/wp-json\/wp\/v2\/media\/17412"}],"wp:attachment":[{"href":"https:\/\/digitaltarget.com.tr\/en\/wp-json\/wp\/v2\/media?parent=17411"}],"wp:term":[{"taxonomy":"product_cat","embeddable":true,"href":"https:\/\/digitaltarget.com.tr\/en\/wp-json\/wp\/v2\/product_cat?post=17411"},{"taxonomy":"product_tag","embeddable":true,"href":"https:\/\/digitaltarget.com.tr\/en\/wp-json\/wp\/v2\/product_tag?post=17411"}],"curies":[{"name":"wp","href":"https:\/\/api.w.org\/{rel}","templated":true}]}}