{"id":17418,"date":"2023-11-15T09:21:53","date_gmt":"2023-11-15T09:21:53","guid":{"rendered":"https:\/\/digitaltarget.com.tr\/?post_type=product&#038;p=17418"},"modified":"2026-05-03T02:37:11","modified_gmt":"2026-05-03T02:37:11","slug":"flame-60a-12s-multi-rotor-drone-esc-6-12s-battery","status":"publish","type":"product","link":"https:\/\/digitaltarget.com.tr\/en\/product\/flame-60a-12s-multi-rotor-drone-esc-6-12s-battery\/","title":{"rendered":"FLAME 60A 12S Multi-Rotor UAV ESC 6-12S"},"content":{"rendered":"<div>\n<h2><strong>FLAME 60A 12S Multi-Rotor Drone ESC 6-12S batarya<\/strong><\/h2>\n<p class=\" translation-block\">- <strong>LiPo: 6-12S<\/strong><br><strong>- Layered structure<\/strong><br><strong>- Efficient and reasonable heat dissipation<\/strong><\/p>\n<p><span class=\"size\" style=\"font-size: large;\"><br \/>\n<b>This ESC is specifically designed for multi-rotor vehicles.<\/b><\/span><\/p>\n<\/div>\n<div class=\" translation-block\"><span class=\"size\" style=\"font-size: large\"><br>\n<\/span><span class=\"size\" style=\"font-size: large\"><b>Start Protection:<\/b><br><\/span>If the engine fails to start normally, the ESC increases the throttle and shuts off the engine within 2 seconds. In this case, you must pull the throttle lever of the transmitter to the lowest position and restart the engine. (Possible causes: Poor or intermittent connection between ESC and engine cables; jammed propellers, etc.).<\/div>\n<div><\/div>\n<div class=\" translation-block\"><span class=\"size\" style=\"font-size: large\"><br><b>Signal Loss Protection:<\/b><br><\/span>When <span class=\"size\" style=\"font-size: large\">the<\/span>ESC detects a loss of signal for more than 0.25 seconds, it immediately cuts off the output, ensuring that larger losses by continuously rotating propellers or rotor blades are avoided. ESC restarts the corresponding output when normal signals are received.<\/div>\n<div><\/div>\n<div class=\" translation-block\"><span class=\"size\" style=\"font-size: large\"><br><b>Engine Lockup Protection:<\/b><br><\/span>When the ESC detects engine lockup, it will attempt to restart the engine (three times); if unsuccessful, it will cut output and stop the retry process. To restart the ESC and resume output, you must pull the throttle lever to the lowest position and then restart.<\/div>\n<div><\/div>\n<div class=\" translation-block\"><span class=\"size\" style=\"font-size: large\"><br><b>Overload Protection:<\/b><br><\/span>When the peak current approaches 340A (short circuit current), the ESC immediately cuts its output. To regain normal operation, you must turn the power supply off and on again.<\/div>\n<div><\/div>\n<div>- Completely closed<\/div>\n<div>- Excellent water resistance<\/div>\n<div>- More stable performance, safer use<\/div>\n<div><\/div>\n<div><\/div>","protected":false},"excerpt":{"rendered":"<p>FLAME 60A 12S Multi-Rotor Drone ESC 6-12S batarya \u2022 LiPo: 6-12S \u2022 Katmanl\u0131 yap\u0131 \u2022 Verimli ve makul \u0131s\u0131 da\u011f\u0131t\u0131m\u0131<\/p>","protected":false},"featured_media":17420,"comment_status":"open","ping_status":"closed","template":"","meta":{"_monsterinsights_skip_tracking":false,"_monsterinsights_sitenote_active":false,"_monsterinsights_sitenote_note":"","_monsterinsights_sitenote_category":0},"product_cat":[444],"product_tag":[],"aioseo_notices":[],"jetpack_sharing_enabled":true,"_links":{"self":[{"href":"https:\/\/digitaltarget.com.tr\/en\/wp-json\/wp\/v2\/product\/17418"}],"collection":[{"href":"https:\/\/digitaltarget.com.tr\/en\/wp-json\/wp\/v2\/product"}],"about":[{"href":"https:\/\/digitaltarget.com.tr\/en\/wp-json\/wp\/v2\/types\/product"}],"replies":[{"embeddable":true,"href":"https:\/\/digitaltarget.com.tr\/en\/wp-json\/wp\/v2\/comments?post=17418"}],"version-history":[{"count":4,"href":"https:\/\/digitaltarget.com.tr\/en\/wp-json\/wp\/v2\/product\/17418\/revisions"}],"predecessor-version":[{"id":18976,"href":"https:\/\/digitaltarget.com.tr\/en\/wp-json\/wp\/v2\/product\/17418\/revisions\/18976"}],"wp:featuredmedia":[{"embeddable":true,"href":"https:\/\/digitaltarget.com.tr\/en\/wp-json\/wp\/v2\/media\/17420"}],"wp:attachment":[{"href":"https:\/\/digitaltarget.com.tr\/en\/wp-json\/wp\/v2\/media?parent=17418"}],"wp:term":[{"taxonomy":"product_cat","embeddable":true,"href":"https:\/\/digitaltarget.com.tr\/en\/wp-json\/wp\/v2\/product_cat?post=17418"},{"taxonomy":"product_tag","embeddable":true,"href":"https:\/\/digitaltarget.com.tr\/en\/wp-json\/wp\/v2\/product_tag?post=17418"}],"curies":[{"name":"wp","href":"https:\/\/api.w.org\/{rel}","templated":true}]}}