{"id":17427,"date":"2023-11-15T09:32:30","date_gmt":"2023-11-15T09:32:30","guid":{"rendered":"https:\/\/digitaltarget.com.tr\/?post_type=product&#038;p=17427"},"modified":"2024-10-31T11:04:26","modified_gmt":"2024-10-31T11:04:26","slug":"t-motor-flame-80a-12s-v2-0-esc","status":"publish","type":"product","link":"https:\/\/digitaltarget.com.tr\/en\/product\/t-motor-flame-80a-12s-v2-0-esc\/","title":{"rendered":"T-MOTOR FLAME 80A 12S V2.0 ESC"},"content":{"rendered":"<div><span class=\"size\" style=\"font-size: large;\"><br \/>\n<b>This ESC is specifically designed for multi-rotor vehicles.<\/b><br \/>\n<\/span><\/p>\n<div class=\" translation-block\"><span class=\"size\" style=\"font-size: large\"><br>\n<\/span><span class=\"size\" style=\"font-size: large\"><b>Start Protection:<\/b><br><\/span>If the engine fails to start normally, the ESC increases the throttle and shuts off the engine within 2 seconds. In this case, you must pull the throttle lever of the transmitter to the lowest position and restart the engine. (Possible causes: Poor or intermittent connection between ESC and engine cables; jammed propellers, etc.).<\/div>\n<div><\/div>\n<div class=\" translation-block\"><span class=\"size\" style=\"font-size: large\"><br><b>Signal Loss Protection:<\/b><br><\/span>When <span class=\"size\" style=\"font-size: large\">the<\/span>ESC detects a loss of signal for more than 0.25 seconds, it immediately cuts off the output, ensuring that larger losses by continuously rotating propellers or rotor blades are avoided. ESC restarts the corresponding output when normal signals are received.<\/div>\n<div><\/div>\n<div class=\" translation-block\"><span class=\"size\" style=\"font-size: large\"><br><b>Engine Lockup Protection:<\/b><br><\/span>When the ESC detects engine lockup, it will attempt to restart the engine (three times); if unsuccessful, it will cut output and stop the retry process. To restart the ESC and resume output, you must pull the throttle lever to the lowest position and then restart.<\/div>\n<div><\/div>\n<div class=\" translation-block\"><span class=\"size\" style=\"font-size: large\"><br><b>Overload Protection:<\/b><br><\/span>When the peak current approaches 340A (short circuit current), the ESC immediately cuts its output. To regain normal operation, you must turn the power supply off and on again.<\/div>\n<div><\/div>\n<div>- Completely closed<\/div>\n<div>- Excellent water resistance<\/div>\n<div>- More stable performance, safer use<\/div>\n<div><\/div>\n<div><\/div>\n<\/div>","protected":false},"excerpt":{"rendered":"<p>Bu ESC, \u00f6zellikle \u00e7ok rotorlu ara\u00e7lar i\u00e7in tasarlanm\u0131\u015ft\u0131r. Ba\u015flatma Korumas\u0131: Motor normal \u015fekilde ba\u015flayamazsa, ESC gaz de\u011ferini art\u0131r\u0131r ve motoru<\/p>","protected":false},"featured_media":17428,"comment_status":"open","ping_status":"closed","template":"","meta":{"_monsterinsights_skip_tracking":false,"_monsterinsights_sitenote_active":false,"_monsterinsights_sitenote_note":"","_monsterinsights_sitenote_category":0},"product_cat":[444],"product_tag":[],"aioseo_notices":[],"jetpack_sharing_enabled":true,"_links":{"self":[{"href":"https:\/\/digitaltarget.com.tr\/en\/wp-json\/wp\/v2\/product\/17427"}],"collection":[{"href":"https:\/\/digitaltarget.com.tr\/en\/wp-json\/wp\/v2\/product"}],"about":[{"href":"https:\/\/digitaltarget.com.tr\/en\/wp-json\/wp\/v2\/types\/product"}],"replies":[{"embeddable":true,"href":"https:\/\/digitaltarget.com.tr\/en\/wp-json\/wp\/v2\/comments?post=17427"}],"version-history":[{"count":3,"href":"https:\/\/digitaltarget.com.tr\/en\/wp-json\/wp\/v2\/product\/17427\/revisions"}],"predecessor-version":[{"id":18974,"href":"https:\/\/digitaltarget.com.tr\/en\/wp-json\/wp\/v2\/product\/17427\/revisions\/18974"}],"wp:featuredmedia":[{"embeddable":true,"href":"https:\/\/digitaltarget.com.tr\/en\/wp-json\/wp\/v2\/media\/17428"}],"wp:attachment":[{"href":"https:\/\/digitaltarget.com.tr\/en\/wp-json\/wp\/v2\/media?parent=17427"}],"wp:term":[{"taxonomy":"product_cat","embeddable":true,"href":"https:\/\/digitaltarget.com.tr\/en\/wp-json\/wp\/v2\/product_cat?post=17427"},{"taxonomy":"product_tag","embeddable":true,"href":"https:\/\/digitaltarget.com.tr\/en\/wp-json\/wp\/v2\/product_tag?post=17427"}],"curies":[{"name":"wp","href":"https:\/\/api.w.org\/{rel}","templated":true}]}}