{"id":17434,"date":"2023-11-15T09:57:10","date_gmt":"2023-11-15T09:57:10","guid":{"rendered":"https:\/\/digitaltarget.com.tr\/?post_type=product&#038;p=17434"},"modified":"2025-07-24T04:07:41","modified_gmt":"2025-07-24T04:07:41","slug":"hobbywing-flyfun-160a-v5-6-14s-lipo-brushless-esc","status":"publish","type":"product","link":"https:\/\/digitaltarget.com.tr\/en\/product\/hobbywing-flyfun-160a-v5-6-14s-lipo-brushless-esc\/","title":{"rendered":"Hobbywing Flyfun 160A V5 6-14S Lipo Brushless Esc"},"content":{"rendered":"<h2><strong>Hobbywing FlyFun-160A-HV-OPTO V5:<\/strong><\/h2>\n<p><strong>Current: <\/strong>160A<\/p>\n<p><strong>Continuous Current:<\/strong> 200A<\/p>\n<p class=\" translation-block\"><strong>Operating Power:<\/strong> 6-14S LiPo battery<\/p>\n<p class=\" translation-block\"><strong>Dimensions: <\/strong>110*50.3*33.2mm<\/p>\n<p><strong>Weight: <\/strong>221.5g<\/p>\n<p class=\" translation-block\"><strong>BEC:<\/strong> No<\/p>\n<p class=\" translation-block\"><strong>Programming Board: <\/strong>LED digital tube programming board. Or remote control settings.<\/p>\n<h2><strong>Specifications:<\/strong><\/h2>\n<p>- More linear throttle response, lower temperature, longer flight time<\/p>\n<p>- It uses Synchronized Correction Efficiency Optimization (DEO) to improve efficiency;<\/p>\n<p>- It brings faster and more linear throttle response, improves flight stability and flexibility, and provides lower temperature rise;<\/p>\n<p>- Electricity transfer runs more reliably; higher drive efficiency, longer life.<\/p>\n<p>- Slow start technology, harmonized channel mix motor, reverse thrust function;<\/p>\n<p>- It adds more fun like a real fixed-wing flight;<\/p>\n<p>- New design of multi-file slow start function, more suitable for different sizes, while adapting to general propeller aircraft;<\/p>\n<p>- Ducted aircraft with reverse thrust function (with anti-braking function on take-off), the aircraft can land with the brakes on;<\/p>\n<p>- In addition to reducing the taxiing distance of ordinary aircraft, it can effectively simulate the ultra-short distance landing mode of real aircraft;<\/p>\n<p>- Brake, proportional brake, three brake modes, brake resistance adjustable in ordinary brake mode;<\/p>\n<p>- In vehicle mode, the brake force is automatically distributed by the throttle lever.<\/p>","protected":false},"excerpt":{"rendered":"<p>Hobbywing FlyFun-160A-HV-OPTO V5: Ak\u0131m: 160A S\u00fcrekli Ak\u0131m: 200A \u00c7al\u0131\u015fma G\u00fcc\u00fc: 6-14S LiPo batarya Boyut: 110*50.3*33.2mm A\u011f\u0131rl\u0131k: 221.5g BEC: Yok Programlama<\/p>","protected":false},"featured_media":17435,"comment_status":"open","ping_status":"closed","template":"","meta":{"_monsterinsights_skip_tracking":false,"_monsterinsights_sitenote_active":false,"_monsterinsights_sitenote_note":"","_monsterinsights_sitenote_category":0},"product_cat":[444],"product_tag":[],"aioseo_notices":[],"jetpack_sharing_enabled":true,"_links":{"self":[{"href":"https:\/\/digitaltarget.com.tr\/en\/wp-json\/wp\/v2\/product\/17434"}],"collection":[{"href":"https:\/\/digitaltarget.com.tr\/en\/wp-json\/wp\/v2\/product"}],"about":[{"href":"https:\/\/digitaltarget.com.tr\/en\/wp-json\/wp\/v2\/types\/product"}],"replies":[{"embeddable":true,"href":"https:\/\/digitaltarget.com.tr\/en\/wp-json\/wp\/v2\/comments?post=17434"}],"version-history":[{"count":3,"href":"https:\/\/digitaltarget.com.tr\/en\/wp-json\/wp\/v2\/product\/17434\/revisions"}],"predecessor-version":[{"id":18972,"href":"https:\/\/digitaltarget.com.tr\/en\/wp-json\/wp\/v2\/product\/17434\/revisions\/18972"}],"wp:featuredmedia":[{"embeddable":true,"href":"https:\/\/digitaltarget.com.tr\/en\/wp-json\/wp\/v2\/media\/17435"}],"wp:attachment":[{"href":"https:\/\/digitaltarget.com.tr\/en\/wp-json\/wp\/v2\/media?parent=17434"}],"wp:term":[{"taxonomy":"product_cat","embeddable":true,"href":"https:\/\/digitaltarget.com.tr\/en\/wp-json\/wp\/v2\/product_cat?post=17434"},{"taxonomy":"product_tag","embeddable":true,"href":"https:\/\/digitaltarget.com.tr\/en\/wp-json\/wp\/v2\/product_tag?post=17434"}],"curies":[{"name":"wp","href":"https:\/\/api.w.org\/{rel}","templated":true}]}}