{"id":17439,"date":"2023-11-15T10:15:23","date_gmt":"2023-11-15T10:15:23","guid":{"rendered":"https:\/\/digitaltarget.com.tr\/?post_type=product&#038;p=17439"},"modified":"2024-08-02T11:38:45","modified_gmt":"2024-08-02T11:38:45","slug":"3-axis-storm32-bgc-lightweight-brushless-gimbal","status":"publish","type":"product","link":"https:\/\/digitaltarget.com.tr\/en\/product\/3-axis-storm32-bgc-lightweight-brushless-gimbal\/","title":{"rendered":"3-Axis Storm32 BGC Lightweight Brushless Gimbal"},"content":{"rendered":"<div><span class=\"size\" style=\"font-size: large;\"><br \/>\n<b>Storm32 Brushless Lightweight Gimbal FPV Accessories For Gopro3<\/b><br \/>\n<\/span><\/div>\n<div>\n<p class=\" translation-block\"><b>Type:<\/b> FPV Accessories<\/p>\n<p class=\" translation-block\"><b>Product Name:<\/b> Storm32 3-axis Brushless Gimbal<\/p>\n<p class=\" translation-block\"><b>Compatible:<\/b> Gopro 3 Gopro 4<\/p>\n<p class=\" translation-block\"><strong>Color:<\/strong> Black<\/p>\n<p class=\" translation-block\"><b>Input Voltage:<\/b> 3-4S (11.1-16.8 V)<\/p>\n<p class=\" translation-block\"><b>Package:<\/b> 1\u00d73-axis Brushless Gimbal<\/p>\n<p class=\" translation-block\"><b>FPV Equipment:<\/b> Gimbal<\/p>\n<p class=\" translation-block\"><b>Gimbal Camera:<\/b> Brushless Gimbal<\/p>\n<p class=\" translation-block\"><b>Package Weight:<\/b> 0.304kg<\/p>\n<p class=\" translation-block\"><b>Package Size (L x W x H):<\/b> 13.00\u00d713.00\u00d713.00\u00d713.00 cm \/ 5.12\u00d75.12\u00d75.12\u00d75.12 inch<\/p>\n<p class=\" translation-block\"><b>Package Includes<\/b>: 1\u00d73-axis Brushless Gimbal<\/p>\n<\/div>","protected":false},"excerpt":{"rendered":"<p>Storm32 F\u0131r\u00e7as\u0131z Hafif Gimbal Gopro3 \u0130\u00e7in FPV Aksesuarlar\u0131 T\u00fcr: FPV Aksesuarlar\u0131 \u00dcr\u00fcn Ad\u0131: Storm32 3-eksenli F\u0131r\u00e7as\u0131z Gimbal Uyumlu: Gopro3 Gopro4<\/p>","protected":false},"featured_media":17440,"comment_status":"open","ping_status":"closed","template":"","meta":{"_monsterinsights_skip_tracking":false,"_monsterinsights_sitenote_active":false,"_monsterinsights_sitenote_note":"","_monsterinsights_sitenote_category":0},"product_cat":[308,428,383],"product_tag":[],"aioseo_notices":[],"jetpack_sharing_enabled":true,"_links":{"self":[{"href":"https:\/\/digitaltarget.com.tr\/en\/wp-json\/wp\/v2\/product\/17439"}],"collection":[{"href":"https:\/\/digitaltarget.com.tr\/en\/wp-json\/wp\/v2\/product"}],"about":[{"href":"https:\/\/digitaltarget.com.tr\/en\/wp-json\/wp\/v2\/types\/product"}],"replies":[{"embeddable":true,"href":"https:\/\/digitaltarget.com.tr\/en\/wp-json\/wp\/v2\/comments?post=17439"}],"version-history":[{"count":4,"href":"https:\/\/digitaltarget.com.tr\/en\/wp-json\/wp\/v2\/product\/17439\/revisions"}],"predecessor-version":[{"id":19156,"href":"https:\/\/digitaltarget.com.tr\/en\/wp-json\/wp\/v2\/product\/17439\/revisions\/19156"}],"wp:featuredmedia":[{"embeddable":true,"href":"https:\/\/digitaltarget.com.tr\/en\/wp-json\/wp\/v2\/media\/17440"}],"wp:attachment":[{"href":"https:\/\/digitaltarget.com.tr\/en\/wp-json\/wp\/v2\/media?parent=17439"}],"wp:term":[{"taxonomy":"product_cat","embeddable":true,"href":"https:\/\/digitaltarget.com.tr\/en\/wp-json\/wp\/v2\/product_cat?post=17439"},{"taxonomy":"product_tag","embeddable":true,"href":"https:\/\/digitaltarget.com.tr\/en\/wp-json\/wp\/v2\/product_tag?post=17439"}],"curies":[{"name":"wp","href":"https:\/\/api.w.org\/{rel}","templated":true}]}}