{"id":17446,"date":"2023-11-15T10:57:51","date_gmt":"2023-11-15T10:57:51","guid":{"rendered":"https:\/\/digitaltarget.com.tr\/?post_type=product&#038;p=17446"},"modified":"2025-07-24T04:07:31","modified_gmt":"2025-07-24T04:07:31","slug":"gimbal-brushless-motor-with-as5048a-encoder-and-slip-ring","status":"publish","type":"product","link":"https:\/\/digitaltarget.com.tr\/en\/product\/gimbal-brushless-motor-with-as5048a-encoder-and-slip-ring\/","title":{"rendered":"AS5048A Gimbal Brushless Motor with Encoder and Slip Ring"},"content":{"rendered":"<table>\n<tbody>\n<tr>\n<th>Product Parameters<\/th>\n<th>Values<\/th>\n<\/tr>\n<tr>\n<td>MODEL<\/td>\n<td>GB4315<\/td>\n<\/tr>\n<tr>\n<td>Number of Turns (T)<\/td>\n<td>60<\/td>\n<\/tr>\n<tr>\n<td>Wire Diameter*Thread<\/td>\n<td>0.21<\/td>\n<\/tr>\n<tr>\n<td>Nominal Voltage (V)<\/td>\n<td>24<\/td>\n<\/tr>\n<tr>\n<td>Rated Current (A)<\/td>\n<td>0.92<\/td>\n<\/tr>\n<tr>\n<td>Nominal Torque (N\u00b7M)<\/td>\n<td>0.65<\/td>\n<\/tr>\n<tr>\n<td>Rated Speed (rpm)<\/td>\n<td>150<\/td>\n<\/tr>\n<tr>\n<td>Maximum Empty Load Speed (rpm)<\/td>\n<td>505<\/td>\n<\/tr>\n<tr>\n<td>Stalled Rotor Torque (N-M)<\/td>\n<td>0.8<\/td>\n<\/tr>\n<tr>\n<td>Locking Rotor Current (A)<\/td>\n<td>2.1<\/td>\n<\/tr>\n<tr>\n<td>Cabling<\/td>\n<td>VE<\/td>\n<\/tr>\n<tr>\n<td>Line Resistance (\u03a9)<\/td>\n<td>16.5<\/td>\n<\/tr>\n<tr>\n<td>Inductance Between Phases (mH)<\/td>\n<td>4.25<\/td>\n<\/tr>\n<tr>\n<td>Speed Constant (rpm\/V)<\/td>\n<td>20<\/td>\n<\/tr>\n<tr>\n<td>Torque Constant (N M\/A)<\/td>\n<td>0.45<\/td>\n<\/tr>\n<tr>\n<td>Rotor Moment of Inertia (gcm^2)<\/td>\n<td>268<\/td>\n<\/tr>\n<tr>\n<td>Number of Polar Pairs<\/td>\n<td>14<\/td>\n<\/tr>\n<tr>\n<td>Engine Weight (g)<\/td>\n<td>158<\/td>\n<\/tr>\n<tr>\n<td>Recommended Load for Motor (g)<\/td>\n<td>3000<\/td>\n<\/tr>\n<tr>\n<td>Operating Temperature Range (\u00b0C)<\/td>\n<td>-20-80<\/td>\n<\/tr>\n<tr>\n<td>Encoder type<\/td>\n<td>AS5048A\/ AS5600<\/td>\n<\/tr>\n<tr>\n<td>Encoder Sensitivity (Bit)<\/td>\n<td>14\/12<\/td>\n<\/tr>\n<tr>\n<td>Stator Dimensions (mm)<\/td>\n<td>43X15<\/td>\n<\/tr>\n<tr>\n<td>Configuration<\/td>\n<td>24N28P<\/td>\n<\/tr>\n<tr>\n<td>Encoder Connection Type<\/td>\n<td>Standart PWM Se\u00e7ene\u011fi SPI<\/td>\n<\/tr>\n<tr>\n<td>Slip Ring Size (mm)<\/td>\n<td>12.5<\/td>\n<\/tr>\n<\/tbody>\n<\/table>","protected":false},"excerpt":{"rendered":"<p>\u00dcr\u00fcn Parametreleri De\u011ferler MODEL GB4315 D\u00f6n\u00fc\u015f Say\u0131s\u0131 (T) 60 Tel \u00c7ap\u0131*\u0130plik 0.21 Nominal Gerilim (V) 24 Nominal Ak\u0131m (A) 0.92<\/p>","protected":false},"featured_media":17447,"comment_status":"open","ping_status":"closed","template":"","meta":{"_monsterinsights_skip_tracking":false,"_monsterinsights_sitenote_active":false,"_monsterinsights_sitenote_note":"","_monsterinsights_sitenote_category":0},"product_cat":[428,383],"product_tag":[],"aioseo_notices":[],"jetpack_sharing_enabled":true,"_links":{"self":[{"href":"https:\/\/digitaltarget.com.tr\/en\/wp-json\/wp\/v2\/product\/17446"}],"collection":[{"href":"https:\/\/digitaltarget.com.tr\/en\/wp-json\/wp\/v2\/product"}],"about":[{"href":"https:\/\/digitaltarget.com.tr\/en\/wp-json\/wp\/v2\/types\/product"}],"replies":[{"embeddable":true,"href":"https:\/\/digitaltarget.com.tr\/en\/wp-json\/wp\/v2\/comments?post=17446"}],"version-history":[{"count":4,"href":"https:\/\/digitaltarget.com.tr\/en\/wp-json\/wp\/v2\/product\/17446\/revisions"}],"predecessor-version":[{"id":18970,"href":"https:\/\/digitaltarget.com.tr\/en\/wp-json\/wp\/v2\/product\/17446\/revisions\/18970"}],"wp:featuredmedia":[{"embeddable":true,"href":"https:\/\/digitaltarget.com.tr\/en\/wp-json\/wp\/v2\/media\/17447"}],"wp:attachment":[{"href":"https:\/\/digitaltarget.com.tr\/en\/wp-json\/wp\/v2\/media?parent=17446"}],"wp:term":[{"taxonomy":"product_cat","embeddable":true,"href":"https:\/\/digitaltarget.com.tr\/en\/wp-json\/wp\/v2\/product_cat?post=17446"},{"taxonomy":"product_tag","embeddable":true,"href":"https:\/\/digitaltarget.com.tr\/en\/wp-json\/wp\/v2\/product_tag?post=17446"}],"curies":[{"name":"wp","href":"https:\/\/api.w.org\/{rel}","templated":true}]}}