{"id":17456,"date":"2023-11-15T11:25:18","date_gmt":"2023-11-15T11:25:18","guid":{"rendered":"https:\/\/digitaltarget.com.tr\/?post_type=product&#038;p=17456"},"modified":"2024-08-02T11:37:35","modified_gmt":"2024-08-02T11:37:35","slug":"rfd900a-pix-modem-ultra-long-range-40-km-radio-telemetry-set","status":"publish","type":"product","link":"https:\/\/digitaltarget.com.tr\/en\/product\/rfd900a-pix-modem-ultra-long-range-40-km-radio-telemetry-set\/","title":{"rendered":"RFD900A Pix Modem Ultra Long Range 40 Km Radio Telemetry Kit"},"content":{"rendered":"<h2>RFD900A Pix Modem Ultra Long Range 40 Km Radio Telemetry Kit For RC Drones Compatible With APM Pixhawk<\/h2>\n<p><strong><span style=\"color: #1b1919; font-size: 24px;\">Main features:<\/span><\/strong><\/p>\n<div>\n<p>Rfd. is a wireless data transmission module with a small footprint and excellent performance. Main features:<\/p>\n<ul>\n<li>Regardless of the radio design, each module is integrated with a USB serial port chip and the USB and UART interfaces switch automatically. USB takes priority.<\/li>\n<li>Operating frequency range: 902-928 MHz, ISM band.<\/li>\n<li>The transmitter circuit is designed with a low noise amplifier greater than 20dB and a low-pass filter unit is added.<\/li>\n<li>Adjustable transmit power, maximum 1W transmit power.<\/li>\n<li>The high-sensitivity LNA and saw circuits are located in front of the receiver circuit.<\/li>\n<li>The external communication distance can be up to 40 km or more (depending on antenna performance and communication speed requirements).<\/li>\n<li>The air data rate can be up to 250 kbps.<\/li>\n<li>Dual antenna interface supporting antenna diversity and different antenna configurations.<\/li>\n<li>Dual antenna interface supporting antenna diversity and different antenna configurations.<\/li>\n<li>The module has a temperature monitoring function and automatically adjusts the duty cycle according to the temperature to prevent overheating.<\/li>\n<li>Operating temperature: -40 to +85\u2103.<\/li>\n<li>Size: 33mm*53mm*9.5mm. Weight: 23g.<\/li>\n<li>Long range capabilities have been demonstrated in edge research labs on balloon (&gt;40km*80km), 57km in India, with dipole antennas.<\/li>\n<li>2 x RP-SMA RF connector, diversity modified.<\/li>\n<li>1 Watt (+30dBm) transmission power.<\/li>\n<li>Transmission low-pass filter.<\/li>\n<li>&gt;20dB low noise amplifier, high IP3.<\/li>\n<li>RX saw filter<\/li>\n<li>All I\/Os are ESD protected and filtered.<\/li>\n<li>Reimplemented SiK and multi-SiK software is easy to field update and configure.<\/li>\n<li>Compatible with 3DR \/ Hope-RF radio modules.<\/li>\n<\/ul>\n<h2>Interfaces<\/h2>\n<ul>\n<li>RF: 2 x RP-SMA connectors.<\/li>\n<li>Serial: TTL logic level (+3.3v).<\/li>\n<li>Power: +5v, ~max peak (at maximum transmit power).<\/li>\n<li>GPIO: 6 general purpose IOs (digital, ADC, PWM capable).<\/li>\n<\/ul>\n<h2>Software\/GCS Support<\/h2>\n<ul>\n<li>The software solution is an open source development called \"SiK\", adapted for the new processor architecture. A bootloader and interface for additional enhancements and field updates are available via serial port.<\/li>\n<li>Most parameters can be configured with AT commands, e.g. baud rate (air\/UART), frequency band, power levels.<\/li>\n<li>Integrated support for configuring RFD900 radios is supported by APM Planner.<\/li>\n<li>Default settings are 57600 baud, N, 8, 1 and 64k air data rate.<\/li>\n<\/ul>\n<\/div>","protected":false},"excerpt":{"rendered":"<p>RFD900A Pix Modem Ultra Uzun Menzilli 40 Km Radyo Telemetri Seti, APM Pixhawk ile Uyumlu RC Dronlar \u0130\u00e7in Ana \u00d6zellikler:<\/p>","protected":false},"featured_media":17460,"comment_status":"open","ping_status":"closed","template":"","meta":{"_monsterinsights_skip_tracking":false,"_monsterinsights_sitenote_active":false,"_monsterinsights_sitenote_note":"","_monsterinsights_sitenote_category":0},"product_cat":[431,355,358,385],"product_tag":[],"aioseo_notices":[],"jetpack_sharing_enabled":true,"_links":{"self":[{"href":"https:\/\/digitaltarget.com.tr\/en\/wp-json\/wp\/v2\/product\/17456"}],"collection":[{"href":"https:\/\/digitaltarget.com.tr\/en\/wp-json\/wp\/v2\/product"}],"about":[{"href":"https:\/\/digitaltarget.com.tr\/en\/wp-json\/wp\/v2\/types\/product"}],"replies":[{"embeddable":true,"href":"https:\/\/digitaltarget.com.tr\/en\/wp-json\/wp\/v2\/comments?post=17456"}],"version-history":[{"count":3,"href":"https:\/\/digitaltarget.com.tr\/en\/wp-json\/wp\/v2\/product\/17456\/revisions"}],"predecessor-version":[{"id":19154,"href":"https:\/\/digitaltarget.com.tr\/en\/wp-json\/wp\/v2\/product\/17456\/revisions\/19154"}],"wp:featuredmedia":[{"embeddable":true,"href":"https:\/\/digitaltarget.com.tr\/en\/wp-json\/wp\/v2\/media\/17460"}],"wp:attachment":[{"href":"https:\/\/digitaltarget.com.tr\/en\/wp-json\/wp\/v2\/media?parent=17456"}],"wp:term":[{"taxonomy":"product_cat","embeddable":true,"href":"https:\/\/digitaltarget.com.tr\/en\/wp-json\/wp\/v2\/product_cat?post=17456"},{"taxonomy":"product_tag","embeddable":true,"href":"https:\/\/digitaltarget.com.tr\/en\/wp-json\/wp\/v2\/product_tag?post=17456"}],"curies":[{"name":"wp","href":"https:\/\/api.w.org\/{rel}","templated":true}]}}