{"id":17462,"date":"2023-11-15T11:37:13","date_gmt":"2023-11-15T11:37:13","guid":{"rendered":"https:\/\/digitaltarget.com.tr\/?post_type=product&#038;p=17462"},"modified":"2024-08-02T11:27:10","modified_gmt":"2024-08-02T11:27:10","slug":"omnibus-f4-nano-v6-with-lc-filter","status":"publish","type":"product","link":"https:\/\/digitaltarget.com.tr\/en\/product\/omnibus-f4-nano-v6-with-lc-filter\/","title":{"rendered":"OMNIBUS F4 Nano v6 LC filters"},"content":{"rendered":"<p><strong><span style=\"color: #1b1919; font-size: 28px;\">OMNIBUS F4 Nano V6<\/span><\/strong><\/p>\n<ul>\n<li>5x UART port<\/li>\n<li>ESC telemetry support via 4in1 socket<\/li>\n<li>5V 2A BEC<\/li>\n<li>2-6S power input<\/li>\n<li class=\" translation-block\">Software: Please use Fireworks v2, but set <code>gyro_to_use = SECOND<\/code> in the CLI.<\/li>\n<\/ul>\n<h2>Specifications:<\/h2>\n<ul>\n<li class=\" translation-block\">2-6S direct input (an adapter can be used to feed the Wave 4in1 ESC and connect ESC signals;<br>is for Wave 2-4S)<\/li>\n<li>MPU6000 gyro linked with SPI for low noise, clean, high frequency gyro sampling<\/li>\n<li>BMP280 Barometer with altitude hold function enabled<\/li>\n<li>Betaflight OSD<\/li>\n<li>High voltage sensor<\/li>\n<li>5V regulator board with components up to 2A (maximum 1A is recommended to avoid heating)=]\\<\/li>\n<li>Integrated L-C filter for clean power health<\/li>\n<li>STM32 F405 MCU running Betaflight 3.2<\/li>\n<li>STM32 F405 MCU running Betaflight 3.2<\/li>\n<li>JST-SH 1.0 8-pin connector for 4 motor outputs, connected to Airbot Wave 4in1 ESC (Optional 8-pin 4in1 Cable)<\/li>\n<li>25x25mm (20x20mm M3 mounting holes)<\/li>\n<\/ul>\n<h2>Package Content:<\/h2>\n<ul>\n<li>1x Flight Controller (FC)<\/li>\n<\/ul>","protected":false},"excerpt":{"rendered":"<p>OMNIBUS F4 Nano V6 5x UART portu 4in1 soketi arac\u0131l\u0131\u011f\u0131yla ESC telemetri deste\u011fi 5V 2A BEC 2-6S g\u00fc\u00e7 giri\u015fi Yaz\u0131l\u0131m:<\/p>","protected":false},"featured_media":17465,"comment_status":"open","ping_status":"closed","template":"","meta":{"_monsterinsights_skip_tracking":false,"_monsterinsights_sitenote_active":false,"_monsterinsights_sitenote_note":"","_monsterinsights_sitenote_category":0},"product_cat":[355,358],"product_tag":[],"aioseo_notices":[],"jetpack_sharing_enabled":true,"_links":{"self":[{"href":"https:\/\/digitaltarget.com.tr\/en\/wp-json\/wp\/v2\/product\/17462"}],"collection":[{"href":"https:\/\/digitaltarget.com.tr\/en\/wp-json\/wp\/v2\/product"}],"about":[{"href":"https:\/\/digitaltarget.com.tr\/en\/wp-json\/wp\/v2\/types\/product"}],"replies":[{"embeddable":true,"href":"https:\/\/digitaltarget.com.tr\/en\/wp-json\/wp\/v2\/comments?post=17462"}],"version-history":[{"count":3,"href":"https:\/\/digitaltarget.com.tr\/en\/wp-json\/wp\/v2\/product\/17462\/revisions"}],"predecessor-version":[{"id":19151,"href":"https:\/\/digitaltarget.com.tr\/en\/wp-json\/wp\/v2\/product\/17462\/revisions\/19151"}],"wp:featuredmedia":[{"embeddable":true,"href":"https:\/\/digitaltarget.com.tr\/en\/wp-json\/wp\/v2\/media\/17465"}],"wp:attachment":[{"href":"https:\/\/digitaltarget.com.tr\/en\/wp-json\/wp\/v2\/media?parent=17462"}],"wp:term":[{"taxonomy":"product_cat","embeddable":true,"href":"https:\/\/digitaltarget.com.tr\/en\/wp-json\/wp\/v2\/product_cat?post=17462"},{"taxonomy":"product_tag","embeddable":true,"href":"https:\/\/digitaltarget.com.tr\/en\/wp-json\/wp\/v2\/product_tag?post=17462"}],"curies":[{"name":"wp","href":"https:\/\/api.w.org\/{rel}","templated":true}]}}