{"id":17468,"date":"2023-11-15T11:46:24","date_gmt":"2023-11-15T11:46:24","guid":{"rendered":"https:\/\/digitaltarget.com.tr\/?post_type=product&#038;p=17468"},"modified":"2024-08-02T11:24:11","modified_gmt":"2024-08-02T11:24:11","slug":"12-channel-micro-rotary-cable-joint-flanged-2a-12-5mm-15-5mm","status":"publish","type":"product","link":"https:\/\/digitaltarget.com.tr\/en\/product\/12-channel-micro-rotary-cable-joint-flanged-2a-12-5mm-15-5mm\/","title":{"rendered":"12 Channel Micro Slip Ring Connection Flanged 2A 12.5 mm\/15.5 mm"},"content":{"rendered":"<p><strong><span style=\"color: #1b1919; font-size: 28px;\">12-Channel Micro Slip Ring Flanged 2A 12.5mm\/15.5mm<\/span><\/strong><\/p>\n<p><strong>Specifications:<\/strong><\/p>\n<ul>\n<li>Rotation Speed: Up to 250 revolutions per minute<\/li>\n<li>Number of Channels: 2\/4\/6\/6\/8\/8\/12\/12\/24 Channels (optional) \/ 2A<\/li>\n<li>Current: 1.5 to 2A per channel<\/li>\n<li>Diameter: 12.5mm (15.5mm for 24 channels)<\/li>\n<li>Total Length: 21.6mm<\/li>\n<li>Nominal Voltage: 0 to 240V<\/li>\n<li>Operating Temperature: -40\u00b0C to +80\u00b0C<\/li>\n<li>Contact Material: Gold\/Gold<\/li>\n<li>Cable Length: 250mm<\/li>\n<li>Dielectric Strength: Up to 500V at 50Hz between two channels<\/li>\n<li>Case Materials: Engineering Plastic<\/li>\n<li>Service Life: 5 million cycles or more, depending on speed and environment<\/li>\n<\/ul>","protected":false},"excerpt":{"rendered":"<p>12-Kanal Mikro Kayd\u0131rma Halkas\u0131 Flan\u015fl\u0131 2A 12.5mm\/15.5mm \u00d6zellikler: D\u00f6n\u00fc\u015f H\u0131z\u0131: Dakikada 250 devir&#8217;e kadar Kanal Say\u0131s\u0131: 2\/4\/6\/8\/12\/24 Kanal (iste\u011fe ba\u011fl\u0131)<\/p>","protected":false},"featured_media":17469,"comment_status":"open","ping_status":"closed","template":"","meta":{"_monsterinsights_skip_tracking":false,"_monsterinsights_sitenote_active":false,"_monsterinsights_sitenote_note":"","_monsterinsights_sitenote_category":0},"product_cat":[431,443],"product_tag":[],"aioseo_notices":[],"jetpack_sharing_enabled":true,"_links":{"self":[{"href":"https:\/\/digitaltarget.com.tr\/en\/wp-json\/wp\/v2\/product\/17468"}],"collection":[{"href":"https:\/\/digitaltarget.com.tr\/en\/wp-json\/wp\/v2\/product"}],"about":[{"href":"https:\/\/digitaltarget.com.tr\/en\/wp-json\/wp\/v2\/types\/product"}],"replies":[{"embeddable":true,"href":"https:\/\/digitaltarget.com.tr\/en\/wp-json\/wp\/v2\/comments?post=17468"}],"version-history":[{"count":4,"href":"https:\/\/digitaltarget.com.tr\/en\/wp-json\/wp\/v2\/product\/17468\/revisions"}],"predecessor-version":[{"id":19150,"href":"https:\/\/digitaltarget.com.tr\/en\/wp-json\/wp\/v2\/product\/17468\/revisions\/19150"}],"wp:featuredmedia":[{"embeddable":true,"href":"https:\/\/digitaltarget.com.tr\/en\/wp-json\/wp\/v2\/media\/17469"}],"wp:attachment":[{"href":"https:\/\/digitaltarget.com.tr\/en\/wp-json\/wp\/v2\/media?parent=17468"}],"wp:term":[{"taxonomy":"product_cat","embeddable":true,"href":"https:\/\/digitaltarget.com.tr\/en\/wp-json\/wp\/v2\/product_cat?post=17468"},{"taxonomy":"product_tag","embeddable":true,"href":"https:\/\/digitaltarget.com.tr\/en\/wp-json\/wp\/v2\/product_tag?post=17468"}],"curies":[{"name":"wp","href":"https:\/\/api.w.org\/{rel}","templated":true}]}}