{"id":17475,"date":"2023-11-15T12:57:55","date_gmt":"2023-11-15T12:57:55","guid":{"rendered":"https:\/\/digitaltarget.com.tr\/?post_type=product&#038;p=17475"},"modified":"2025-07-24T04:07:10","modified_gmt":"2025-07-24T04:07:10","slug":"cuav-pixhack-v5-compatible-power-module-60v-5a-xt60-socket","status":"publish","type":"product","link":"https:\/\/digitaltarget.com.tr\/en\/product\/cuav-pixhack-v5-compatible-power-module-60v-5a-xt60-socket\/","title":{"rendered":"CUAV Pixhack V5 Compatible Power Module 60V 5A XT60 Socket"},"content":{"rendered":"<p><strong><span style=\"color: #1b1919; font-size: 24px;\">Product Information:<\/span><\/strong><\/p>\n<ul>\n<li>Product Name: Power Module<\/li>\n<li>Module Size: 32mm x 2mm<\/li>\n<li>Weight: 29g<\/li>\n<\/ul>\n<h2>Technical Specifications:<\/h2>\n<ul>\n<li>Support higher input voltage: 10V-60V (3s~14s battery)<\/li>\n<li>Daha hassas ak\u0131m ve voltaj alg\u0131lama:\n<ul>\n<li>Voltaj alg\u0131lama hassasiyeti: \u00b10.1V;<\/li>\n<li>Ak\u0131m alg\u0131lama hassasiyeti: \u00b10.2A<\/li>\n<\/ul>\n<\/li>\n<li>Higher power output current support: Maximum 5A (sensed) current: 60A<\/li>\n<\/ul>\n<p class=\" translation-block\"><strong>Notes:<\/strong> Since the maximum sensing voltage of the PIX flight control ADC is 3.3V, it supports a maximum current sensing of 60A.<\/p>\n<p>Operation is very simple; connect the 6P signal cable to the POWER interface of the flight controller.<\/p>\n<h2>Main Functions:<\/h2>\n<ul>\n<li>Provide 5V voltage output and maximum current of 5A to the flight controller<\/li>\n<li>Detect current and output analog signals<\/li>\n<li>Detect the current of the power system and output analog signals to the flight control unit<\/li>\n<\/ul>\n<h2>Ground Station Settings:<\/h2>\n<ul>\n<li>Connect to the ground station using USB or digital connection<\/li>\n<li>Go to Settings &gt; Optional Hardware &gt; Battery Detector Monitor<\/li>\n<li>Select 4-Sensor 0-APM version<\/li>\n<li>Fill in the partial voltage ratio: 18-Fill voltage per ampere: 24<\/li>\n<\/ul>\n<h2>Manual Voltage Calibration:<\/h2>\n<p>Since PM modules are analog sensor devices, there may be some differences for better accuracy.<\/p>\n<h3>Pre-Calibration Preparation:<\/h3>\n<p>Measure the battery voltage using a multimeter or BB (for calibration voltage use).<\/p>\n<h3>Calibration Voltage Steps:<\/h3>\n<ol>\n<li>Connect the battery and connect to the ground station<\/li>\n<li>Measure battery voltage using a multimeter or BB<\/li>\n<li>Select sensor version 0, enter the measured battery voltage and measured current voltage in the box<\/li>\n<li>Click the mouse or press TAB, the ground station will automatically calculate and save the voltage division ratio coefficient to flight control<\/li>\n<li>Calibration complete, no calibration required for current<\/li>\n<\/ol>","protected":false},"excerpt":{"rendered":"<p>\u00dcr\u00fcn Bilgisi: \u00dcr\u00fcn Ad\u0131: G\u00fc\u00e7 Mod\u00fcl\u00fc Mod\u00fcl Boyutu: 32mm x 2mm A\u011f\u0131rl\u0131k: 29g Teknik \u00d6zellikler: Daha y\u00fcksek giri\u015f voltaj\u0131 deste\u011fi:<\/p>","protected":false},"featured_media":17476,"comment_status":"open","ping_status":"closed","template":"","meta":{"_monsterinsights_skip_tracking":false,"_monsterinsights_sitenote_active":false,"_monsterinsights_sitenote_note":"","_monsterinsights_sitenote_category":0},"product_cat":[432,385],"product_tag":[],"aioseo_notices":[],"jetpack_sharing_enabled":true,"_links":{"self":[{"href":"https:\/\/digitaltarget.com.tr\/en\/wp-json\/wp\/v2\/product\/17475"}],"collection":[{"href":"https:\/\/digitaltarget.com.tr\/en\/wp-json\/wp\/v2\/product"}],"about":[{"href":"https:\/\/digitaltarget.com.tr\/en\/wp-json\/wp\/v2\/types\/product"}],"replies":[{"embeddable":true,"href":"https:\/\/digitaltarget.com.tr\/en\/wp-json\/wp\/v2\/comments?post=17475"}],"version-history":[{"count":3,"href":"https:\/\/digitaltarget.com.tr\/en\/wp-json\/wp\/v2\/product\/17475\/revisions"}],"predecessor-version":[{"id":18965,"href":"https:\/\/digitaltarget.com.tr\/en\/wp-json\/wp\/v2\/product\/17475\/revisions\/18965"}],"wp:featuredmedia":[{"embeddable":true,"href":"https:\/\/digitaltarget.com.tr\/en\/wp-json\/wp\/v2\/media\/17476"}],"wp:attachment":[{"href":"https:\/\/digitaltarget.com.tr\/en\/wp-json\/wp\/v2\/media?parent=17475"}],"wp:term":[{"taxonomy":"product_cat","embeddable":true,"href":"https:\/\/digitaltarget.com.tr\/en\/wp-json\/wp\/v2\/product_cat?post=17475"},{"taxonomy":"product_tag","embeddable":true,"href":"https:\/\/digitaltarget.com.tr\/en\/wp-json\/wp\/v2\/product_tag?post=17475"}],"curies":[{"name":"wp","href":"https:\/\/api.w.org\/{rel}","templated":true}]}}