{"id":17491,"date":"2023-11-24T09:17:41","date_gmt":"2023-11-24T09:17:41","guid":{"rendered":"https:\/\/digitaltarget.com.tr\/?post_type=product&#038;p=17491"},"modified":"2025-07-22T13:39:37","modified_gmt":"2025-07-22T13:39:37","slug":"7-inch-fpv-monitor-dvr-with-built-in-battery-lcd5802d-5-8g-40ch-800x480","status":"publish","type":"product","link":"https:\/\/digitaltarget.com.tr\/en\/product\/7-inch-fpv-monitor-dvr-with-built-in-battery-lcd5802d-5-8g-40ch-800x480\/","title":{"rendered":"7 inch FPV Monitor DVR LCD5802D 5.8G 40CH 800\u00d7480 with Built-in Battery"},"content":{"rendered":"<h3>LCD5802D 5.8G 40CH 7-inch Compatibility Race Band FPV Monitor with DVR Built-in Battery 800\u00d7480<\/h3>\n<p><b style=\"font-size: large;\">Product Information:<\/b><\/p>\n<div>\n<ul>\n<li>Video size: PAL(720*576); NTSC(720*480)<\/li>\n<li>Backlight type: LED dynamic video, MP4, single audio<\/li>\n<li>Storage: Flash 128MB, Mini SD(TF) card, supports max. 32GB<\/li>\n<li>Wireless reception 5.8G aut-90dbm sensitivity<\/li>\n<li>Language: 5<\/li>\n<li>AV output: single, video output<\/li>\n<li>AV input: single, video input<\/li>\n<li>DC INPUT 7-28V<\/li>\n<li>AAT interface 2Pin data interface<\/li>\n<li>Antenna interface RP SMA female (external pin) SMA header<\/li>\n<li>Data output: 3.5mm<\/li>\n<li>USB communication USB2.0<\/li>\n<li>Product name: LCD5802D monitor<\/li>\n<li>Best reception with automatically integrated 5.8Ghz dual diversity receiver<\/li>\n<li>Integrated 2CH 5.8Ghz AV output and 1CH AV input<\/li>\n<li>High performance POLYMER battery: 2000mAH\/7.4V<\/li>\n<li>Operation status OSD display: RSSI indicator; Battery indicator; Channel indicator<\/li>\n<li>Key for automatic signal search<\/li>\n<li>Chinese and English menu support<\/li>\n<li>Format: JPEG, AVI<\/li>\n<li>Screen size: 7\"<\/li>\n<li>Screen type: TFT LCD screen\/long life, LED backlight<\/li>\n<li>Resolution 800*480<\/li>\n<li>Brightness: 600cd\/m2<\/li>\n<li>Viewing angle 140\/120 degrees (horizontal\/vertical)<\/li>\n<li>Dimensions: 180mm x 120mm x 50mm (note: sunshade height: 28mm)<\/li>\n<li>Operating voltage: DC 7~16V<\/li>\n<li>Power consumption: max 650 mA @ 12V<\/li>\n<li>Battery charging current: 850mA @ 12V (max)<\/li>\n<li>Operating temperature: -10 \u2103 ~ + 65 \u2103<\/li>\n<li>Connections: RP-SMA female (external pin)<\/li>\n<li>Antenna connections RP-SMA male (inner hole)<\/li>\n<li>Support up to 32G, C10 SD card.<\/li>\n<\/ul>\n<div><\/div>\n<div><b><br \/>\n  <span class=\"size\" style=\"font-size: large;\">Specifications:<\/span><span class=\"size\" style=\"font-size: large;\"><\/span><\/b><\/div>\n<ul>\n<li>With DVR function<\/li>\n<li>Integrated dual receivers for best reception<\/li>\n<li>Double buffered AV outputs<\/li>\n<li>Does not affect 2.4GHz R\/C radio systems<\/li>\n<li>Diversity input AV receiver<\/li>\n<li>Small, light, durable<\/li>\n<li>5 bands and a total of 40 channels<\/li>\n<li>Integrated battery, easy to carry and suitable for outdoor use<\/li>\n<li>Key for automatic signal search, simple operation<\/li>\n<li>Operating status OSD display: you can check the operating status of the device at any time.<\/li>\n<li>Warning: Cannot receive 2 different channels at the same time<\/li>\n<\/ul>\n<\/div>","protected":false},"excerpt":{"rendered":"<p>LCD5802D 5.8G 40CH 7-in\u00e7 Uyumluluk Yar\u0131\u015f Band\u0131 FPV Monit\u00f6r DVR ile Dahili Pil 800&#215;480 \u00dcr\u00fcn Bilgileri: Video boyutu: PAL(720*576); NTSC(720*480)<\/p>","protected":false},"featured_media":17492,"comment_status":"open","ping_status":"closed","template":"","meta":{"_monsterinsights_skip_tracking":false,"_monsterinsights_sitenote_active":false,"_monsterinsights_sitenote_note":"","_monsterinsights_sitenote_category":0},"product_cat":[433,435],"product_tag":[],"aioseo_notices":[],"jetpack_sharing_enabled":true,"_links":{"self":[{"href":"https:\/\/digitaltarget.com.tr\/en\/wp-json\/wp\/v2\/product\/17491"}],"collection":[{"href":"https:\/\/digitaltarget.com.tr\/en\/wp-json\/wp\/v2\/product"}],"about":[{"href":"https:\/\/digitaltarget.com.tr\/en\/wp-json\/wp\/v2\/types\/product"}],"replies":[{"embeddable":true,"href":"https:\/\/digitaltarget.com.tr\/en\/wp-json\/wp\/v2\/comments?post=17491"}],"version-history":[{"count":3,"href":"https:\/\/digitaltarget.com.tr\/en\/wp-json\/wp\/v2\/product\/17491\/revisions"}],"predecessor-version":[{"id":19149,"href":"https:\/\/digitaltarget.com.tr\/en\/wp-json\/wp\/v2\/product\/17491\/revisions\/19149"}],"wp:featuredmedia":[{"embeddable":true,"href":"https:\/\/digitaltarget.com.tr\/en\/wp-json\/wp\/v2\/media\/17492"}],"wp:attachment":[{"href":"https:\/\/digitaltarget.com.tr\/en\/wp-json\/wp\/v2\/media?parent=17491"}],"wp:term":[{"taxonomy":"product_cat","embeddable":true,"href":"https:\/\/digitaltarget.com.tr\/en\/wp-json\/wp\/v2\/product_cat?post=17491"},{"taxonomy":"product_tag","embeddable":true,"href":"https:\/\/digitaltarget.com.tr\/en\/wp-json\/wp\/v2\/product_tag?post=17491"}],"curies":[{"name":"wp","href":"https:\/\/api.w.org\/{rel}","templated":true}]}}