{"id":17515,"date":"2023-11-24T09:49:08","date_gmt":"2023-11-24T09:49:08","guid":{"rendered":"https:\/\/digitaltarget.com.tr\/?post_type=product&#038;p=17515"},"modified":"2024-09-23T08:41:21","modified_gmt":"2024-09-23T08:41:21","slug":"frsky-r9m-900mhz-transmitter-module-and-r9mm-ota-receiver","status":"publish","type":"product","link":"https:\/\/digitaltarget.com.tr\/en\/product\/frsky-r9m-900mhz-transmitter-module-and-r9mm-ota-receiver\/","title":{"rendered":"FrSky R9M 900MHz Transmitter Module and R9MM-OTA Receiver"},"content":{"rendered":"<div>\n<div><span class=\"size\" style=\"font-size: large;\"><b>FrSky R9M 2019 Module and R9MM Receiver<\/b><\/span><\/div>\n<div>\n<p>The FrSky R9M radio control system is the first FrSky long range system operating at 900MHz frequency. The R9M module offers 4 switchable RF power outputs, allowing you to select the appropriate power levels for different flight situations.<\/p>\n<\/div>\n<div><span class=\"size\" style=\"font-size: large;\"><b>Product Information<\/b><\/span><\/div>\n<div>\n<ul>\n<li>Brand: FrSky<\/li>\n<li>Product Name: R9M 2019 900MHz transmitter module<\/li>\n<li>Voltage Range: 6V-13V<\/li>\n<li>External Power Supply: 6V~13V<\/li>\n<li>Telemetry Interface Smart Port<\/li>\n<li>Upgrade Interface: Smart Port<\/li>\n<li>Modulations PXX or CPPM (automatically detected)<\/li>\n<li>Compatibility R9 series receivers<\/li>\n<\/ul>\n<\/div>\n<div><span class=\"size\" style=\"font-size: large;\"><b>Features<\/b><\/span><\/div>\n<div>\n<ul>\n<li>900MHz\/868MHz operation mode<\/li>\n<li>Long range, low latency and high precision RC system<\/li>\n<li>4 optional RF power levels (non-EU version)<\/li>\n<li>Telemetry mode (25mW)\/non-telemetry mode (200mW \/ 500mW) (EU version)<\/li>\n<li>RF power adjustment<\/li>\n<\/ul>\n<\/div>\n<div>\n<p>FrSky's R9MM is the latest 900MHz receiver. This receiver offers all the features of previous R9 receivers in an extremely compact and lightweight design. It supports super low latency and redundancy function to ensure aircraft safety. Ipex antenna connector enables quick and easy replacement of damaged antennas.<\/p>\n<\/div>\n<div><span class=\"size\" style=\"font-size: large;\"><b>R9MM-OTA Product Information<\/b><\/span><\/div>\n<div>\n<ul>\n<li>Brand: FrSky<\/li>\n<li>Product Name: R9 MM-OTA receiver<\/li>\n<li>915MHz (non-EU version) \/ 868MHz (EU version)<\/li>\n<li>Dimensions: 16*10*2.8mm (u \u00d7 g \u00d7 y)<\/li>\n<li>Weight: 0.7g (without antenna)<\/li>\n<li>Non-EU version: 4\/16CH (telemetry)<\/li>\n<li>AB-8CH version: 4\/8CH (telemetry)<\/li>\n<li>AB-16CH version: 4\/16CH (telemetry) \/ 4\/16CH (no telemetry)<\/li>\n<li>Operating Voltage Range: DC 3.5V - 10V<\/li>\n<li>Operating Current: 100mA @ 5V<\/li>\n<\/ul>\n<\/div>\n<\/div>","protected":false},"excerpt":{"rendered":"<p>FrSky R9M 2019 Mod\u00fcl\u00fc ve R9MM Al\u0131c\u0131s\u0131 FrSky R9M radyo kontrol sistemi, 900MHz frekans\u0131nda \u00e7al\u0131\u015fan ilk FrSky uzun menzilli sistemidir.<\/p>","protected":false},"featured_media":17516,"comment_status":"open","ping_status":"closed","template":"","meta":{"_monsterinsights_skip_tracking":false,"_monsterinsights_sitenote_active":false,"_monsterinsights_sitenote_note":"","_monsterinsights_sitenote_category":0},"product_cat":[356,438],"product_tag":[],"aioseo_notices":[],"jetpack_sharing_enabled":true,"_links":{"self":[{"href":"https:\/\/digitaltarget.com.tr\/en\/wp-json\/wp\/v2\/product\/17515"}],"collection":[{"href":"https:\/\/digitaltarget.com.tr\/en\/wp-json\/wp\/v2\/product"}],"about":[{"href":"https:\/\/digitaltarget.com.tr\/en\/wp-json\/wp\/v2\/types\/product"}],"replies":[{"embeddable":true,"href":"https:\/\/digitaltarget.com.tr\/en\/wp-json\/wp\/v2\/comments?post=17515"}],"version-history":[{"count":3,"href":"https:\/\/digitaltarget.com.tr\/en\/wp-json\/wp\/v2\/product\/17515\/revisions"}],"predecessor-version":[{"id":18961,"href":"https:\/\/digitaltarget.com.tr\/en\/wp-json\/wp\/v2\/product\/17515\/revisions\/18961"}],"wp:featuredmedia":[{"embeddable":true,"href":"https:\/\/digitaltarget.com.tr\/en\/wp-json\/wp\/v2\/media\/17516"}],"wp:attachment":[{"href":"https:\/\/digitaltarget.com.tr\/en\/wp-json\/wp\/v2\/media?parent=17515"}],"wp:term":[{"taxonomy":"product_cat","embeddable":true,"href":"https:\/\/digitaltarget.com.tr\/en\/wp-json\/wp\/v2\/product_cat?post=17515"},{"taxonomy":"product_tag","embeddable":true,"href":"https:\/\/digitaltarget.com.tr\/en\/wp-json\/wp\/v2\/product_tag?post=17515"}],"curies":[{"name":"wp","href":"https:\/\/api.w.org\/{rel}","templated":true}]}}