{"id":17531,"date":"2023-11-24T11:31:53","date_gmt":"2023-11-24T11:31:53","guid":{"rendered":"https:\/\/digitaltarget.com.tr\/?post_type=product&#038;p=17531"},"modified":"2024-12-19T14:32:19","modified_gmt":"2024-12-19T14:32:19","slug":"xrotor-x6-plus-ccw-esc-full-set","status":"publish","type":"product","link":"https:\/\/digitaltarget.com.tr\/en\/product\/xrotor-x6-plus-ccw-esc-full-set\/","title":{"rendered":"Xrotor x6-Plus CW\/CCW ESC Full Set"},"content":{"rendered":"<div>\n<h2><strong>Product Information:<\/strong><\/h2>\n<ul>\n<li>\n<h5>Product name: Xrotor x6-Plus ESC (Electronic Speed Controller)<\/h5>\n<\/li>\n<li>\n<h5>Recommended LiPo battery: 12-14S (LiPo)<\/h5>\n<\/li>\n<li>\n<h5>PWM input signal level: 3.3V\/SV<\/h5>\n<\/li>\n<li>\n<h5>Gas signal frequency: 50-500Hz<\/h5>\n<\/li>\n<li>\n<h5>Operating pulse width: 1050-1950\u00b5s (fixed or non-programmable)<\/h5>\n<\/li>\n<li>\n<h5>Maximum input voltage: 6V max<\/h5>\n<\/li>\n<li>\n<h5>Input current (short time): 100A (with good heat dissipation)<\/h5>\n<\/li>\n<li>\n<h5>BEC (Battery Elimination Circuit): None<\/h5>\n<\/li>\n<\/ul>\n<h2><strong>Propeller<\/strong><\/h2>\n<p><strong>Diameter x Pitch: 2.1 inch<\/strong><\/p>\n<h2><strong>Technical Specifications:<\/strong><\/h2>\n<ul>\n<li>Maximum Thrust: 11.8kg\/axis (46V, sea level)<\/li>\n<li>Recommended Take-off Weight: 3.5-5.5kg\/axis (46V, sea level)<\/li>\n<li>Recommended LiPo battery: 12-14S (LiPo)<\/li>\n<li>Operating Temperature: -20-50\u00b0C<\/li>\n<li>Combo Weight 790 grams<\/li>\n<li>Waterproof Level: IPX6<\/li>\n<\/ul>\n<h2><strong>Motor:<\/strong><\/h2>\n<ul>\n<li>Kv Value 150 RPM\/V<\/li>\n<li>Stator Size: 62x18mm<\/li>\n<li>Power Transmission Arm Outer Diameter: 30mm<\/li>\n<li>Bearing: Imported bearings from Japan<\/li>\n<li>Product Information:<\/li>\n<li>Piece: 1<\/li>\n<li>Axis Opening Upper Shell<\/li>\n<li>Size: 70mm<\/li>\n<li>Model Number: X6plusccw<\/li>\n<li>Vehicle Type: Aircraft<\/li>\n<li>Vehicle Tool Supplies: Assembly Category<\/li>\n<li>All-Wheel Drive Features: Assembly<\/li>\n<li>Remote Control Peripherals\/Devices: ESC<\/li>\n<li>Upgrade Parts\/Accessories: Frame<\/li>\n<li>RC Parts and Accessories: Speed Controllers<\/li>\n<li>Material Composite Material<\/li>\n<li>Brand Name: Hobbywing<\/li>\n<\/ul>\n<\/div>","protected":false},"excerpt":{"rendered":"<p>\u00dcr\u00fcn Bilgisi: \u00dcr\u00fcn ad\u0131: Xrotor x6-Plus ESC (Elektronik H\u0131z Kontrol\u00f6r\u00fc) \u00d6nerilen LiPo batarya: 12-14S (LiPo) PWM giri\u015f sinyal seviyesi: 3.3V\/SV<\/p>","protected":false},"featured_media":17533,"comment_status":"open","ping_status":"closed","template":"","meta":{"_monsterinsights_skip_tracking":false,"_monsterinsights_sitenote_active":false,"_monsterinsights_sitenote_note":"","_monsterinsights_sitenote_category":0},"product_cat":[383,357],"product_tag":[],"aioseo_notices":[],"jetpack_sharing_enabled":true,"_links":{"self":[{"href":"https:\/\/digitaltarget.com.tr\/en\/wp-json\/wp\/v2\/product\/17531"}],"collection":[{"href":"https:\/\/digitaltarget.com.tr\/en\/wp-json\/wp\/v2\/product"}],"about":[{"href":"https:\/\/digitaltarget.com.tr\/en\/wp-json\/wp\/v2\/types\/product"}],"replies":[{"embeddable":true,"href":"https:\/\/digitaltarget.com.tr\/en\/wp-json\/wp\/v2\/comments?post=17531"}],"version-history":[{"count":4,"href":"https:\/\/digitaltarget.com.tr\/en\/wp-json\/wp\/v2\/product\/17531\/revisions"}],"predecessor-version":[{"id":18959,"href":"https:\/\/digitaltarget.com.tr\/en\/wp-json\/wp\/v2\/product\/17531\/revisions\/18959"}],"wp:featuredmedia":[{"embeddable":true,"href":"https:\/\/digitaltarget.com.tr\/en\/wp-json\/wp\/v2\/media\/17533"}],"wp:attachment":[{"href":"https:\/\/digitaltarget.com.tr\/en\/wp-json\/wp\/v2\/media?parent=17531"}],"wp:term":[{"taxonomy":"product_cat","embeddable":true,"href":"https:\/\/digitaltarget.com.tr\/en\/wp-json\/wp\/v2\/product_cat?post=17531"},{"taxonomy":"product_tag","embeddable":true,"href":"https:\/\/digitaltarget.com.tr\/en\/wp-json\/wp\/v2\/product_tag?post=17531"}],"curies":[{"name":"wp","href":"https:\/\/api.w.org\/{rel}","templated":true}]}}