{"id":17536,"date":"2023-11-24T12:13:10","date_gmt":"2023-11-24T12:13:10","guid":{"rendered":"https:\/\/digitaltarget.com.tr\/?post_type=product&#038;p=17536"},"modified":"2024-08-02T10:01:16","modified_gmt":"2024-08-02T10:01:16","slug":"v505-260kv-12s-vtol-drone-motor","status":"publish","type":"product","link":"https:\/\/digitaltarget.com.tr\/en\/product\/v505-260kv-12s-vtol-drone-motor\/","title":{"rendered":"V505 260KV 12S Vtol Drone Motor"},"content":{"rendered":"<h2>V505 Engine VTOL Composite Wing Solution Proposal<\/h2>\n<h3>VTOL Configuration:<\/h3>\n<ul>\n<li class=\" translation-block\"><strong>VTOL Motor\/KV:<\/strong> V505 KV260<\/li>\n<li class=\" translation-block\"><strong>VTOL Propeller:<\/strong> P16*5.4\/P17*5.8<\/li>\n<li><strong>VTOL ESC:<\/strong> FLAME 60A 12S<\/li>\n<li class=\" translation-block\"><strong>VTOL Battery (Lipo)\/Voltage:<\/strong> 12S (4.2V\/Sl) \/ 42-52V<\/li>\n<li><strong>VTOL Thrust Per Engine:<\/strong> 2.5-3.5<\/li>\n<li><strong>MTOW (Quad) (kg):<\/strong> 10-15<\/li>\n<\/ul>\n<h3>Force Configuration:<\/h3>\n<ul>\n<li><strong>Force Propeller Proposal:<\/strong> 16*8\/16*10&#8243;<\/li>\n<li><strong>Force Traction Recommendation (kg):<\/strong> 2-3<\/li>\n<li class=\" translation-block\"><strong>Force ESC Recommendation:<\/strong> AT115A (6-12S)<\/li>\n<li class=\" translation-block\"><strong>Power Motor\/KV Rating Recommendation:<\/strong> AT4125 KV250\/AT4130 KV230<\/li>\n<li class=\" translation-block\"><strong>Force Battery (Lipo)\/Voltage Recommendation:<\/strong> 12S (4.2V\/Sl) \/ 42-52V<\/li>\n<\/ul>\n<p><strong>Not:<\/strong> Koaksiyel yap\u0131land\u0131rma i\u00e7in %25 performans kayb\u0131 dikkate al\u0131nmal\u0131d\u0131r.<\/p>\n<h3>Engine Technical Specifications:<\/h3>\n<ul>\n<li class=\" translation-block\"><strong>Maximum Thrust<\/strong>: 8700g<\/li>\n<li class=\" translation-block\"><strong>Power Margin:<\/strong> Adequate<\/li>\n<li class=\" translation-block\"><strong>Altitude Perimeter:<\/strong> No power installation change required around altitudes below 3000 meters<\/li>\n<\/ul>\n<h3>Additional Engine Specifications:<\/h3>\n<ul>\n<li>Special high temperature resistant enameled wire<\/li>\n<li>High temperature resistant curved magnets<\/li>\n<li>Centrifugal fan construction for improved active heat dissipation<\/li>\n<li>180\u00b0C high temperature resistant coatings<\/li>\n<li>Configuration 24N28P<\/li>\n<li>Shaft Diameter (mm): IN:6 OUT:4<\/li>\n<li>Bearing: Imported 696ZZ<\/li>\n<li>Magnet Temperature Resistance Class: Class E 150\u00b0C<\/li>\n<li>Cable (mm): 16AWG*600<\/li>\n<li>Temperature Resistance Class of Enameled Wires: Class C 220\u00b0C<\/li>\n<li>Coil Withdrawal Voltage: 500V\/5s<\/li>\n<li>Rotor Dynamic Balance Standard: \u22645mg<\/li>\n<li>IP: IP45<\/li>\n<li>Battery (Lipo)\/Voltage Recommendation: 12S (4.2V\/Sl) \/ 42-52V<\/li>\n<li>KV Value KV260<\/li>\n<li>Discharged Current (18V): 1.5A<\/li>\n<li>ESC Recommendation: FLAME 60A 12S<\/li>\n<li>Peak Current (A): 52A\/Continuous 180s<\/li>\n<li>Propeller Recommendation: P16*5.4\/P17*5.8<\/li>\n<li>Max. Power (W): 2500W\/Continuous 180s<\/li>\n<li>Engine Weight (g): 215g (255g including cables)<\/li>\n<li>Internal Resistance (m\u03a9): 58<\/li>\n<li>Package Weight (g): 600g<\/li>\n<\/ul>","protected":false},"excerpt":{"rendered":"<p>V505 Motor VTOL Kompozit Kanat \u00c7\u00f6z\u00fcm \u00d6nerisi VTOL Yap\u0131land\u0131rmas\u0131: VTOL Motor\/KV: V505 KV260 VTOL Pervane: P16*5.4\/P17*5.8 VTOL ESC: FLAME 60A<\/p>","protected":false},"featured_media":17561,"comment_status":"open","ping_status":"closed","template":"","meta":{"_monsterinsights_skip_tracking":false,"_monsterinsights_sitenote_active":false,"_monsterinsights_sitenote_note":"","_monsterinsights_sitenote_category":0},"product_cat":[383,357],"product_tag":[],"aioseo_notices":[],"jetpack_sharing_enabled":true,"_links":{"self":[{"href":"https:\/\/digitaltarget.com.tr\/en\/wp-json\/wp\/v2\/product\/17536"}],"collection":[{"href":"https:\/\/digitaltarget.com.tr\/en\/wp-json\/wp\/v2\/product"}],"about":[{"href":"https:\/\/digitaltarget.com.tr\/en\/wp-json\/wp\/v2\/types\/product"}],"replies":[{"embeddable":true,"href":"https:\/\/digitaltarget.com.tr\/en\/wp-json\/wp\/v2\/comments?post=17536"}],"version-history":[{"count":2,"href":"https:\/\/digitaltarget.com.tr\/en\/wp-json\/wp\/v2\/product\/17536\/revisions"}],"predecessor-version":[{"id":19144,"href":"https:\/\/digitaltarget.com.tr\/en\/wp-json\/wp\/v2\/product\/17536\/revisions\/19144"}],"wp:featuredmedia":[{"embeddable":true,"href":"https:\/\/digitaltarget.com.tr\/en\/wp-json\/wp\/v2\/media\/17561"}],"wp:attachment":[{"href":"https:\/\/digitaltarget.com.tr\/en\/wp-json\/wp\/v2\/media?parent=17536"}],"wp:term":[{"taxonomy":"product_cat","embeddable":true,"href":"https:\/\/digitaltarget.com.tr\/en\/wp-json\/wp\/v2\/product_cat?post=17536"},{"taxonomy":"product_tag","embeddable":true,"href":"https:\/\/digitaltarget.com.tr\/en\/wp-json\/wp\/v2\/product_tag?post=17536"}],"curies":[{"name":"wp","href":"https:\/\/api.w.org\/{rel}","templated":true}]}}