{"id":17550,"date":"2023-11-24T12:03:20","date_gmt":"2023-11-24T12:03:20","guid":{"rendered":"https:\/\/digitaltarget.com.tr\/?post_type=product&#038;p=17550"},"modified":"2025-04-20T12:06:37","modified_gmt":"2025-04-20T12:06:37","slug":"hobbywing-x9-plus-cw-ccw-motor-esc-propeller-full-set","status":"publish","type":"product","link":"https:\/\/digitaltarget.com.tr\/en\/product\/hobbywing-x9-plus-cw-ccw-motor-esc-propeller-full-set\/","title":{"rendered":"Hobbywing X9 Plus CW\/CCW Motor ESC Propeller Full Set"},"content":{"rendered":"<h2><strong>\u00dcr\u00fcn Ad\u0131: X9 Plus<\/strong><\/h2>\n<h3><strong>Technical Specifications:<\/strong><\/h3>\n<ul>\n<li><strong>Maximum Thrust: 26.5kg\/Axis (53.6V, Sea Level)<\/strong><\/li>\n<li><strong>Recommended Take-off Weight: 11-13kg\/Axis (53.6V, Sea Level)<\/strong><\/li>\n<li><strong>Recommended LiPo Battery: 14S (LiPo)<\/strong><\/li>\n<li><strong>Operating Temperature: -20-50\u00b0C<\/strong><\/li>\n<li><strong>Combo Weight 1774g<\/strong><\/li>\n<li><strong>Water Resistance Level: IPX7<\/strong><\/li>\n<\/ul>\n<h2><strong>Motor<\/strong><\/h2>\n<ul>\n<li><strong>KV Rating: 100KV<\/strong><\/li>\n<li><strong>Stator Size: 96x20mm<\/strong><\/li>\n<li><strong>Bearing: Imported bearings from Japan<\/strong><\/li>\n<\/ul>\n<h2><strong>ESC<\/strong><\/h2>\n<ul>\n<li><strong>Recommended LiPo Battery: 6-14S LiPo<\/strong><\/li>\n<li><strong>PWM Input Signal Level: 3.3V\/SV (Compatible)<\/strong><\/li>\n<li><strong>Gas Signal Frequency: 50-500Hz<\/strong><\/li>\n<li><strong>Operating Pulse Width: 1050-1950us (Fixed or Non Programmable)<\/strong><\/li>\n<li><strong>Maximum Input Voltage: 60.9V<\/strong><\/li>\n<li><strong>Maximum Input Current (Short Time): 120A (with Good Heat Dissipation)<\/strong><\/li>\n<li><strong>No BEC<\/strong><\/li>\n<\/ul>\n<h2><strong>Propeller<\/strong><\/h2>\n<p><strong>Diameter x Pitch: 36\u00d7120 inches<\/strong><\/p>","protected":false},"excerpt":{"rendered":"<p>\u00dcr\u00fcn Ad\u0131: X9 Plus Teknik \u00d6zellikler: Maksimum \u0130tme: 26.5kg\/Axis (53.6V, Deniz Seviyesi) \u00d6nerilen Kalk\u0131\u015f A\u011f\u0131rl\u0131\u011f\u0131: 11-13kg\/Axis (53.6V, Deniz Seviyesi) \u00d6nerilen<\/p>","protected":false},"featured_media":17554,"comment_status":"open","ping_status":"closed","template":"","meta":{"_monsterinsights_skip_tracking":false,"_monsterinsights_sitenote_active":false,"_monsterinsights_sitenote_note":"","_monsterinsights_sitenote_category":0},"product_cat":[383,357],"product_tag":[],"aioseo_notices":[],"jetpack_sharing_enabled":true,"_links":{"self":[{"href":"https:\/\/digitaltarget.com.tr\/en\/wp-json\/wp\/v2\/product\/17550"}],"collection":[{"href":"https:\/\/digitaltarget.com.tr\/en\/wp-json\/wp\/v2\/product"}],"about":[{"href":"https:\/\/digitaltarget.com.tr\/en\/wp-json\/wp\/v2\/types\/product"}],"replies":[{"embeddable":true,"href":"https:\/\/digitaltarget.com.tr\/en\/wp-json\/wp\/v2\/comments?post=17550"}],"version-history":[{"count":3,"href":"https:\/\/digitaltarget.com.tr\/en\/wp-json\/wp\/v2\/product\/17550\/revisions"}],"predecessor-version":[{"id":19145,"href":"https:\/\/digitaltarget.com.tr\/en\/wp-json\/wp\/v2\/product\/17550\/revisions\/19145"}],"wp:featuredmedia":[{"embeddable":true,"href":"https:\/\/digitaltarget.com.tr\/en\/wp-json\/wp\/v2\/media\/17554"}],"wp:attachment":[{"href":"https:\/\/digitaltarget.com.tr\/en\/wp-json\/wp\/v2\/media?parent=17550"}],"wp:term":[{"taxonomy":"product_cat","embeddable":true,"href":"https:\/\/digitaltarget.com.tr\/en\/wp-json\/wp\/v2\/product_cat?post=17550"},{"taxonomy":"product_tag","embeddable":true,"href":"https:\/\/digitaltarget.com.tr\/en\/wp-json\/wp\/v2\/product_tag?post=17550"}],"curies":[{"name":"wp","href":"https:\/\/api.w.org\/{rel}","templated":true}]}}