{"id":17563,"date":"2023-11-24T12:20:57","date_gmt":"2023-11-24T12:20:57","guid":{"rendered":"https:\/\/digitaltarget.com.tr\/?post_type=product&#038;p=17563"},"modified":"2025-01-06T09:07:00","modified_gmt":"2025-01-06T09:07:00","slug":"u8%e2%85%b1-efficiency-type-uav-motor-100kv","status":"publish","type":"product","link":"https:\/\/digitaltarget.com.tr\/en\/product\/u8%e2%85%b1-efficiency-type-uav-motor-100kv\/","title":{"rendered":"U8\u2161 Efficiency Type UAV Motor 100KV"},"content":{"rendered":"<h2>Technical Specifications<\/h2>\n<ul>\n<li class=\" translation-block\"><strong>Diameter:<\/strong> 87.1mm<\/li>\n<li class=\" translation-block\"><strong>Height:<\/strong> 28.1mm<\/li>\n<li class=\" translation-block\"><strong>Shaft Diameter:<\/strong> 1Smnn<\/li>\n<li class=\" translation-block\"><strong>Configuration:<\/strong> 36N42P<\/li>\n<li class=\" translation-block\"><strong>Cable Specifications:<\/strong> 90mm<\/li>\n<li class=\" translation-block\"><strong>Ingress Protection Level:<\/strong> IP55<\/li>\n<li class=\" translation-block\"><strong>Package Size:<\/strong> 130x111x0.6mm<\/li>\n<\/ul>\n<h3>Features<\/h3>\n<ul>\n<li>5% Longer Flight Time<\/li>\n<li>Max. Thrust Force 7.3kg<\/li>\n<li>Koruma IP55 Motor<\/li>\n<li>Engine Life: 1500 Flights (40 minutes\/flight)<\/li>\n<li>ATA01123 propeller adapter for P22 inch propeller<\/li>\n<\/ul>\n<h3>Imported Special Silver Wires<\/h3>\n<p>Fast current flow on the surface of the silver wires increases motor response speed and allows easy control of the aircraft. Silver winding significantly reduces copper loss and reduces engine heat by 30%.<\/p>\n<h3>Magnetic Circuit Optimization<\/h3>\n<p>The curved magnets in the new U8 have fewer magnet gaps. The optimization saves energy during flight.<\/p>\n<h3>Performance Details<\/h3>\n<ul>\n<li class=\" translation-block\"><strong>Max. Thrust:<\/strong> 7.3kg<\/li>\n<li><strong>KV:<\/strong> 100<\/li>\n<li class=\" translation-block\"><strong>Nominal Voltage (Lipo):<\/strong> 12S<\/li>\n<li class=\" translation-block\"><strong>Motor Weight (Including Cable):<\/strong> 272g<\/li>\n<li><strong>Propeller Recommendation:<\/strong> 27-28&#8243;<\/li>\n<li class=\" translation-block\"><strong>Idle Current (18V):<\/strong> 0.7A<\/li>\n<li class=\" translation-block\"><strong>Quadcopter (28CF):<\/strong> 14kg<\/li>\n<li class=\" translation-block\"><strong>Internal Resistance<\/strong>: 170\u00b15m\u03a9<\/li>\n<li class=\" translation-block\"><strong>Hexacopter (28CF):<\/strong> 21kg<\/li>\n<li class=\" translation-block\"><strong>Peak Current (180s):<\/strong> 29.3A<\/li>\n<li class=\" translation-block\"><strong>Octocopter (28CF):<\/strong> 28kg<\/li>\n<li class=\" translation-block\"><strong>Max. Power (180s):<\/strong> 1406.4W<\/li>\n<\/ul>","protected":false},"excerpt":{"rendered":"<p>Teknik \u00d6zellikler \u00c7ap: 87.1mm Y\u00fckseklik: 28.1mm Mil \u00c7ap\u0131: 1Smnn Yap\u0131land\u0131rma: 36N42P Kablo \u00d6zellikleri: 90mm Giri\u015f Koruma Seviyesi: IP55 Paket Boyutu:<\/p>","protected":false},"featured_media":17568,"comment_status":"open","ping_status":"closed","template":"","meta":{"_monsterinsights_skip_tracking":false,"_monsterinsights_sitenote_active":false,"_monsterinsights_sitenote_note":"","_monsterinsights_sitenote_category":0},"product_cat":[383,357],"product_tag":[],"aioseo_notices":[],"jetpack_sharing_enabled":true,"_links":{"self":[{"href":"https:\/\/digitaltarget.com.tr\/en\/wp-json\/wp\/v2\/product\/17563"}],"collection":[{"href":"https:\/\/digitaltarget.com.tr\/en\/wp-json\/wp\/v2\/product"}],"about":[{"href":"https:\/\/digitaltarget.com.tr\/en\/wp-json\/wp\/v2\/types\/product"}],"replies":[{"embeddable":true,"href":"https:\/\/digitaltarget.com.tr\/en\/wp-json\/wp\/v2\/comments?post=17563"}],"version-history":[{"count":3,"href":"https:\/\/digitaltarget.com.tr\/en\/wp-json\/wp\/v2\/product\/17563\/revisions"}],"predecessor-version":[{"id":18958,"href":"https:\/\/digitaltarget.com.tr\/en\/wp-json\/wp\/v2\/product\/17563\/revisions\/18958"}],"wp:featuredmedia":[{"embeddable":true,"href":"https:\/\/digitaltarget.com.tr\/en\/wp-json\/wp\/v2\/media\/17568"}],"wp:attachment":[{"href":"https:\/\/digitaltarget.com.tr\/en\/wp-json\/wp\/v2\/media?parent=17563"}],"wp:term":[{"taxonomy":"product_cat","embeddable":true,"href":"https:\/\/digitaltarget.com.tr\/en\/wp-json\/wp\/v2\/product_cat?post=17563"},{"taxonomy":"product_tag","embeddable":true,"href":"https:\/\/digitaltarget.com.tr\/en\/wp-json\/wp\/v2\/product_tag?post=17563"}],"curies":[{"name":"wp","href":"https:\/\/api.w.org\/{rel}","templated":true}]}}