{"id":17576,"date":"2023-11-24T13:08:22","date_gmt":"2023-11-24T13:08:22","guid":{"rendered":"https:\/\/digitaltarget.com.tr\/?post_type=product&#038;p=17576"},"modified":"2024-09-23T08:41:10","modified_gmt":"2024-09-23T08:41:10","slug":"t-motor-f60a-mini-8s-4in1-20x20-racing-esc","status":"publish","type":"product","link":"https:\/\/digitaltarget.com.tr\/en\/product\/t-motor-f60a-mini-8s-4in1-20x20-racing-esc\/","title":{"rendered":"T-MOTOR F60A mini 8S 4IN1 20X20 Racing ESC"},"content":{"rendered":"<h2>Technical Specifications<\/h2>\n<table>\n<tbody>\n<tr>\n<th>Feature<\/th>\n<th>Description<\/th>\n<\/tr>\n<tr>\n<td>High Consistency Signal Transmission<\/td>\n<td>Ensures reliable signal transmission.<\/td>\n<\/tr>\n<tr>\n<td>Real Time Temperature Monitoring<\/td>\n<td>It offers real-time temperature monitoring.<\/td>\n<\/tr>\n<tr>\n<td>Symmetric MOS Layout Design<\/td>\n<td>It has a symmetrical MOS layout design.<\/td>\n<\/tr>\n<tr>\n<td>Not Desynchronized with High KV Motors<\/td>\n<td>Works synchronized with high KV motors.<\/td>\n<\/tr>\n<tr>\n<td>20x20mm Mounting Pattern<\/td>\n<td>It has a 20x20mm mounting pattern.<\/td>\n<\/tr>\n<tr>\n<td>Telemetry Transmission<\/td>\n<td>Supports telemetry transmission.<\/td>\n<\/tr>\n<tr>\n<td>High Voltage Resistance<\/td>\n<td>Resistant to high voltages.<\/td>\n<\/tr>\n<tr>\n<td>Low Internal Resistance<\/td>\n<td>Exhibits low internal resistance.<\/td>\n<\/tr>\n<tr>\n<td>Shorter Tracks<\/td>\n<td>Includes shorter tracks for improved performance.<\/td>\n<\/tr>\n<tr>\n<td>Large MOSFETs<\/td>\n<td>It uses large MOSFETs.<\/td>\n<\/tr>\n<tr>\n<td>High Current Capacity<\/td>\n<td>It has the capacity to carry high currents.<\/td>\n<\/tr>\n<tr>\n<td>Input Voltage<\/td>\n<td>4-8S<\/td>\n<\/tr>\n<tr>\n<td>Continuous Current<\/td>\n<td>60A<\/td>\n<\/tr>\n<tr>\n<td>Blast Current<\/td>\n<td>70A<\/td>\n<\/tr>\n<tr>\n<td>Mounting Holes<\/td>\n<td>20x20mm\/\u03a64mm<\/td>\n<\/tr>\n<tr>\n<td>PWM Frequency<\/td>\n<td>16KHz &#8211; 96KHz (varsay\u0131lan 24KHz)<\/td>\n<\/tr>\n<tr>\n<td>Current Scale<\/td>\n<td>200<\/td>\n<\/tr>\n<tr>\n<td>Dimensions<\/td>\n<td>36x47mm<\/td>\n<\/tr>\n<\/tbody>\n<\/table>\n<p>&nbsp;<\/p>","protected":false},"excerpt":{"rendered":"<p>Teknik \u00d6zellikler \u00d6zellik A\u00e7\u0131klama Y\u00fcksek Tutarl\u0131l\u0131kta Sinyal \u0130letimi G\u00fcvenilir sinyal iletimi sa\u011flar. Ger\u00e7ek Zamanl\u0131 S\u0131cakl\u0131k \u0130zleme Ger\u00e7ek zamanl\u0131 s\u0131cakl\u0131k izleme<\/p>","protected":false},"featured_media":17577,"comment_status":"open","ping_status":"closed","template":"","meta":{"_monsterinsights_skip_tracking":false,"_monsterinsights_sitenote_active":false,"_monsterinsights_sitenote_note":"","_monsterinsights_sitenote_category":0},"product_cat":[444],"product_tag":[],"aioseo_notices":[],"jetpack_sharing_enabled":true,"_links":{"self":[{"href":"https:\/\/digitaltarget.com.tr\/en\/wp-json\/wp\/v2\/product\/17576"}],"collection":[{"href":"https:\/\/digitaltarget.com.tr\/en\/wp-json\/wp\/v2\/product"}],"about":[{"href":"https:\/\/digitaltarget.com.tr\/en\/wp-json\/wp\/v2\/types\/product"}],"replies":[{"embeddable":true,"href":"https:\/\/digitaltarget.com.tr\/en\/wp-json\/wp\/v2\/comments?post=17576"}],"version-history":[{"count":3,"href":"https:\/\/digitaltarget.com.tr\/en\/wp-json\/wp\/v2\/product\/17576\/revisions"}],"predecessor-version":[{"id":18956,"href":"https:\/\/digitaltarget.com.tr\/en\/wp-json\/wp\/v2\/product\/17576\/revisions\/18956"}],"wp:featuredmedia":[{"embeddable":true,"href":"https:\/\/digitaltarget.com.tr\/en\/wp-json\/wp\/v2\/media\/17577"}],"wp:attachment":[{"href":"https:\/\/digitaltarget.com.tr\/en\/wp-json\/wp\/v2\/media?parent=17576"}],"wp:term":[{"taxonomy":"product_cat","embeddable":true,"href":"https:\/\/digitaltarget.com.tr\/en\/wp-json\/wp\/v2\/product_cat?post=17576"},{"taxonomy":"product_tag","embeddable":true,"href":"https:\/\/digitaltarget.com.tr\/en\/wp-json\/wp\/v2\/product_tag?post=17576"}],"curies":[{"name":"wp","href":"https:\/\/api.w.org\/{rel}","templated":true}]}}