{"id":17588,"date":"2023-11-24T13:23:14","date_gmt":"2023-11-24T13:23:14","guid":{"rendered":"https:\/\/digitaltarget.com.tr\/?post_type=product&#038;p=17588"},"modified":"2024-08-02T09:53:39","modified_gmt":"2024-08-02T09:53:39","slug":"holybro-sik-telemetry-radio-v3-500mw-915mhz","status":"publish","type":"product","link":"https:\/\/digitaltarget.com.tr\/en\/product\/holybro-sik-telemetry-radio-v3-500mw-915mhz\/","title":{"rendered":"HolyBro SiK Telemetry Radio V3 500mW 915MHz"},"content":{"rendered":"<h2>HolyBro SiK Telemetry Radio V3 500mW 915MHz<\/h2>\n<h3>Overview<\/h3>\n<p class=\" translation-block\">The HolyBro SiK Telemetry Radio is a lightweight and affordable open source radio platform that provides range beyond 300m, typically out of the box; it can be extended to several kilometers when using a patch antenna.<br>This radio provides a plug-and-play method to establish a telemetry link between Pixhawk standard and other flight controllers, autopilots and a ground station. It uses open source software specifically designed to work well with MAVLink packages and integrate with mission planners, Ardupilot, QGroundControl and PX4 Autopilot.<br>The radio can be on 915MHz or 433MHz frequencies and the appropriate model for your country\/region should be purchased.<\/p>\n<p>Note: This radio does not support software installation via Mission Planner 1.3.75 or earlier. If software installation is required, use Mission Planner 1.3.75.1 or later.<\/p>\n<h3>Features<\/h3>\n<ul>\n<li>Open source SiK software<\/li>\n<li>Pixhawk is plug-and-play for standard flight controllers<\/li>\n<li>The easiest way to connect autopilot and ground station<\/li>\n<li>Air and ground radios can be switched<\/li>\n<li>Micro-USB port (Type-C adapter cable included)<\/li>\n<li>6-position JST-GH connector<\/li>\n<\/ul>\n<h3>Technical Specifications<\/h3>\n<ul>\n<li>Maximum Output Power: 100mW (adjustable) -117dBm sensitivity<\/li>\n<li>RP-SMA Connector<\/li>\n<li>Bidirectional full-duplex communication with routable TDM UART interface<\/li>\n<li>Transparent serial connection<\/li>\n<li>MAVLink protocol framing<\/li>\n<li>Frequency hopping spread spectrum (FHSS) adjustable duty cycle<\/li>\n<li>Error correction, open source SiK software can fix 25% bit error<\/li>\n<li>Configurable with Mission Planner and APM Planner<\/li>\n<li>FT230X, a USB to basic UART IC<\/li>\n<\/ul>\n<h3>Dimensions<\/h3>\n<p>28x53x10.7mm (without antenna)<\/p>\n<h3>Electricity Data<\/h3>\n<ul>\n<li>Supply Voltage: 5V DC (USB or JST-GH)<\/li>\n<li>Transmission Current: 100mA @ 20dBm<\/li>\n<li>Current Received 25mA<\/li>\n<li>Serial Interface 3.3V UART<\/li>\n<\/ul>","protected":false},"excerpt":{"rendered":"<p>HolyBro SiK Telemetri Radyo V3 500mW 915MHz Genel Bak\u0131\u015f HolyBro SiK Telemetri Radyo, genellikle kutudan \u00e7\u0131kt\u0131\u011f\u0131 gibi 300m&#8217;nin \u00f6tesinde menzil<\/p>","protected":false},"featured_media":17589,"comment_status":"open","ping_status":"closed","template":"","meta":{"_monsterinsights_skip_tracking":false,"_monsterinsights_sitenote_active":false,"_monsterinsights_sitenote_note":"","_monsterinsights_sitenote_category":0},"product_cat":[431,355,358,385],"product_tag":[],"aioseo_notices":[],"jetpack_sharing_enabled":true,"_links":{"self":[{"href":"https:\/\/digitaltarget.com.tr\/en\/wp-json\/wp\/v2\/product\/17588"}],"collection":[{"href":"https:\/\/digitaltarget.com.tr\/en\/wp-json\/wp\/v2\/product"}],"about":[{"href":"https:\/\/digitaltarget.com.tr\/en\/wp-json\/wp\/v2\/types\/product"}],"replies":[{"embeddable":true,"href":"https:\/\/digitaltarget.com.tr\/en\/wp-json\/wp\/v2\/comments?post=17588"}],"version-history":[{"count":3,"href":"https:\/\/digitaltarget.com.tr\/en\/wp-json\/wp\/v2\/product\/17588\/revisions"}],"predecessor-version":[{"id":19142,"href":"https:\/\/digitaltarget.com.tr\/en\/wp-json\/wp\/v2\/product\/17588\/revisions\/19142"}],"wp:featuredmedia":[{"embeddable":true,"href":"https:\/\/digitaltarget.com.tr\/en\/wp-json\/wp\/v2\/media\/17589"}],"wp:attachment":[{"href":"https:\/\/digitaltarget.com.tr\/en\/wp-json\/wp\/v2\/media?parent=17588"}],"wp:term":[{"taxonomy":"product_cat","embeddable":true,"href":"https:\/\/digitaltarget.com.tr\/en\/wp-json\/wp\/v2\/product_cat?post=17588"},{"taxonomy":"product_tag","embeddable":true,"href":"https:\/\/digitaltarget.com.tr\/en\/wp-json\/wp\/v2\/product_tag?post=17588"}],"curies":[{"name":"wp","href":"https:\/\/api.w.org\/{rel}","templated":true}]}}