{"id":17609,"date":"2023-11-24T14:25:39","date_gmt":"2023-11-24T14:25:39","guid":{"rendered":"https:\/\/digitaltarget.com.tr\/?post_type=product&#038;p=17609"},"modified":"2024-08-02T09:32:26","modified_gmt":"2024-08-02T09:32:26","slug":"corona-ds339mg-digital-metal-gear-servo-4-4kg-0-15sec-32g-for-rc-model","status":"publish","type":"product","link":"https:\/\/digitaltarget.com.tr\/en\/product\/corona-ds339mg-digital-metal-gear-servo-4-4kg-0-15sec-32g-for-rc-model\/","title":{"rendered":"Corona DS339MG Digital Metal Gear Servo 4.4kg\/0.15sec\/32g For RC Model"},"content":{"rendered":"<table>\n<tbody>\n<tr>\n<td><strong>PRODUCT NO<\/strong><\/td>\n<td>DS339MG<\/td>\n<\/tr>\n<tr>\n<td><strong>DIMENSION<\/strong><\/td>\n<td>32.5X17X34.5MM (1.28\u00b0) (0.67\u00b0X1.36\u00b0)<\/td>\n<\/tr>\n<tr>\n<td><strong>WEIGHT<\/strong><\/td>\n<td>32G<\/td>\n<\/tr>\n<tr>\n<td><strong>OPERATING VOLTAGE<\/strong><\/td>\n<td>4.8V \/ 6.0V<\/td>\n<\/tr>\n<tr>\n<td><strong>WORKING CURRENT<\/strong><\/td>\n<td>300MA \/ 400MA<\/td>\n<\/tr>\n<tr>\n<td><strong>OPERATION SPEED<\/strong><\/td>\n<td>0.14SN.600 \/ 0.15SN.600<\/td>\n<\/tr>\n<tr>\n<td><strong>STALL TORQUE<\/strong><\/td>\n<td>4.4KG.CM \/ 5.0KG.CM<\/td>\n<\/tr>\n<tr>\n<td><strong>DEAD BAND<\/strong><\/td>\n<td>\u22643USEC<\/td>\n<\/tr>\n<tr>\n<td><strong>WORK PATH<\/strong><\/td>\n<td>400 \/ ONE SIDE PULSE PATH 400115<\/td>\n<\/tr>\n<tr>\n<td><strong>Potentiometer<\/strong><\/td>\n<td>5 SLIDER \/ DIRECT DRIVE<\/td>\n<\/tr>\n<tr>\n<td><strong>BALL CUTTING BED<\/strong><\/td>\n<td>MR106<\/td>\n<\/tr>\n<tr>\n<td><strong>OUTER GEAR<\/strong><\/td>\n<td>METAL<\/td>\n<\/tr>\n<tr>\n<td><strong>CONNECTION CABLE LENGTH<\/strong><\/td>\n<td>300MM<\/td>\n<\/tr>\n<tr>\n<td><strong>OPERATING TEMPERATURE RANGE<\/strong><\/td>\n<td>-20\u00b0C TO +60\u00b0C<\/td>\n<\/tr>\n<\/tbody>\n<\/table>","protected":false},"excerpt":{"rendered":"<p>\u00dcR\u00dcN NO DS339MG BOYUT 32.5X17X34.5MM (1.28\u00b0) (0.67\u00b0X1.36\u00b0) A\u011eIRLIK 32G \u00c7ALI\u015eMA VOLTAJI 4.8V \/ 6.0V \u00c7ALI\u015eMA AKIMI 300MA \/ 400MA \u00c7ALI\u015eMA<\/p>","protected":false},"featured_media":17611,"comment_status":"open","ping_status":"closed","template":"","meta":{"_monsterinsights_skip_tracking":false,"_monsterinsights_sitenote_active":false,"_monsterinsights_sitenote_note":"","_monsterinsights_sitenote_category":0},"product_cat":[357],"product_tag":[],"aioseo_notices":[],"jetpack_sharing_enabled":true,"_links":{"self":[{"href":"https:\/\/digitaltarget.com.tr\/en\/wp-json\/wp\/v2\/product\/17609"}],"collection":[{"href":"https:\/\/digitaltarget.com.tr\/en\/wp-json\/wp\/v2\/product"}],"about":[{"href":"https:\/\/digitaltarget.com.tr\/en\/wp-json\/wp\/v2\/types\/product"}],"replies":[{"embeddable":true,"href":"https:\/\/digitaltarget.com.tr\/en\/wp-json\/wp\/v2\/comments?post=17609"}],"version-history":[{"count":3,"href":"https:\/\/digitaltarget.com.tr\/en\/wp-json\/wp\/v2\/product\/17609\/revisions"}],"predecessor-version":[{"id":19138,"href":"https:\/\/digitaltarget.com.tr\/en\/wp-json\/wp\/v2\/product\/17609\/revisions\/19138"}],"wp:featuredmedia":[{"embeddable":true,"href":"https:\/\/digitaltarget.com.tr\/en\/wp-json\/wp\/v2\/media\/17611"}],"wp:attachment":[{"href":"https:\/\/digitaltarget.com.tr\/en\/wp-json\/wp\/v2\/media?parent=17609"}],"wp:term":[{"taxonomy":"product_cat","embeddable":true,"href":"https:\/\/digitaltarget.com.tr\/en\/wp-json\/wp\/v2\/product_cat?post=17609"},{"taxonomy":"product_tag","embeddable":true,"href":"https:\/\/digitaltarget.com.tr\/en\/wp-json\/wp\/v2\/product_tag?post=17609"}],"curies":[{"name":"wp","href":"https:\/\/api.w.org\/{rel}","templated":true}]}}