{"id":17626,"date":"2023-11-27T13:22:41","date_gmt":"2023-11-27T13:22:41","guid":{"rendered":"https:\/\/digitaltarget.com.tr\/?post_type=product&#038;p=17626"},"modified":"2024-08-02T09:29:10","modified_gmt":"2024-08-02T09:29:10","slug":"eachine-ev800dm-varifocal-5-8g-40ch-diversity-fpv-goggles","status":"publish","type":"product","link":"https:\/\/digitaltarget.com.tr\/en\/product\/eachine-ev800dm-varifocal-5-8g-40ch-diversity-fpv-goggles\/","title":{"rendered":"Everyine EV800DM Variable Focus 5.8G 40CH Diversity FPV Goggles"},"content":{"rendered":"<p><strong>Description:<\/strong><\/p>\n<table style=\"height: 680px; width: 580px;\" cellspacing=\"0\" cellpadding=\"0\">\n<tbody>\n<tr>\n<td>Brand Name<\/td>\n<td>EACHINE<\/td>\n<\/tr>\n<tr>\n<td>View<\/td>\n<td>Size: 150*170*80mm Weight: 320g Belt without antenna: Three-way adjustable belt<\/td>\n<\/tr>\n<tr>\n<td>Features<\/td>\n<td>720*576px full frame rate recording with DVR, no frame loss (C10 card required) Menu replay C10 card required for full frame rate recording<\/td>\n<\/tr>\n<tr>\n<td>Diversity<\/td>\n<td>2 RX5808 PRO modules -90dB Super sensitivity Excellent performance when using Linear and Omni antennas<\/td>\n<\/tr>\n<tr>\n<td>Monitor<\/td>\n<td>Screen size: 3.0 inch Screen resolution: 900*600 (No blur when magnified by lens) Screen brightness: 600cd\/m2, special high brightness LED Interface for outdoor FPV: 4:3 Viewing Angle: 140\/120 degrees (Horizontal\/Vertical)<\/td>\n<\/tr>\n<tr>\n<td>Lens<\/td>\n<td>Speeding up video by a factor of 3 gives it a dark feel; 92% transparency is degraded when exposed to light;<\/td>\n<\/tr>\n<tr>\n<td>Variable focus<\/td>\n<td>20mm focal length adjustable; Multi-stop design for individual vertical user adjustments; For more users with different eye health<\/td>\n<\/tr>\n<tr>\n<td>Glasses Compatibility<\/td>\n<td>Suitable for use with glasses;<\/td>\n<\/tr>\n<tr>\n<td>Battery<\/td>\n<td>Integrated 3.8V\/2000mAh battery; Each battery cycle provides approximately 2.2 hours runtime; Wide charging voltage range of 5-18V, usually charged with 5V\/2A charger: 5V, 2A, DC 2.5mm Used as backup power for long runtimes 2S (7.4V) \/ 3S (11.1V) battery.<\/td>\n<\/tr>\n<\/tbody>\n<\/table>","protected":false},"excerpt":{"rendered":"<p>A\u00e7\u0131klama: Marka Ad\u0131 EACHINE G\u00f6r\u00fcn\u00fcm Boyut: 150*170*80mm A\u011f\u0131rl\u0131k: 320g anten olmadan Kemer: \u00dc\u00e7 y\u00f6nl\u00fc ayarlanabilir kemer \u00d6zellikler 720*576px tam kare<\/p>","protected":false},"featured_media":17631,"comment_status":"open","ping_status":"closed","template":"","meta":{"_monsterinsights_skip_tracking":false,"_monsterinsights_sitenote_active":false,"_monsterinsights_sitenote_note":"","_monsterinsights_sitenote_category":0},"product_cat":[439],"product_tag":[],"aioseo_notices":[],"jetpack_sharing_enabled":true,"_links":{"self":[{"href":"https:\/\/digitaltarget.com.tr\/en\/wp-json\/wp\/v2\/product\/17626"}],"collection":[{"href":"https:\/\/digitaltarget.com.tr\/en\/wp-json\/wp\/v2\/product"}],"about":[{"href":"https:\/\/digitaltarget.com.tr\/en\/wp-json\/wp\/v2\/types\/product"}],"replies":[{"embeddable":true,"href":"https:\/\/digitaltarget.com.tr\/en\/wp-json\/wp\/v2\/comments?post=17626"}],"version-history":[{"count":3,"href":"https:\/\/digitaltarget.com.tr\/en\/wp-json\/wp\/v2\/product\/17626\/revisions"}],"predecessor-version":[{"id":19136,"href":"https:\/\/digitaltarget.com.tr\/en\/wp-json\/wp\/v2\/product\/17626\/revisions\/19136"}],"wp:featuredmedia":[{"embeddable":true,"href":"https:\/\/digitaltarget.com.tr\/en\/wp-json\/wp\/v2\/media\/17631"}],"wp:attachment":[{"href":"https:\/\/digitaltarget.com.tr\/en\/wp-json\/wp\/v2\/media?parent=17626"}],"wp:term":[{"taxonomy":"product_cat","embeddable":true,"href":"https:\/\/digitaltarget.com.tr\/en\/wp-json\/wp\/v2\/product_cat?post=17626"},{"taxonomy":"product_tag","embeddable":true,"href":"https:\/\/digitaltarget.com.tr\/en\/wp-json\/wp\/v2\/product_tag?post=17626"}],"curies":[{"name":"wp","href":"https:\/\/api.w.org\/{rel}","templated":true}]}}