{"id":17638,"date":"2023-12-02T16:06:44","date_gmt":"2023-12-02T16:06:44","guid":{"rendered":"https:\/\/digitaltarget.com.tr\/?post_type=product&#038;p=17638"},"modified":"2024-12-19T14:42:11","modified_gmt":"2024-12-19T14:42:11","slug":"xt30-xt60-xt90-connector-male-female-plug-bullet-welding-terminal","status":"publish","type":"product","link":"https:\/\/digitaltarget.com.tr\/en\/product\/xt30-xt60-xt90-connector-male-female-plug-bullet-welding-terminal\/","title":{"rendered":"XT30 \/ XT60 \/ XT90 Connector Male Female Plug Bullet Welding Terminal"},"content":{"rendered":"<p><strong>XT30 Connector Female Plug Bullet Welding Terminal<\/strong><\/p>\n<p class=\" translation-block\"><strong>Product Name:<\/strong> XT30\/XT60\/XT90 Connector Male\/Female Plug Bullet Welding Terminal<\/p>\n<p class=\" translation-block\"><strong>Nominal Voltage:<\/strong> DC 500V<\/p>\n<p class=\" translation-block\"><strong>Continuous Current\/Instantaneous Current:<\/strong> 30A\/60A<\/p>\n<p class=\" translation-block\"><strong>Contact:<\/strong> Brass, gold plated<\/p>\n<p class=\" translation-block\"><strong>Connection Method:<\/strong> Welding Type \/ Cold Press Type<\/p>\n<p class=\" translation-block\"><strong>Insulation Material:<\/strong> PA66<\/p>\n<p class=\" translation-block\"><strong>Flame Retardant Rating:<\/strong> UL94 V-0<\/p>\n<p class=\" translation-block\"><strong>Flame Retardant Rating:<\/strong> UL94 V-0<\/p>\n<p class=\" translation-block\"><strong>Recommended Usage Time:<\/strong> 1000 times<\/p>","protected":false},"excerpt":{"rendered":"<p>XT30 Konnekt\u00f6r Di\u015fi Fi\u015f Mermi Kaynak Terminali \u00dcr\u00fcn Ad\u0131: XT30 \/ XT60 \/ XT90 Konnekt\u00f6r Erkek\/Di\u015fi Fi\u015f Mermi Kaynak Terminali<\/p>","protected":false},"featured_media":17653,"comment_status":"open","ping_status":"closed","template":"","meta":{"_monsterinsights_skip_tracking":false,"_monsterinsights_sitenote_active":false,"_monsterinsights_sitenote_note":"","_monsterinsights_sitenote_category":0},"product_cat":[349],"product_tag":[],"aioseo_notices":[],"jetpack_sharing_enabled":true,"_links":{"self":[{"href":"https:\/\/digitaltarget.com.tr\/en\/wp-json\/wp\/v2\/product\/17638"}],"collection":[{"href":"https:\/\/digitaltarget.com.tr\/en\/wp-json\/wp\/v2\/product"}],"about":[{"href":"https:\/\/digitaltarget.com.tr\/en\/wp-json\/wp\/v2\/types\/product"}],"replies":[{"embeddable":true,"href":"https:\/\/digitaltarget.com.tr\/en\/wp-json\/wp\/v2\/comments?post=17638"}],"version-history":[{"count":4,"href":"https:\/\/digitaltarget.com.tr\/en\/wp-json\/wp\/v2\/product\/17638\/revisions"}],"predecessor-version":[{"id":18948,"href":"https:\/\/digitaltarget.com.tr\/en\/wp-json\/wp\/v2\/product\/17638\/revisions\/18948"}],"wp:featuredmedia":[{"embeddable":true,"href":"https:\/\/digitaltarget.com.tr\/en\/wp-json\/wp\/v2\/media\/17653"}],"wp:attachment":[{"href":"https:\/\/digitaltarget.com.tr\/en\/wp-json\/wp\/v2\/media?parent=17638"}],"wp:term":[{"taxonomy":"product_cat","embeddable":true,"href":"https:\/\/digitaltarget.com.tr\/en\/wp-json\/wp\/v2\/product_cat?post=17638"},{"taxonomy":"product_tag","embeddable":true,"href":"https:\/\/digitaltarget.com.tr\/en\/wp-json\/wp\/v2\/product_tag?post=17638"}],"curies":[{"name":"wp","href":"https:\/\/api.w.org\/{rel}","templated":true}]}}