{"id":17655,"date":"2023-12-02T17:06:50","date_gmt":"2023-12-02T17:06:50","guid":{"rendered":"https:\/\/digitaltarget.com.tr\/?post_type=product&#038;p=17655"},"modified":"2024-12-19T14:41:10","modified_gmt":"2024-12-19T14:41:10","slug":"high-quality-silicone-10awg-12awg-14awg-wire-and-cable","status":"publish","type":"product","link":"https:\/\/digitaltarget.com.tr\/en\/product\/high-quality-silicone-10awg-12awg-14awg-wire-and-cable\/","title":{"rendered":"High quality silicone 10AWG 12AWG 14AWG wire and cable"},"content":{"rendered":"<p><strong>14AWG (2 square millimeters)<\/strong><\/p>\n<ul>\n<li class=\" translation-block\"><strong>Temperature:<\/strong> -65\u00b0C to +200\u00b0C<\/li>\n<li class=\" translation-block\"><strong>Color:<\/strong> Black<\/li>\n<li class=\" translation-block\"><strong>Wire Diameter:<\/strong> 0.08mm<\/li>\n<li class=\" translation-block\"><strong>Wire Fibers:<\/strong> 400 strands<\/li>\n<li class=\" translation-block\"><strong>Wire Fibers:<\/strong> 400 strands<\/li>\n<\/ul>\n<p><strong>12AWG (3.4 square millimeters)<\/strong><\/p>\n<ul>\n<li class=\" translation-block\"><strong>Temperature:<\/strong> -65\u00b0C to +200\u00b0C<\/li>\n<li class=\" translation-block\"><strong>Color:<\/strong> Red<\/li>\n<li class=\" translation-block\"><strong>Wire Diameter:<\/strong> 0.08mm<\/li>\n<li class=\" translation-block\"><strong>Wire Fibers:<\/strong> 680 strands<\/li>\n<li class=\" translation-block\"><strong>Outer Diameter:<\/strong> 4.5mm<\/li>\n<\/ul>\n<p><strong>10AWG (5.3 square millimeters)<\/strong><\/p>\n<ul>\n<li class=\" translation-block\"><strong>Temperature:<\/strong> -65\u00b0C to +200\u00b0C<\/li>\n<li class=\" translation-block\"><strong>Color:<\/strong> Black<\/li>\n<li class=\" translation-block\"><strong>Wire Diameter:<\/strong> 0.08mm<\/li>\n<li class=\" translation-block\"><strong>Wire Fibers:<\/strong> 1050 strands<\/li>\n<li class=\" translation-block\"><strong>Outer Diameter:<\/strong> 5.5mm<\/li>\n<\/ul>","protected":false},"excerpt":{"rendered":"<p>14AWG (2 milimetrekare) S\u0131cakl\u0131k: -65\u00b0C ile +200\u00b0C Renk: Siyah Tel \u00c7ap\u0131: 0.08mm Tel Lifleri: 400 tel D\u0131\u015f \u00c7ap: 3.5mm 12AWG<\/p>","protected":false},"featured_media":17674,"comment_status":"open","ping_status":"closed","template":"","meta":{"_monsterinsights_skip_tracking":false,"_monsterinsights_sitenote_active":false,"_monsterinsights_sitenote_note":"","_monsterinsights_sitenote_category":0},"product_cat":[353],"product_tag":[],"aioseo_notices":[],"jetpack_sharing_enabled":true,"_links":{"self":[{"href":"https:\/\/digitaltarget.com.tr\/en\/wp-json\/wp\/v2\/product\/17655"}],"collection":[{"href":"https:\/\/digitaltarget.com.tr\/en\/wp-json\/wp\/v2\/product"}],"about":[{"href":"https:\/\/digitaltarget.com.tr\/en\/wp-json\/wp\/v2\/types\/product"}],"replies":[{"embeddable":true,"href":"https:\/\/digitaltarget.com.tr\/en\/wp-json\/wp\/v2\/comments?post=17655"}],"version-history":[{"count":3,"href":"https:\/\/digitaltarget.com.tr\/en\/wp-json\/wp\/v2\/product\/17655\/revisions"}],"predecessor-version":[{"id":18941,"href":"https:\/\/digitaltarget.com.tr\/en\/wp-json\/wp\/v2\/product\/17655\/revisions\/18941"}],"wp:featuredmedia":[{"embeddable":true,"href":"https:\/\/digitaltarget.com.tr\/en\/wp-json\/wp\/v2\/media\/17674"}],"wp:attachment":[{"href":"https:\/\/digitaltarget.com.tr\/en\/wp-json\/wp\/v2\/media?parent=17655"}],"wp:term":[{"taxonomy":"product_cat","embeddable":true,"href":"https:\/\/digitaltarget.com.tr\/en\/wp-json\/wp\/v2\/product_cat?post=17655"},{"taxonomy":"product_tag","embeddable":true,"href":"https:\/\/digitaltarget.com.tr\/en\/wp-json\/wp\/v2\/product_tag?post=17655"}],"curies":[{"name":"wp","href":"https:\/\/api.w.org\/{rel}","templated":true}]}}