{"id":17676,"date":"2023-12-04T21:55:05","date_gmt":"2023-12-04T21:55:05","guid":{"rendered":"https:\/\/digitaltarget.com.tr\/?post_type=product&#038;p=17676"},"modified":"2024-08-02T09:27:40","modified_gmt":"2024-08-02T09:27:40","slug":"holybro-pixhawk-6c-autopilot-h743-flight-controller-pm02-with-m8n-gps-module","status":"publish","type":"product","link":"https:\/\/digitaltarget.com.tr\/en\/product\/holybro-pixhawk-6c-autopilot-h743-flight-controller-pm02-with-m8n-gps-module\/","title":{"rendered":"Holybro Pixhawk 6C Autopilot H743 Flight Controller PM02 with M8N GPS Module"},"content":{"rendered":"<p class=\" translation-block\">Pixhawk\u00ae 6C is the latest update to the successful family of Pixhawk\u00ae flight controllers and is based on <a class=\"\" href=\"https:\/\/github.com\/pixhawk\/Pixhawk-Standards\/blob\/master\/DS-009PixhawkConnectorStandard.pdf\" target=\"_self\" rel=\"noopener\">the<\/a> Pixhawk\u00ae FMUv6C Open Standard and <a class=\"\" href=\"https:\/\/github.com\/pixhawk\/Pixhawk-Standards\/blob\/master\/DS-009PixhawkConnectorStandard.pdf\" target=\"_self\" rel=\"noopener\">Connectivity Standard<\/a>. It comes with PX4 Autopilot\u00ae pre-installed. Inside the Pixhawk\u00ae 6C is STM32H743 based on STMicroelectronics\u00ae and equipped with sensor technology from Bosch\u00ae &amp; InvenSense\u00ae, which provides flexibility and reliability to control any autonomous vehicle and is suitable for both academic and commercial applications.<\/p>\n<p>Pixhawk\u00ae 6C's H7 microcontroller features an Arm\u00ae Cortex\u00ae-M7 core running at speeds up to 480 MHz, with 2MB flash memory and 1MB RAM. Thanks to the updated processing power, developers can be more productive and efficient in their development work, developing complex algorithms and models. FMUv6C is designed with open standard, high-performance, low-noise IMUs, providing IMU redundancy while being cost-effective. The integrated vibration isolation system, which filters high frequency vibration and reduces noise, ensures accurate readings and improves the overall flight performance of the vehicles.<\/p>\n<p>Pixhawk\u00ae 6C is perfect for developers in corporate research labs, startups, academic (research, professors, students) and commercial applications.<\/p>\n<p><strong>Main Design Points<\/strong><\/p>\n<ul>\n<li>High performance H7 Processor with clock speed up to 480 MHz<\/li>\n<li>New cost-effective design with a low-profile form factor<\/li>\n<li>Redundant motion measurement unit (IMU) from Bosch\u00ae &amp; InvenSense\u00ae<\/li>\n<li>Newly designed integrated vibration isolation system that filters high frequency vibration and reduces noise<\/li>\n<li>IMUs are temperature-controlled by on-board heaters that provide the optimum operating temperature of the IMUs<\/li>\n<\/ul>","protected":false},"excerpt":{"rendered":"<p>Pixhawk\u00ae 6C, Pixhawk\u00ae u\u00e7u\u015f kontrolc\u00fclerinin ba\u015far\u0131l\u0131 ailesinin en son g\u00fcncellemesidir ve Pixhawk\u00ae FMUv6C A\u00e7\u0131k Standart\u0131 ve Ba\u011flant\u0131 Standart\u0131 temel al\u0131narak<\/p>","protected":false},"featured_media":17679,"comment_status":"open","ping_status":"closed","template":"","meta":{"_monsterinsights_skip_tracking":false,"_monsterinsights_sitenote_active":false,"_monsterinsights_sitenote_note":"","_monsterinsights_sitenote_category":0},"product_cat":[355,358,354,385],"product_tag":[],"aioseo_notices":[],"jetpack_sharing_enabled":true,"_links":{"self":[{"href":"https:\/\/digitaltarget.com.tr\/en\/wp-json\/wp\/v2\/product\/17676"}],"collection":[{"href":"https:\/\/digitaltarget.com.tr\/en\/wp-json\/wp\/v2\/product"}],"about":[{"href":"https:\/\/digitaltarget.com.tr\/en\/wp-json\/wp\/v2\/types\/product"}],"replies":[{"embeddable":true,"href":"https:\/\/digitaltarget.com.tr\/en\/wp-json\/wp\/v2\/comments?post=17676"}],"version-history":[{"count":3,"href":"https:\/\/digitaltarget.com.tr\/en\/wp-json\/wp\/v2\/product\/17676\/revisions"}],"predecessor-version":[{"id":19134,"href":"https:\/\/digitaltarget.com.tr\/en\/wp-json\/wp\/v2\/product\/17676\/revisions\/19134"}],"wp:featuredmedia":[{"embeddable":true,"href":"https:\/\/digitaltarget.com.tr\/en\/wp-json\/wp\/v2\/media\/17679"}],"wp:attachment":[{"href":"https:\/\/digitaltarget.com.tr\/en\/wp-json\/wp\/v2\/media?parent=17676"}],"wp:term":[{"taxonomy":"product_cat","embeddable":true,"href":"https:\/\/digitaltarget.com.tr\/en\/wp-json\/wp\/v2\/product_cat?post=17676"},{"taxonomy":"product_tag","embeddable":true,"href":"https:\/\/digitaltarget.com.tr\/en\/wp-json\/wp\/v2\/product_tag?post=17676"}],"curies":[{"name":"wp","href":"https:\/\/api.w.org\/{rel}","templated":true}]}}