{"id":17708,"date":"2023-12-18T18:43:27","date_gmt":"2023-12-18T18:43:27","guid":{"rendered":"https:\/\/digitaltarget.com.tr\/?post_type=product&#038;p=17708"},"modified":"2024-08-26T13:17:07","modified_gmt":"2024-08-26T13:17:07","slug":"anycubic-photon-m3-max-3d-printer","status":"publish","type":"product","link":"https:\/\/digitaltarget.com.tr\/en\/product\/anycubic-photon-m3-max-3d-printer\/","title":{"rendered":"Resin Anycubic Photon M3 3D Printer"},"content":{"rendered":"<p>&nbsp;<\/p>\n<h2>Machine Features<\/h2>\n<table>\n<tbody>\n<tr>\n<th>Feature<\/th>\n<th>Value<\/th>\n<\/tr>\n<tr>\n<td>Machine Weight<\/td>\n<td>7kg\/15.4lb.<\/td>\n<\/tr>\n<tr>\n<td>Machine Dimensions<\/td>\n<td>16.7&#215;10.6&#215;10.1in.\/425x269x256mm(UxGxY)<\/td>\n<\/tr>\n<tr>\n<td>Print Volume<\/td>\n<td>2.99L\/101.19oz.<\/td>\n<\/tr>\n<tr>\n<td>Print Dimensions<\/td>\n<td>7.1&#215;6.5&#215;4.0in.\/180x164x102mm(UxGxY)<\/td>\n<\/tr>\n<tr>\n<td>Print Speed<\/td>\n<td>\u226450mm\/hour<\/td>\n<\/tr>\n<tr>\n<td>Machine Calibration<\/td>\n<td>4-point manual calibration<\/td>\n<\/tr>\n<tr>\n<td>Light Source<\/td>\n<td>Parallel matrix light source<\/td>\n<\/tr>\n<tr>\n<td>\u226430,735 lux luminous intensity: Z Axis<\/td>\n<td><\/td>\n<\/tr>\n<tr>\n<td>Single guide rail<\/td>\n<td>Resin pool<\/td>\n<\/tr>\n<tr>\n<td>Integrated scale design<\/td>\n<td><\/td>\n<\/tr>\n<tr>\n<td>Exposure Screen<\/td>\n<td>7.6\u2033 monochrome screen<\/td>\n<\/tr>\n<tr>\n<td>Resolution<\/td>\n<td>4K+ (4,098 x 2,560px)<\/td>\n<\/tr>\n<tr>\n<td>Contrast<\/td>\n<td>400:1<\/td>\n<\/tr>\n<tr>\n<td>Light Transmittance<\/td>\n<td>%4<\/td>\n<\/tr>\n<tr>\n<td>Lifetime<\/td>\n<td>2,000 hour<\/td>\n<\/tr>\n<tr>\n<td>Building Platform<\/td>\n<td>Laser machined aluminum alloy<\/td>\n<\/tr>\n<tr>\n<td>Control Panel<\/td>\n<td>2.8\u2033 resistive touch control<\/td>\n<\/tr>\n<tr>\n<td>Removable Cover<\/td>\n<td>99.95% blocks UV rays<\/td>\n<\/tr>\n<tr>\n<td>Screen Protector<\/td>\n<td>Replaceable scratch-resistant film<\/td>\n<\/tr>\n<tr>\n<td>Power Supply<\/td>\n<td>55W nominal power<\/td>\n<\/tr>\n<tr>\n<td>Data Entry<\/td>\n<td>USB Type-A 2.0<\/td>\n<\/tr>\n<\/tbody>\n<\/table>\n<p>&nbsp;<\/p>","protected":false},"excerpt":{"rendered":"<p>&nbsp; Makine \u00d6zellikleri \u00d6zellik De\u011fer Makine A\u011f\u0131rl\u0131\u011f\u0131 7kg\/15.4lb. Makine Boyutlar\u0131 16.7&#215;10.6&#215;10.1in.\/425x269x256mm(UxGxY) Bask\u0131 Hacmi 2.99L\/101.19oz. Bask\u0131 Boyutlar\u0131 7.1&#215;6.5&#215;4.0in.\/180x164x102mm(UxGxY) Bask\u0131 H\u0131z\u0131 \u226450mm\/saat<\/p>","protected":false},"featured_media":17709,"comment_status":"open","ping_status":"closed","template":"","meta":{"_monsterinsights_skip_tracking":false,"_monsterinsights_sitenote_active":false,"_monsterinsights_sitenote_note":"","_monsterinsights_sitenote_category":0},"product_cat":[379],"product_tag":[],"aioseo_notices":[],"jetpack_sharing_enabled":true,"_links":{"self":[{"href":"https:\/\/digitaltarget.com.tr\/en\/wp-json\/wp\/v2\/product\/17708"}],"collection":[{"href":"https:\/\/digitaltarget.com.tr\/en\/wp-json\/wp\/v2\/product"}],"about":[{"href":"https:\/\/digitaltarget.com.tr\/en\/wp-json\/wp\/v2\/types\/product"}],"replies":[{"embeddable":true,"href":"https:\/\/digitaltarget.com.tr\/en\/wp-json\/wp\/v2\/comments?post=17708"}],"version-history":[{"count":4,"href":"https:\/\/digitaltarget.com.tr\/en\/wp-json\/wp\/v2\/product\/17708\/revisions"}],"predecessor-version":[{"id":18938,"href":"https:\/\/digitaltarget.com.tr\/en\/wp-json\/wp\/v2\/product\/17708\/revisions\/18938"}],"wp:featuredmedia":[{"embeddable":true,"href":"https:\/\/digitaltarget.com.tr\/en\/wp-json\/wp\/v2\/media\/17709"}],"wp:attachment":[{"href":"https:\/\/digitaltarget.com.tr\/en\/wp-json\/wp\/v2\/media?parent=17708"}],"wp:term":[{"taxonomy":"product_cat","embeddable":true,"href":"https:\/\/digitaltarget.com.tr\/en\/wp-json\/wp\/v2\/product_cat?post=17708"},{"taxonomy":"product_tag","embeddable":true,"href":"https:\/\/digitaltarget.com.tr\/en\/wp-json\/wp\/v2\/product_tag?post=17708"}],"curies":[{"name":"wp","href":"https:\/\/api.w.org\/{rel}","templated":true}]}}