{"id":17839,"date":"2024-01-27T08:38:21","date_gmt":"2024-01-27T08:38:21","guid":{"rendered":"https:\/\/digitaltarget.com.tr\/?post_type=product&#038;p=17839"},"modified":"2024-08-02T09:06:16","modified_gmt":"2024-08-02T09:06:16","slug":"red-m3x40mm-aluminium-knurled-spacer-standoff-10-pieces","status":"publish","type":"product","link":"https:\/\/digitaltarget.com.tr\/en\/product\/red-m3x40mm-aluminium-knurled-spacer-standoff-10-pieces\/","title":{"rendered":"Red M3\u00d740mm Aluminum Grooved Spacer - 10 Pieces"},"content":{"rendered":"<p class=\"tgt color_text_0 un-step-trans\" align=\"start\"><span class=\"tgt color_text_0\">Material: Aluminum alloy<\/span><\/p>\n<p class=\"tgt color_text_0 un-step-trans\" align=\"start\"><span class=\"tgt color_text_0 highlight\">Quantity 10 pieces<\/span><\/p>","protected":false},"excerpt":{"rendered":"<p>Malzeme: Aluminyum ala\u015f\u0131m\u0131 Miktar: 10 adet<\/p>","protected":false},"featured_media":17840,"comment_status":"open","ping_status":"closed","template":"","meta":{"_monsterinsights_skip_tracking":false,"_monsterinsights_sitenote_active":false,"_monsterinsights_sitenote_note":"","_monsterinsights_sitenote_category":0},"product_cat":[431],"product_tag":[],"aioseo_notices":[],"jetpack_sharing_enabled":true,"_links":{"self":[{"href":"https:\/\/digitaltarget.com.tr\/en\/wp-json\/wp\/v2\/product\/17839"}],"collection":[{"href":"https:\/\/digitaltarget.com.tr\/en\/wp-json\/wp\/v2\/product"}],"about":[{"href":"https:\/\/digitaltarget.com.tr\/en\/wp-json\/wp\/v2\/types\/product"}],"replies":[{"embeddable":true,"href":"https:\/\/digitaltarget.com.tr\/en\/wp-json\/wp\/v2\/comments?post=17839"}],"version-history":[{"count":3,"href":"https:\/\/digitaltarget.com.tr\/en\/wp-json\/wp\/v2\/product\/17839\/revisions"}],"predecessor-version":[{"id":19132,"href":"https:\/\/digitaltarget.com.tr\/en\/wp-json\/wp\/v2\/product\/17839\/revisions\/19132"}],"wp:featuredmedia":[{"embeddable":true,"href":"https:\/\/digitaltarget.com.tr\/en\/wp-json\/wp\/v2\/media\/17840"}],"wp:attachment":[{"href":"https:\/\/digitaltarget.com.tr\/en\/wp-json\/wp\/v2\/media?parent=17839"}],"wp:term":[{"taxonomy":"product_cat","embeddable":true,"href":"https:\/\/digitaltarget.com.tr\/en\/wp-json\/wp\/v2\/product_cat?post=17839"},{"taxonomy":"product_tag","embeddable":true,"href":"https:\/\/digitaltarget.com.tr\/en\/wp-json\/wp\/v2\/product_tag?post=17839"}],"curies":[{"name":"wp","href":"https:\/\/api.w.org\/{rel}","templated":true}]}}