{"id":17844,"date":"2024-01-27T08:56:17","date_gmt":"2024-01-27T08:56:17","guid":{"rendered":"https:\/\/digitaltarget.com.tr\/?post_type=product&#038;p=17844"},"modified":"2024-10-31T11:02:43","modified_gmt":"2024-10-31T11:02:43","slug":"payload-drop-release-mechanism","status":"publish","type":"product","link":"https:\/\/digitaltarget.com.tr\/en\/product\/payload-drop-release-mechanism\/","title":{"rendered":"Load Release Release Mechanism"},"content":{"rendered":"<h5>Alloy Release Device<\/h5>\n<p class=\" translation-block\">- Made of 7075 air aluminum<br>- Color: Silver<br>- Weight: Approx. 26g<br>- Suitable for servo MG995\/MG996R\/MG958...etc.<\/p>","protected":false},"excerpt":{"rendered":"<p>Ala\u015f\u0131ml\u0131 Serbest B\u0131rakma Cihaz\u0131 &#8211; 7075 hava al\u00fcminyumundan yap\u0131lm\u0131\u015ft\u0131r &#8211; Renk: G\u00fcm\u00fc\u015f &#8211; A\u011f\u0131rl\u0131k: Yakla\u015f\u0131k 26g &#8211; MG995\/MG996R\/MG958&#8230;vb.servo i\u00e7in uygundur<\/p>","protected":false},"featured_media":17845,"comment_status":"open","ping_status":"closed","template":"","meta":{"_monsterinsights_skip_tracking":false,"_monsterinsights_sitenote_active":false,"_monsterinsights_sitenote_note":"","_monsterinsights_sitenote_category":0},"product_cat":[431,357],"product_tag":[],"aioseo_notices":[],"jetpack_sharing_enabled":true,"_links":{"self":[{"href":"https:\/\/digitaltarget.com.tr\/en\/wp-json\/wp\/v2\/product\/17844"}],"collection":[{"href":"https:\/\/digitaltarget.com.tr\/en\/wp-json\/wp\/v2\/product"}],"about":[{"href":"https:\/\/digitaltarget.com.tr\/en\/wp-json\/wp\/v2\/types\/product"}],"replies":[{"embeddable":true,"href":"https:\/\/digitaltarget.com.tr\/en\/wp-json\/wp\/v2\/comments?post=17844"}],"version-history":[{"count":2,"href":"https:\/\/digitaltarget.com.tr\/en\/wp-json\/wp\/v2\/product\/17844\/revisions"}],"predecessor-version":[{"id":18937,"href":"https:\/\/digitaltarget.com.tr\/en\/wp-json\/wp\/v2\/product\/17844\/revisions\/18937"}],"wp:featuredmedia":[{"embeddable":true,"href":"https:\/\/digitaltarget.com.tr\/en\/wp-json\/wp\/v2\/media\/17845"}],"wp:attachment":[{"href":"https:\/\/digitaltarget.com.tr\/en\/wp-json\/wp\/v2\/media?parent=17844"}],"wp:term":[{"taxonomy":"product_cat","embeddable":true,"href":"https:\/\/digitaltarget.com.tr\/en\/wp-json\/wp\/v2\/product_cat?post=17844"},{"taxonomy":"product_tag","embeddable":true,"href":"https:\/\/digitaltarget.com.tr\/en\/wp-json\/wp\/v2\/product_tag?post=17844"}],"curies":[{"name":"wp","href":"https:\/\/api.w.org\/{rel}","templated":true}]}}