{"id":17847,"date":"2024-01-27T09:06:24","date_gmt":"2024-01-27T09:06:24","guid":{"rendered":"https:\/\/digitaltarget.com.tr\/?post_type=product&#038;p=17847"},"modified":"2025-07-22T13:38:59","modified_gmt":"2025-07-22T13:38:59","slug":"glass-fiber-anti-vibration-set-shock-absorber-damping-plate","status":"publish","type":"product","link":"https:\/\/digitaltarget.com.tr\/en\/product\/glass-fiber-anti-vibration-set-shock-absorber-damping-plate\/","title":{"rendered":"Fiber Glass Anti-vibration Kit Shock Absorber Damping Plate"},"content":{"rendered":"<p class=\" translation-block\">Color: Black<br>Material: Glass fiber<br>Suitable for different open source flight controllers such as APM 2.5\/2.6, KK, MWC etc.<\/p>\n<h3>Packaging:<\/h3>\n<p class=\" translation-block\">2 x Anti-vibration plate<br>4 x Anti-vibration ball<\/p>","protected":false},"excerpt":{"rendered":"<p>Renk: Siyah Malzeme: Cam elyaf APM 2.5\/2.6, KK, MWC vb. gibi farkl\u0131 a\u00e7\u0131k kaynakl\u0131 u\u00e7u\u015f kontrol\u00f6rleri i\u00e7in uygundur Paketleme: 2<\/p>","protected":false},"featured_media":17849,"comment_status":"open","ping_status":"closed","template":"","meta":{"_monsterinsights_skip_tracking":false,"_monsterinsights_sitenote_active":false,"_monsterinsights_sitenote_note":"","_monsterinsights_sitenote_category":0},"product_cat":[431],"product_tag":[],"aioseo_notices":[],"jetpack_sharing_enabled":true,"_links":{"self":[{"href":"https:\/\/digitaltarget.com.tr\/en\/wp-json\/wp\/v2\/product\/17847"}],"collection":[{"href":"https:\/\/digitaltarget.com.tr\/en\/wp-json\/wp\/v2\/product"}],"about":[{"href":"https:\/\/digitaltarget.com.tr\/en\/wp-json\/wp\/v2\/types\/product"}],"replies":[{"embeddable":true,"href":"https:\/\/digitaltarget.com.tr\/en\/wp-json\/wp\/v2\/comments?post=17847"}],"version-history":[{"count":3,"href":"https:\/\/digitaltarget.com.tr\/en\/wp-json\/wp\/v2\/product\/17847\/revisions"}],"predecessor-version":[{"id":18936,"href":"https:\/\/digitaltarget.com.tr\/en\/wp-json\/wp\/v2\/product\/17847\/revisions\/18936"}],"wp:featuredmedia":[{"embeddable":true,"href":"https:\/\/digitaltarget.com.tr\/en\/wp-json\/wp\/v2\/media\/17849"}],"wp:attachment":[{"href":"https:\/\/digitaltarget.com.tr\/en\/wp-json\/wp\/v2\/media?parent=17847"}],"wp:term":[{"taxonomy":"product_cat","embeddable":true,"href":"https:\/\/digitaltarget.com.tr\/en\/wp-json\/wp\/v2\/product_cat?post=17847"},{"taxonomy":"product_tag","embeddable":true,"href":"https:\/\/digitaltarget.com.tr\/en\/wp-json\/wp\/v2\/product_tag?post=17847"}],"curies":[{"name":"wp","href":"https:\/\/api.w.org\/{rel}","templated":true}]}}