{"id":17873,"date":"2024-01-27T22:31:31","date_gmt":"2024-01-27T22:31:31","guid":{"rendered":"https:\/\/digitaltarget.com.tr\/?post_type=product&#038;p=17873"},"modified":"2024-09-23T08:40:09","modified_gmt":"2024-09-23T08:40:09","slug":"dual-led-display-63a-80a-din-rail-230v-adjustable-voltage-surge-protector-relay","status":"publish","type":"product","link":"https:\/\/digitaltarget.com.tr\/en\/product\/dual-led-display-63a-80a-din-rail-230v-adjustable-voltage-surge-protector-relay\/","title":{"rendered":"Double LED Display 63A \/ 80A Din Rail 230V Adjustable Voltage Surge Protection Relay"},"content":{"rendered":"<div data-spm-anchor-id=\"a2g0o.detail.1000023.i2.62d95d8aMNmVcA\">\n<h2>Home Use Dual LED Display 63A 80A Din Rail 230V Adjustable Voltage Surge Protection Relay With Limit Current Protection<\/h2>\n<h3>Product Description<\/h3>\n<p>SVP series SINOTIMER brand automatic surge and undervoltage protector is suitable for single-phase AC 230V or 120V, 50\/60Hz, rated working current 40A, 63A, 80A or less loads. It is mainly used for overvoltage, undervoltage or overcurrent protection of distribution lines for residential house box input or single-phase electrical equipment.<\/p>\n<p>Its main feature is that when the circuit has overvoltage, undervoltage or overcurrent problems, the product can cut off the power supply instantly to prevent damage to electrical equipment. Also, the protector can automatically turn on the power supply when the circuit voltage returns to normal.<\/p>\n<h3>Functions:<\/h3>\n<ol>\n<li><strong>Over voltage protection<\/strong><\/li>\n<li><strong>Low voltage protection<\/strong><\/li>\n<li><strong>Overcurrent protection<\/strong><\/li>\n<li><strong>Automatic recovery<\/strong><\/li>\n<li class=\" translation-block\"><strong>Voltage display<\/strong> (voltage measurement)<\/li>\n<li class=\" translation-block\"><strong>Current indicator<\/strong> (current measurement)<\/li>\n<\/ol>\n<blockquote><p>Only the 80A model has green and red LEDs, other models have only red LEDs.<\/p><\/blockquote>\n<h3>Our Guiding Languages:<\/h3>\n<p>English, Russian and Portuguese. Provide us with your e-mail address and we will send you the manual.<\/p>\n<h3>Product Parameters:<\/h3>\n<ol>\n<li class=\" translation-block\"><strong>Model Number:<\/strong> SVP916<\/li>\n<li class=\" translation-block\"><strong>Power Supply:<\/strong> 230VAC 50\/60Hz or 120VAC 50\/60Hz<\/li>\n<li><strong>Maksimum Y\u00fckleme G\u00fcc\u00fc:<\/strong>\n<ul>\n<li>1~40A Ayarlanabilir (varsay\u0131lan: 40A)<\/li>\n<li>1~63A Ayarlanabilir (varsay\u0131lan: 63A)<\/li>\n<li>1~80A Ayarlanabilir (varsay\u0131lan: 80A)<\/li>\n<\/ul>\n<\/li>\n<li><strong>A\u015f\u0131r\u0131 Voltaj Koruma De\u011feri Aral\u0131\u011f\u0131:<\/strong> 221V<del>300V<\/del>KAPALI (varsay\u0131lan: 280V)\n<ul>\n<li><strong>A\u015f\u0131r\u0131 Voltaj Kurtarma Voltaj\u0131 Aral\u0131\u011f\u0131:<\/strong> 220V~299V (varsay\u0131lan: 250V)<\/li>\n<li><strong>A\u015f\u0131r\u0131 Voltaj Korumas\u0131 Eylem S\u00fcresi:<\/strong> 0,1s~10s (varsay\u0131lan: 0,1s)<\/li>\n<\/ul>\n<\/li>\n<li><strong>D\u00fc\u015f\u00fck Voltaj Koruma De\u011feri Aral\u0131\u011f\u0131:<\/strong> 219V<del>150V<\/del>KAPALI (varsay\u0131lan: 160V)\n<ul>\n<li><strong>D\u00fc\u015f\u00fck Voltaj Kurtarma Voltaj\u0131 Aral\u0131\u011f\u0131:<\/strong> 151V~220V (varsay\u0131lan: 180V)<\/li>\n<li><strong>D\u00fc\u015f\u00fck Voltaj Korumas\u0131 Eylem S\u00fcresi:<\/strong> 0,1s~10s (varsay\u0131lan: 0,1s)<\/li>\n<\/ul>\n<\/li>\n<li><strong>A\u015f\u0131r\u0131 Ak\u0131m Ayar Aral\u0131\u011f\u0131:<\/strong> 1~40A (varsay\u0131lan: 40A)\n<ul>\n<li><strong>A\u015f\u0131r\u0131 Ak\u0131m Eylem S\u00fcresi:<\/strong> 0,1~512 saniye (varsay\u0131lan: 5,0s)<\/li>\n<\/ul>\n<\/li>\n<li class=\" translation-block\"><strong>Recovery Delay Time:<\/strong> 2s~120s (default: 60s)<\/li>\n<li class=\" translation-block\"><strong>Power On Delay Time:<\/strong> 2s~10s (default: 2s)<\/li>\n<li class=\" translation-block\"><strong>Power Consumption:<\/strong> &lt;2W<\/li>\n<li class=\" translation-block\"><strong>Electric Machine Life:<\/strong> 100,000 times<\/li>\n<li class=\" translation-block\"><strong>Installation:<\/strong> 35mm DIN rail<\/li>\n<\/ol>\n<\/div>","protected":false},"excerpt":{"rendered":"<p>Home Use Dual LED Display 63A 80A Din Rail 230V Adjustable Voltage Surge Protection Relay With Limit Current Protection<\/p>","protected":false},"featured_media":17875,"comment_status":"open","ping_status":"closed","template":"","meta":{"_monsterinsights_skip_tracking":false,"_monsterinsights_sitenote_active":false,"_monsterinsights_sitenote_note":"","_monsterinsights_sitenote_category":0},"product_cat":[445],"product_tag":[],"aioseo_notices":[],"jetpack_sharing_enabled":true,"_links":{"self":[{"href":"https:\/\/digitaltarget.com.tr\/en\/wp-json\/wp\/v2\/product\/17873"}],"collection":[{"href":"https:\/\/digitaltarget.com.tr\/en\/wp-json\/wp\/v2\/product"}],"about":[{"href":"https:\/\/digitaltarget.com.tr\/en\/wp-json\/wp\/v2\/types\/product"}],"replies":[{"embeddable":true,"href":"https:\/\/digitaltarget.com.tr\/en\/wp-json\/wp\/v2\/comments?post=17873"}],"version-history":[{"count":3,"href":"https:\/\/digitaltarget.com.tr\/en\/wp-json\/wp\/v2\/product\/17873\/revisions"}],"predecessor-version":[{"id":18933,"href":"https:\/\/digitaltarget.com.tr\/en\/wp-json\/wp\/v2\/product\/17873\/revisions\/18933"}],"wp:featuredmedia":[{"embeddable":true,"href":"https:\/\/digitaltarget.com.tr\/en\/wp-json\/wp\/v2\/media\/17875"}],"wp:attachment":[{"href":"https:\/\/digitaltarget.com.tr\/en\/wp-json\/wp\/v2\/media?parent=17873"}],"wp:term":[{"taxonomy":"product_cat","embeddable":true,"href":"https:\/\/digitaltarget.com.tr\/en\/wp-json\/wp\/v2\/product_cat?post=17873"},{"taxonomy":"product_tag","embeddable":true,"href":"https:\/\/digitaltarget.com.tr\/en\/wp-json\/wp\/v2\/product_tag?post=17873"}],"curies":[{"name":"wp","href":"https:\/\/api.w.org\/{rel}","templated":true}]}}