{"id":17903,"date":"2024-01-29T09:05:55","date_gmt":"2024-01-29T09:05:55","guid":{"rendered":"https:\/\/digitaltarget.com.tr\/?post_type=product&#038;p=17903"},"modified":"2025-07-22T13:38:39","modified_gmt":"2025-07-22T13:38:39","slug":"fpv-5-8ghz-5-8g-14dbi-high-gain-panel-antenna-for-rx-w-angle-rt-sma","status":"publish","type":"product","link":"https:\/\/digitaltarget.com.tr\/en\/product\/fpv-5-8ghz-5-8g-14dbi-high-gain-panel-antenna-for-rx-w-angle-rt-sma\/","title":{"rendered":"High Gain Panel Antenna for FPV 5.8Ghz 5.8g 14dbi Rx w\/ Angle RT-SMA"},"content":{"rendered":"<p>High Gain Panel Antenna for FPV 5.8Ghz 5.8g 14dbi Rx w\/ Angled RT-SMA Female Antenna Gains for Tx<\/p>\n<p>Brand new design, 5.8 G Antenna gains for FPV aerial photography.<\/p>\n<p>All products have a strict test, with a standing wave ratio of less than 1.5.<\/p>\n<p>This is exactly the first choice for FPV and can effectively expand the launch distance and angle.<\/p>\n<p>The blue part is bendable.<\/p>\n<p>GGSM: 5.8G<\/p>\n<p>L shape with inner hole<\/p>\n<p>Weight: 32g<\/p>\n<p>&nbsp;<\/p>\n<p>RC FPV is specially designed for mini size, high gain, low SWR and high self-recovery function at any angle.<\/p>\n<p>Transmission distance: 15km with 5.8G 1200mw VTX\/RX.<\/p>\n<p>5.8km with 5.8G 600mw VTX\/RX.<\/p>\n<p>Frequencies: 5600-5950 MHz<\/p>\n<p>Gain-dBi 14dBi<\/p>\n<p>3db vertical beam width: 40 degrees<\/p>\n<p>3db Horizontal Beam width: 35 degrees<\/p>\n<p>Impedance: 50 ohms<\/p>\n<p>Polarization Vertical<\/p>\n<p>Side lobe suppression:&gt;=13DB<\/p>\n<p>VSWR: =25DB<\/p>\n<p>Maximum Power 50W<\/p>\n<p>Connector: rp-SMA<\/p>\n<p>Dimensions 60*55*6mm<\/p>\n<p>DC Grounded<\/p>\n<p>High self-recovery function.<\/p>\n<p>Weight: 34g<\/p>\n<p>&nbsp;<\/p>\n<p>Total weight: 66g<\/p>\n<p>&nbsp;<\/p>\n<p>Package Content:<\/p>\n<p>1* 5.8G 14dBi panel antenna<\/p>\n<p>1* RX-SMS antenna gain<\/p>","protected":false},"excerpt":{"rendered":"<p>FPV 5.8Ghz 5.8g 14dbi Rx i\u00e7in Y\u00fcksek Kazan\u00e7l\u0131 Panel Anten w \/ A\u00e7\u0131l\u0131 RT-SMA Di\u015fi Anten Tx i\u00e7in Kazan\u00e7lar Yepyeni<\/p>","protected":false},"featured_media":17905,"comment_status":"open","ping_status":"closed","template":"","meta":{"_monsterinsights_skip_tracking":false,"_monsterinsights_sitenote_active":false,"_monsterinsights_sitenote_note":"","_monsterinsights_sitenote_category":0},"product_cat":[446],"product_tag":[],"aioseo_notices":[],"jetpack_sharing_enabled":true,"_links":{"self":[{"href":"https:\/\/digitaltarget.com.tr\/en\/wp-json\/wp\/v2\/product\/17903"}],"collection":[{"href":"https:\/\/digitaltarget.com.tr\/en\/wp-json\/wp\/v2\/product"}],"about":[{"href":"https:\/\/digitaltarget.com.tr\/en\/wp-json\/wp\/v2\/types\/product"}],"replies":[{"embeddable":true,"href":"https:\/\/digitaltarget.com.tr\/en\/wp-json\/wp\/v2\/comments?post=17903"}],"version-history":[{"count":3,"href":"https:\/\/digitaltarget.com.tr\/en\/wp-json\/wp\/v2\/product\/17903\/revisions"}],"predecessor-version":[{"id":18927,"href":"https:\/\/digitaltarget.com.tr\/en\/wp-json\/wp\/v2\/product\/17903\/revisions\/18927"}],"wp:featuredmedia":[{"embeddable":true,"href":"https:\/\/digitaltarget.com.tr\/en\/wp-json\/wp\/v2\/media\/17905"}],"wp:attachment":[{"href":"https:\/\/digitaltarget.com.tr\/en\/wp-json\/wp\/v2\/media?parent=17903"}],"wp:term":[{"taxonomy":"product_cat","embeddable":true,"href":"https:\/\/digitaltarget.com.tr\/en\/wp-json\/wp\/v2\/product_cat?post=17903"},{"taxonomy":"product_tag","embeddable":true,"href":"https:\/\/digitaltarget.com.tr\/en\/wp-json\/wp\/v2\/product_tag?post=17903"}],"curies":[{"name":"wp","href":"https:\/\/api.w.org\/{rel}","templated":true}]}}