{"id":17946,"date":"2024-01-29T10:15:43","date_gmt":"2024-01-29T10:15:43","guid":{"rendered":"https:\/\/digitaltarget.com.tr\/?post_type=product&#038;p=17946"},"modified":"2025-07-22T13:38:29","modified_gmt":"2025-07-22T13:38:29","slug":"skydroid-t12-2-4ghz-12ch-remote-control-with-r12-receiver","status":"publish","type":"product","link":"https:\/\/digitaltarget.com.tr\/en\/product\/skydroid-t12-2-4ghz-12ch-remote-control-with-r12-receiver\/","title":{"rendered":"Skydroid T12 2.4GHz 12CH Remote Control with R12 Receiver + Mini Camera"},"content":{"rendered":"<p>Skydroid T12 2.4GHz 12CH R12 Remote Control with Receiver<\/p>\n<p class=\" translation-block\">Technical Specifications:<br>Brand Skydroid<br>Product name: T12 Transmitter<br>Number of channels: 12 channels<br>Frequency: 2.400-2.4833GHz<br>Operating voltage: 3.7V (1s Li-ion)<br>Operating Current: 130mA<br>Modulation: New FHSS<br>Weight: 560g<br>Firmware: APP online<br>Size: 225*123*35mm<br>Duration: 25 hours<br>Battery Capacitor: 4000mA<br>Charging Port: MICRO-USB<br>Application: Helicopter, Fixed wing, Quadcopter, car boat<\/p>\n<p class=\" translation-block\">R12 Receiver:<br>Model: R12<br>Number of channels: 12 channels<br>Operating voltage: 4.5-5.5v<br>Operating Current: 140mA@5V<br>Size: 51*41*13MM<br>Weight: 14g<\/p>","protected":false},"excerpt":{"rendered":"<p>Skydroid T12 2.4GHz 12CH R12 Al\u0131c\u0131 ile Uzaktan Kumanda Teknik \u00d6zellikler: Marka Skydroid \u00dcr\u00fcn ad\u0131: T12 Transmitter Kanal say\u0131s\u0131: 12<\/p>","protected":false},"featured_media":18795,"comment_status":"open","ping_status":"closed","template":"","meta":{"_monsterinsights_skip_tracking":false,"_monsterinsights_sitenote_active":false,"_monsterinsights_sitenote_note":"","_monsterinsights_sitenote_category":0},"product_cat":[435],"product_tag":[],"aioseo_notices":[],"jetpack_sharing_enabled":true,"_links":{"self":[{"href":"https:\/\/digitaltarget.com.tr\/en\/wp-json\/wp\/v2\/product\/17946"}],"collection":[{"href":"https:\/\/digitaltarget.com.tr\/en\/wp-json\/wp\/v2\/product"}],"about":[{"href":"https:\/\/digitaltarget.com.tr\/en\/wp-json\/wp\/v2\/types\/product"}],"replies":[{"embeddable":true,"href":"https:\/\/digitaltarget.com.tr\/en\/wp-json\/wp\/v2\/comments?post=17946"}],"version-history":[{"count":4,"href":"https:\/\/digitaltarget.com.tr\/en\/wp-json\/wp\/v2\/product\/17946\/revisions"}],"predecessor-version":[{"id":18924,"href":"https:\/\/digitaltarget.com.tr\/en\/wp-json\/wp\/v2\/product\/17946\/revisions\/18924"}],"wp:featuredmedia":[{"embeddable":true,"href":"https:\/\/digitaltarget.com.tr\/en\/wp-json\/wp\/v2\/media\/18795"}],"wp:attachment":[{"href":"https:\/\/digitaltarget.com.tr\/en\/wp-json\/wp\/v2\/media?parent=17946"}],"wp:term":[{"taxonomy":"product_cat","embeddable":true,"href":"https:\/\/digitaltarget.com.tr\/en\/wp-json\/wp\/v2\/product_cat?post=17946"},{"taxonomy":"product_tag","embeddable":true,"href":"https:\/\/digitaltarget.com.tr\/en\/wp-json\/wp\/v2\/product_tag?post=17946"}],"curies":[{"name":"wp","href":"https:\/\/api.w.org\/{rel}","templated":true}]}}