{"id":17950,"date":"2024-01-29T11:27:57","date_gmt":"2024-01-29T11:27:57","guid":{"rendered":"https:\/\/digitaltarget.com.tr\/?post_type=product&#038;p=17950"},"modified":"2025-01-21T13:39:56","modified_gmt":"2025-01-21T13:39:56","slug":"rc-receiver-frsky-x8r-2-4g-16ch-sbus","status":"publish","type":"product","link":"https:\/\/digitaltarget.com.tr\/en\/product\/rc-receiver-frsky-x8r-2-4g-16ch-sbus\/","title":{"rendered":"RC Receiver -FrSky X8R 2.4G 16CH SBUS"},"content":{"rendered":"<div><strong>FrSky ACCST X8R 8\/16ch receiver, SMARTPORT and SBUS function<\/strong><\/div>\n<div><strong>Specifications:<\/strong><\/div>\n<div>X8R receiver (8\/16ch telemetry receiver)<\/div>\n<div>More number of channels: 1~8ch from conventional channel outputs, 1~16ch from SBUS port.<\/div>\n<div>With RSSI output: analog voltage output (0~3.3V).<\/div>\n<div>Smart Port enables active, two-way full-duplex communication.<\/div>\n<div>FrSky's latest receiver includes 16 channels (8 regular PWM outputs and all 16 channels in dedicated Sbus output). Plus the exciting new Smart Port.<\/div>\n<div><strong>Specifications:<\/strong><\/div>\n<div>Dimensions: 46.5mm x 27mm x 14.4mm (1.83\u2033 x 1.06\u2033 x .56\u2033)<\/div>\n<div>Weight: 16.8g (.59 oz)<\/div>\n<div>Operating Voltage Range: 4V-10.0V<\/div>\n<div>Operating Current: 100mA@5V<\/div>\n<div>Operating Range: &gt;1.5km (Full Range)<\/div>\n<div>RSSI output: analog voltage output (0~3.3V)<\/div>\n<div>Software Updatable<\/div>\n<div><strong>Compatibility:<\/strong><\/div>\n<div>D8, D16 in ACCESS D16 Modes<\/div>","protected":false},"excerpt":{"rendered":"<p>FrSky ACCST X8R 8\/16ch al\u0131c\u0131, SMARTPORT ve SBUS fonksiyonu \u00d6zellikler: X8R al\u0131c\u0131 (8\/16ch telemetri al\u0131c\u0131s\u0131) Daha fazla kanal say\u0131s\u0131: Geleneksel<\/p>","protected":false},"featured_media":17952,"comment_status":"open","ping_status":"closed","template":"","meta":{"_monsterinsights_skip_tracking":false,"_monsterinsights_sitenote_active":false,"_monsterinsights_sitenote_note":"","_monsterinsights_sitenote_category":0},"product_cat":[435,356,438],"product_tag":[],"aioseo_notices":[],"jetpack_sharing_enabled":true,"_links":{"self":[{"href":"https:\/\/digitaltarget.com.tr\/en\/wp-json\/wp\/v2\/product\/17950"}],"collection":[{"href":"https:\/\/digitaltarget.com.tr\/en\/wp-json\/wp\/v2\/product"}],"about":[{"href":"https:\/\/digitaltarget.com.tr\/en\/wp-json\/wp\/v2\/types\/product"}],"replies":[{"embeddable":true,"href":"https:\/\/digitaltarget.com.tr\/en\/wp-json\/wp\/v2\/comments?post=17950"}],"version-history":[{"count":3,"href":"https:\/\/digitaltarget.com.tr\/en\/wp-json\/wp\/v2\/product\/17950\/revisions"}],"predecessor-version":[{"id":19122,"href":"https:\/\/digitaltarget.com.tr\/en\/wp-json\/wp\/v2\/product\/17950\/revisions\/19122"}],"wp:featuredmedia":[{"embeddable":true,"href":"https:\/\/digitaltarget.com.tr\/en\/wp-json\/wp\/v2\/media\/17952"}],"wp:attachment":[{"href":"https:\/\/digitaltarget.com.tr\/en\/wp-json\/wp\/v2\/media?parent=17950"}],"wp:term":[{"taxonomy":"product_cat","embeddable":true,"href":"https:\/\/digitaltarget.com.tr\/en\/wp-json\/wp\/v2\/product_cat?post=17950"},{"taxonomy":"product_tag","embeddable":true,"href":"https:\/\/digitaltarget.com.tr\/en\/wp-json\/wp\/v2\/product_tag?post=17950"}],"curies":[{"name":"wp","href":"https:\/\/api.w.org\/{rel}","templated":true}]}}