{"id":17963,"date":"2024-01-29T20:57:52","date_gmt":"2024-01-29T20:57:52","guid":{"rendered":"https:\/\/digitaltarget.com.tr\/?post_type=product&#038;p=17963"},"modified":"2024-08-02T08:31:44","modified_gmt":"2024-08-02T08:31:44","slug":"dle55ra-55cc-dle-single-cylinder-2-strokes-gasoline-petrol-engine","status":"publish","type":"product","link":"https:\/\/digitaltarget.com.tr\/en\/product\/dle55ra-55cc-dle-single-cylinder-2-strokes-gasoline-petrol-engine\/","title":{"rendered":"DLE55RA 55cc DLE Single Cylinder 2 Stroke Gasoline \/ Petrol Engine"},"content":{"rendered":"<ul>\n<li><span data-spm-anchor-id=\"a2g0o.detail.1000023.i2.1ae46075PWN6D0\">Displacement: 55.6 cc (3,392 cu in)<\/span><\/li>\n<li>Diameter: 1.77 inches (45 mm)<\/li>\n<li>Stroke: 1,38 X in\u00e7 (35 mm)<\/li>\n<li>Weight: 3.5 lb (1.59 kg)<\/li>\n<li>RPM Range: 1.350-8.500<\/li>\n<li>Output: 5.5 hp at 7,500 rpm<\/li>\n<li>Requirements: Gasoline, oil, ignition battery and propeller<\/li>\n<li>Includes electronic ignition, muffler, spark plug, gasket, bolts, machined aluminum spacers, throttle lever extension and assembly template<\/li>\n<li>Recommended Propellers: 22\u00d78, 22\u00d710, 23\u00d78 and 23\u00d710<\/li>\n<\/ul>\n<p>Technical Data:<\/p>\n<ul>\n<li>Manifold: 4-leaf, V-type, reed valve, bottom induction<\/li>\n<li>Ignition Battery: 4.8-6.0 V NiCd or NiMH, 6.6 V LiFe or 7.4 V LiPo pack (LiPo or LiFe use requires voltage regulator).<\/li>\n<li>Compression Ratio: 7,6:1<\/li>\n<li>Gasoline\/Oil Mixture: 30:1<\/li>\n<li>Replacement Spark Plug: NGK CM6 (DLEG5510) or equivalent<\/li>\n<li>\n<p data-spm-anchor-id=\"a2g0o.detail.1000023.i0.1ae46075PWN6D0\">Weights (Individual): Engine: 47.6 oz (1,350 g); Exhaust: 3.5 oz (100 g); Ignition: 4.2 oz (120 g)<\/p>\n<\/li>\n<\/ul>","protected":false},"excerpt":{"rendered":"<p>Deplasman: 55,6 cc (3,392 cu in) \u00c7ap: 1,77 in\u00e7 (45 mm) Strok: 1,38 X in\u00e7 (35 mm) A\u011f\u0131rl\u0131k: 3,5 lb<\/p>","protected":false},"featured_media":17965,"comment_status":"open","ping_status":"closed","template":"","meta":{"_monsterinsights_skip_tracking":false,"_monsterinsights_sitenote_active":false,"_monsterinsights_sitenote_note":"","_monsterinsights_sitenote_category":0},"product_cat":[447],"product_tag":[],"aioseo_notices":[],"jetpack_sharing_enabled":true,"_links":{"self":[{"href":"https:\/\/digitaltarget.com.tr\/en\/wp-json\/wp\/v2\/product\/17963"}],"collection":[{"href":"https:\/\/digitaltarget.com.tr\/en\/wp-json\/wp\/v2\/product"}],"about":[{"href":"https:\/\/digitaltarget.com.tr\/en\/wp-json\/wp\/v2\/types\/product"}],"replies":[{"embeddable":true,"href":"https:\/\/digitaltarget.com.tr\/en\/wp-json\/wp\/v2\/comments?post=17963"}],"version-history":[{"count":3,"href":"https:\/\/digitaltarget.com.tr\/en\/wp-json\/wp\/v2\/product\/17963\/revisions"}],"predecessor-version":[{"id":19120,"href":"https:\/\/digitaltarget.com.tr\/en\/wp-json\/wp\/v2\/product\/17963\/revisions\/19120"}],"wp:featuredmedia":[{"embeddable":true,"href":"https:\/\/digitaltarget.com.tr\/en\/wp-json\/wp\/v2\/media\/17965"}],"wp:attachment":[{"href":"https:\/\/digitaltarget.com.tr\/en\/wp-json\/wp\/v2\/media?parent=17963"}],"wp:term":[{"taxonomy":"product_cat","embeddable":true,"href":"https:\/\/digitaltarget.com.tr\/en\/wp-json\/wp\/v2\/product_cat?post=17963"},{"taxonomy":"product_tag","embeddable":true,"href":"https:\/\/digitaltarget.com.tr\/en\/wp-json\/wp\/v2\/product_tag?post=17963"}],"curies":[{"name":"wp","href":"https:\/\/api.w.org\/{rel}","templated":true}]}}