{"id":17973,"date":"2024-01-29T21:06:33","date_gmt":"2024-01-29T21:06:33","guid":{"rendered":"https:\/\/digitaltarget.com.tr\/?post_type=product&#038;p=17973"},"modified":"2025-07-22T13:37:45","modified_gmt":"2025-07-22T13:37:45","slug":"ignition-sensor-for-1-cyl-engine-dle20-20ra-30-35ra-55-55ra-61-65-85","status":"publish","type":"product","link":"https:\/\/digitaltarget.com.tr\/en\/product\/ignition-sensor-for-1-cyl-engine-dle20-20ra-30-35ra-55-55ra-61-65-85\/","title":{"rendered":"IGNITION SENSOR FOR 1 CYLINDER. ENGINE \u2013 DLE20-20RA-30-35RA-55-55RA-61-65-85"},"content":{"rendered":"<p>This is the Ignition Sensor for the DLE-55RA Gas Engine, DLEG0455.<\/p>\n<p>FEATURES: Sensor wire sends timing data to electronic ignition system<\/p>\n<p>INCLUDED Ignition Sensor for DLE-55RA Gas Engine<\/p>","protected":false},"excerpt":{"rendered":"<p>Bu, DLE-55RA Gaz Motoru i\u00e7in Ate\u015fleme Sens\u00f6r\u00fcd\u00fcr, DLEG0455. \u00d6ZELL\u0130KLER: Sens\u00f6r teli zamanlama verilerini elektronik ate\u015fleme sistemine g\u00f6nderir DAH\u0130LD\u0130R: DLE-55RA Gaz<\/p>","protected":false},"featured_media":17974,"comment_status":"open","ping_status":"closed","template":"","meta":{"_monsterinsights_skip_tracking":false,"_monsterinsights_sitenote_active":false,"_monsterinsights_sitenote_note":"","_monsterinsights_sitenote_category":0},"product_cat":[447,360],"product_tag":[],"aioseo_notices":[],"jetpack_sharing_enabled":true,"_links":{"self":[{"href":"https:\/\/digitaltarget.com.tr\/en\/wp-json\/wp\/v2\/product\/17973"}],"collection":[{"href":"https:\/\/digitaltarget.com.tr\/en\/wp-json\/wp\/v2\/product"}],"about":[{"href":"https:\/\/digitaltarget.com.tr\/en\/wp-json\/wp\/v2\/types\/product"}],"replies":[{"embeddable":true,"href":"https:\/\/digitaltarget.com.tr\/en\/wp-json\/wp\/v2\/comments?post=17973"}],"version-history":[{"count":2,"href":"https:\/\/digitaltarget.com.tr\/en\/wp-json\/wp\/v2\/product\/17973\/revisions"}],"predecessor-version":[{"id":18918,"href":"https:\/\/digitaltarget.com.tr\/en\/wp-json\/wp\/v2\/product\/17973\/revisions\/18918"}],"wp:featuredmedia":[{"embeddable":true,"href":"https:\/\/digitaltarget.com.tr\/en\/wp-json\/wp\/v2\/media\/17974"}],"wp:attachment":[{"href":"https:\/\/digitaltarget.com.tr\/en\/wp-json\/wp\/v2\/media?parent=17973"}],"wp:term":[{"taxonomy":"product_cat","embeddable":true,"href":"https:\/\/digitaltarget.com.tr\/en\/wp-json\/wp\/v2\/product_cat?post=17973"},{"taxonomy":"product_tag","embeddable":true,"href":"https:\/\/digitaltarget.com.tr\/en\/wp-json\/wp\/v2\/product_tag?post=17973"}],"curies":[{"name":"wp","href":"https:\/\/api.w.org\/{rel}","templated":true}]}}