{"id":17983,"date":"2024-01-29T21:44:49","date_gmt":"2024-01-29T21:44:49","guid":{"rendered":"https:\/\/digitaltarget.com.tr\/?post_type=product&#038;p=17983"},"modified":"2025-01-27T13:53:50","modified_gmt":"2025-01-27T13:53:50","slug":"hglrc-m100-5883-m10-gps-module-21x21mm-with-compass-ceramic-antenna-on-board-led-indicators-for-rc-airplane-fpv-long-range","status":"publish","type":"product","link":"https:\/\/digitaltarget.com.tr\/en\/product\/hglrc-m100-5883-m10-gps-module-21x21mm-with-compass-ceramic-antenna-on-board-led-indicators-for-rc-airplane-fpv-long-range\/","title":{"rendered":"HGLRC M100-5883 M10 GPS Module 21x21mm Ceramic Antenna with Compass built-in LED Indicators for RC Aircraft FPV Long Range"},"content":{"rendered":"<p>HGLRC M100-5883 GPS<\/p>\n<p>&nbsp;<\/p>\n<p>New upgraded 10th generation chip with compass<\/p>\n<p>Suitable for FPV fixed-wing UAV<\/p>\n<p>&nbsp;<\/p>\n<p>Technical Parameters:<\/p>\n<p>Chip 1: M10 (tenth generation chip)<\/p>\n<p>2. antenna: ceramic antenna<\/p>\n<p>3. Frequency: GPS\/QZSS L1C\/A, SBAS EGNOS, GAGAN, MSAS and WAAS<\/p>\n<p>GLONASS L1OF, BDS B1I, Galileo E1B\/C<\/p>\n<p>4. Receiver channel: 72ch<\/p>\n<p>5. Baud rate: 115200bps.<\/p>\n<p>6. Output protocol: UBLOX<\/p>\n<p>7. Output frequency: 10Hz<\/p>\n<p>8. Power input: 3.3-5V<\/p>\n<p>9. Dimensions: 21x21x8.02mm<\/p>\n<p>10. Weight: 7.73g<\/p>\n<p>&nbsp;<\/p>","protected":false},"excerpt":{"rendered":"<p>HGLRC M100-5883 GPS &nbsp; Pusulal\u0131 yeni y\u00fckseltilmi\u015f 10. nesil \u00e7ip FPV sabit kanatl\u0131 \u0130HA i\u00e7in uygundur &nbsp; Teknik Parametreler: 1.<\/p>","protected":false},"featured_media":17984,"comment_status":"open","ping_status":"closed","template":"","meta":{"_monsterinsights_skip_tracking":false,"_monsterinsights_sitenote_active":false,"_monsterinsights_sitenote_note":"","_monsterinsights_sitenote_category":0},"product_cat":[354],"product_tag":[],"aioseo_notices":[],"jetpack_sharing_enabled":true,"_links":{"self":[{"href":"https:\/\/digitaltarget.com.tr\/en\/wp-json\/wp\/v2\/product\/17983"}],"collection":[{"href":"https:\/\/digitaltarget.com.tr\/en\/wp-json\/wp\/v2\/product"}],"about":[{"href":"https:\/\/digitaltarget.com.tr\/en\/wp-json\/wp\/v2\/types\/product"}],"replies":[{"embeddable":true,"href":"https:\/\/digitaltarget.com.tr\/en\/wp-json\/wp\/v2\/comments?post=17983"}],"version-history":[{"count":3,"href":"https:\/\/digitaltarget.com.tr\/en\/wp-json\/wp\/v2\/product\/17983\/revisions"}],"predecessor-version":[{"id":18917,"href":"https:\/\/digitaltarget.com.tr\/en\/wp-json\/wp\/v2\/product\/17983\/revisions\/18917"}],"wp:featuredmedia":[{"embeddable":true,"href":"https:\/\/digitaltarget.com.tr\/en\/wp-json\/wp\/v2\/media\/17984"}],"wp:attachment":[{"href":"https:\/\/digitaltarget.com.tr\/en\/wp-json\/wp\/v2\/media?parent=17983"}],"wp:term":[{"taxonomy":"product_cat","embeddable":true,"href":"https:\/\/digitaltarget.com.tr\/en\/wp-json\/wp\/v2\/product_cat?post=17983"},{"taxonomy":"product_tag","embeddable":true,"href":"https:\/\/digitaltarget.com.tr\/en\/wp-json\/wp\/v2\/product_tag?post=17983"}],"curies":[{"name":"wp","href":"https:\/\/api.w.org\/{rel}","templated":true}]}}