{"id":17988,"date":"2024-01-29T21:55:31","date_gmt":"2024-01-29T21:55:31","guid":{"rendered":"https:\/\/digitaltarget.com.tr\/?post_type=product&#038;p=17988"},"modified":"2024-08-02T08:28:26","modified_gmt":"2024-08-02T08:28:26","slug":"holybro-pixhawk-6c-autopilot-flight-controller-pm07-power-module-m9n-gps-module","status":"publish","type":"product","link":"https:\/\/digitaltarget.com.tr\/en\/product\/holybro-pixhawk-6c-autopilot-flight-controller-pm07-power-module-m9n-gps-module\/","title":{"rendered":"HolyBro Pixhawk 6C Autopilot Flight Controller PM07 Power Module M9N GPS Module"},"content":{"rendered":"<div class=\"detail-desc-decorate-content\">\n<p>Pixhawk\u00ae 6C is the latest update to the successful Pixhawk\u00ae family of flight controllers based on the Pixhawk\u00ae FMUv6C Open Standard and Pixhawk\u00ae Autopilot Bus Standard. PX4 Autopilot\u00ae comes pre-installed. Inside the Pixhawk\u00ae 6C is STM32H743 based on STMicroelectronics\u00ae and paired with sensor technology from Bosch\u00ae &amp; InvenSense\u00ae, providing flexibility and reliability to control all types of autonomous vehicles, suitable for both academic and commercial applications.<\/p>\n<p>Pixhawk\u00ae 6C's H7 microcontroller includes the Arm\u00ae Cortex\u00ae-M7 core running at up to 480 MHz, has 2MB flash memory and 1MB RAM. Thanks to the updated processing power, developers can more efficiently and productively carry out development work, develop complex algorithms and models. The FMUv6C open standard includes cost-effectively designed high-performance, low-noise IMUs and features IMU redundancy. A vibration isolation system is included to filter high-frequency vibration and ensure accurate measurements, thereby improving the overall flight performance of the vehicles.<\/p>\n<p>Pixhawk\u00ae 6C is perfect for developers in corporate research labs, startups, academic (research, professors, students) and commercial applications.<\/p>\n<p><strong>Main Design Points<\/strong><\/p>\n<ul>\n<li>High performance H7 Processor with clock speed up to 480 MHz<\/li>\n<li>New cost-effective design with low-profile form factor<\/li>\n<li>Redundant inertial measurement unit (IMU) from Bosch\u00ae &amp; InvenSense\u00ae<\/li>\n<li>Innovative integrated vibration isolation system to filter high-frequency vibration and reduce noise to ensure accurate measurements<\/li>\n<li>IMUs are temperature controlled with built-in heating resistors to ensure optimum operating temperature of the IMUs<\/li>\n<\/ul>\n<h3><strong>Includes:<\/strong><\/h3>\n<ul>\n<li>Pixhawk 6C Flight Control Module<\/li>\n<li>PM07 12S Power Module<\/li>\n<li>Cable Set<\/li>\n<li>M9N GPS<\/li>\n<\/ul>\n<\/div>","protected":false},"excerpt":{"rendered":"<p>Pixhawk\u00ae 6C, Pixhawk\u00ae FMUv6C A\u00e7\u0131k Standart ve Pixhawk\u00ae Otomatik Pilot Bus Standard\u0131na dayanan ba\u015far\u0131l\u0131 Pixhawk\u00ae u\u00e7u\u015f kontrol cihazlar\u0131 ailesinin en<\/p>","protected":false},"featured_media":17989,"comment_status":"open","ping_status":"closed","template":"","meta":{"_monsterinsights_skip_tracking":false,"_monsterinsights_sitenote_active":false,"_monsterinsights_sitenote_note":"","_monsterinsights_sitenote_category":0},"product_cat":[355,358,354,385],"product_tag":[],"aioseo_notices":[],"jetpack_sharing_enabled":true,"_links":{"self":[{"href":"https:\/\/digitaltarget.com.tr\/en\/wp-json\/wp\/v2\/product\/17988"}],"collection":[{"href":"https:\/\/digitaltarget.com.tr\/en\/wp-json\/wp\/v2\/product"}],"about":[{"href":"https:\/\/digitaltarget.com.tr\/en\/wp-json\/wp\/v2\/types\/product"}],"replies":[{"embeddable":true,"href":"https:\/\/digitaltarget.com.tr\/en\/wp-json\/wp\/v2\/comments?post=17988"}],"version-history":[{"count":3,"href":"https:\/\/digitaltarget.com.tr\/en\/wp-json\/wp\/v2\/product\/17988\/revisions"}],"predecessor-version":[{"id":19118,"href":"https:\/\/digitaltarget.com.tr\/en\/wp-json\/wp\/v2\/product\/17988\/revisions\/19118"}],"wp:featuredmedia":[{"embeddable":true,"href":"https:\/\/digitaltarget.com.tr\/en\/wp-json\/wp\/v2\/media\/17989"}],"wp:attachment":[{"href":"https:\/\/digitaltarget.com.tr\/en\/wp-json\/wp\/v2\/media?parent=17988"}],"wp:term":[{"taxonomy":"product_cat","embeddable":true,"href":"https:\/\/digitaltarget.com.tr\/en\/wp-json\/wp\/v2\/product_cat?post=17988"},{"taxonomy":"product_tag","embeddable":true,"href":"https:\/\/digitaltarget.com.tr\/en\/wp-json\/wp\/v2\/product_tag?post=17988"}],"curies":[{"name":"wp","href":"https:\/\/api.w.org\/{rel}","templated":true}]}}