{"id":17998,"date":"2024-01-29T22:26:23","date_gmt":"2024-01-29T22:26:23","guid":{"rendered":"https:\/\/digitaltarget.com.tr\/?post_type=product&#038;p=17998"},"modified":"2024-12-19T14:39:25","modified_gmt":"2024-12-19T14:39:25","slug":"f4-v3s-plus-flight-control-osd-2-6s-two-way-3a-bec-9v-pad-design","status":"publish","type":"product","link":"https:\/\/digitaltarget.com.tr\/en\/product\/f4-v3s-plus-flight-control-osd-2-6s-two-way-3a-bec-9v-pad-design\/","title":{"rendered":"F4 V3S Plus Flight Control OSD 2-6S Two Way 3A BEC 9V Pad Design"},"content":{"rendered":"<div align=\"start\">\n<p>Product name: F4 V3 PLUS Flight Controller<\/p>\n<p>Firmware:Omnibus~f4<\/p>\n<p>Size: 36x36mm<\/p>\n<p>Mounting holes: 30.5\u00d730.5mm<\/p>\n<p>STM32 F405 MCU<\/p>\n<p>Dshot support<\/p>\n<p>Drag and Drop OSD configured with Betaflight<\/p>\n<p>&nbsp;<\/p>\n<p>BMI270 \/ MPU6500 6-axis SPI gyro and accelerometer (send randomly)<\/p>\n<p>&nbsp;<\/p>\n<p>SBUS \/ PPM AND Spketrum DSMX ports<\/p>\n<p>MicroSD card black box<\/p>\n<p>Bar (BMP280)<\/p>\n<p>5v3a 9V3A BEC<\/p>\n<p>Built-in video filters (only 5V to VTX and camera)<\/p>\n<p class=\" translation-block\">Features:<br>metered.<br>F4 processor, built-in Betaflight OSD, MicroSD Black Box, 5v3a sbec, 5v3a sbec, with video filter, you will set pids with your transmitter and<br>Tear up the track in no time!<\/p>\n<\/div>","protected":false},"excerpt":{"rendered":"<p>\u00dcr\u00fcn ad\u0131: F4 V3 PLUS U\u00e7u\u015f Kontrol Cihaz\u0131 Firmware:Omnibus~f4 Boyut: 36x36mm Montaj delikleri: 30,5&#215;30,5mm STM32 F405 MCU Dshot deste\u011fi Betaflight<\/p>","protected":false},"featured_media":18000,"comment_status":"open","ping_status":"closed","template":"","meta":{"_monsterinsights_skip_tracking":false,"_monsterinsights_sitenote_active":false,"_monsterinsights_sitenote_note":"","_monsterinsights_sitenote_category":0},"product_cat":[355,358],"product_tag":[],"aioseo_notices":[],"jetpack_sharing_enabled":true,"_links":{"self":[{"href":"https:\/\/digitaltarget.com.tr\/en\/wp-json\/wp\/v2\/product\/17998"}],"collection":[{"href":"https:\/\/digitaltarget.com.tr\/en\/wp-json\/wp\/v2\/product"}],"about":[{"href":"https:\/\/digitaltarget.com.tr\/en\/wp-json\/wp\/v2\/types\/product"}],"replies":[{"embeddable":true,"href":"https:\/\/digitaltarget.com.tr\/en\/wp-json\/wp\/v2\/comments?post=17998"}],"version-history":[{"count":3,"href":"https:\/\/digitaltarget.com.tr\/en\/wp-json\/wp\/v2\/product\/17998\/revisions"}],"predecessor-version":[{"id":18915,"href":"https:\/\/digitaltarget.com.tr\/en\/wp-json\/wp\/v2\/product\/17998\/revisions\/18915"}],"wp:featuredmedia":[{"embeddable":true,"href":"https:\/\/digitaltarget.com.tr\/en\/wp-json\/wp\/v2\/media\/18000"}],"wp:attachment":[{"href":"https:\/\/digitaltarget.com.tr\/en\/wp-json\/wp\/v2\/media?parent=17998"}],"wp:term":[{"taxonomy":"product_cat","embeddable":true,"href":"https:\/\/digitaltarget.com.tr\/en\/wp-json\/wp\/v2\/product_cat?post=17998"},{"taxonomy":"product_tag","embeddable":true,"href":"https:\/\/digitaltarget.com.tr\/en\/wp-json\/wp\/v2\/product_tag?post=17998"}],"curies":[{"name":"wp","href":"https:\/\/api.w.org\/{rel}","templated":true}]}}