{"id":18017,"date":"2024-01-30T07:16:28","date_gmt":"2024-01-30T07:16:28","guid":{"rendered":"https:\/\/digitaltarget.com.tr\/?post_type=product&#038;p=18017"},"modified":"2024-12-19T14:30:14","modified_gmt":"2024-12-19T14:30:14","slug":"hobbywing-flyfun-110a-v5-speed-controller-brushless-esc-6-14s-lipo-with-deo-function-hv-sbec","status":"publish","type":"product","link":"https:\/\/digitaltarget.com.tr\/en\/product\/hobbywing-flyfun-110a-v5-speed-controller-brushless-esc-6-14s-lipo-with-deo-function-hv-sbec\/","title":{"rendered":"Hobbywing FlyFun 110A V5 Speed Controller Brushless ESC 6-14S Lipo HV SBEC with DEO Function"},"content":{"rendered":"<h3>FLYFUN-110A-HV-SBEC-V5 ESC<\/h3>\n<p>Continuous current 110A (instantaneous 140A)<\/p>\n<p>Power 6-14S LiPo lithium battery<\/p>\n<p>Specifications: 92.7*45.6*27mm<\/p>\n<p>Weight 180g<\/p>\n<p>BEC output: 5.1V\/6.0V\/7.4V three-speed adjustable; output current lasts 10A, instantaneous 25A<\/p>\n<p>Adjustment board: LED digital tube setting card. Or remote control settings.<\/p>\n<p>More linear throttle, lower temperature and longer flight times<\/p>\n<p>ESC is added to the synchronous rectification drive efficiency optimization technology* (DEO-Drive Efficiency Optimization),<\/p>\n<p>Faster and more linear throttle response while increasing flight stability and flexibility; lower ESC temperature rise,<\/p>\n<p>EDM operation is more reliable; higher drive efficiency and longer battery life.<\/p>\n<p>Slow start technology, adaptation to ducted motor, reverse thrust function,<\/p>\n<p>Like the real thing, fixed-wing flight adds more fun<\/p>\n<p>&nbsp;<\/p>\n<p>The newly designed very fast slow start function is more suitable for different sizes as well as adapting to general propeller aircraft.<\/p>\n<p>Ductile aircraft; with reverse thrust function (reverse brake function in ESC), open when landing<\/p>\n<p>It can effectively reduce the taxiing distance of the aircraft and simulate the ultra-short-range landing method of real aircraft in addition to ordinary aircraft.<\/p>\n<p>Brake, proportional brake, brake off three modes, brake force adjustable in normal brake mode, proportional brake<\/p>\n<p>In car mode, the brake force is automatically distributed via the throttle stick.<\/p>","protected":false},"excerpt":{"rendered":"<p>FLYFUN-110A-HV-SBEC-V5 ESC S\u00fcrekli ak\u0131m: 110A (anl\u0131k 140A) G\u00fc\u00e7: 6-14S LiPo lityum pil \u00d6zellikler: 92,7*45,6*27mm A\u011f\u0131rl\u0131k: 180g BEC \u00e7\u0131k\u0131\u015f\u0131: 5.1V \/<\/p>","protected":false},"featured_media":18018,"comment_status":"open","ping_status":"closed","template":"","meta":{"_monsterinsights_skip_tracking":false,"_monsterinsights_sitenote_active":false,"_monsterinsights_sitenote_note":"","_monsterinsights_sitenote_category":0},"product_cat":[444],"product_tag":[],"aioseo_notices":[],"jetpack_sharing_enabled":true,"_links":{"self":[{"href":"https:\/\/digitaltarget.com.tr\/en\/wp-json\/wp\/v2\/product\/18017"}],"collection":[{"href":"https:\/\/digitaltarget.com.tr\/en\/wp-json\/wp\/v2\/product"}],"about":[{"href":"https:\/\/digitaltarget.com.tr\/en\/wp-json\/wp\/v2\/types\/product"}],"replies":[{"embeddable":true,"href":"https:\/\/digitaltarget.com.tr\/en\/wp-json\/wp\/v2\/comments?post=18017"}],"version-history":[{"count":3,"href":"https:\/\/digitaltarget.com.tr\/en\/wp-json\/wp\/v2\/product\/18017\/revisions"}],"predecessor-version":[{"id":18909,"href":"https:\/\/digitaltarget.com.tr\/en\/wp-json\/wp\/v2\/product\/18017\/revisions\/18909"}],"wp:featuredmedia":[{"embeddable":true,"href":"https:\/\/digitaltarget.com.tr\/en\/wp-json\/wp\/v2\/media\/18018"}],"wp:attachment":[{"href":"https:\/\/digitaltarget.com.tr\/en\/wp-json\/wp\/v2\/media?parent=18017"}],"wp:term":[{"taxonomy":"product_cat","embeddable":true,"href":"https:\/\/digitaltarget.com.tr\/en\/wp-json\/wp\/v2\/product_cat?post=18017"},{"taxonomy":"product_tag","embeddable":true,"href":"https:\/\/digitaltarget.com.tr\/en\/wp-json\/wp\/v2\/product_tag?post=18017"}],"curies":[{"name":"wp","href":"https:\/\/api.w.org\/{rel}","templated":true}]}}