{"id":18027,"date":"2024-01-30T08:06:07","date_gmt":"2024-01-30T08:06:07","guid":{"rendered":"https:\/\/digitaltarget.com.tr\/?post_type=product&#038;p=18027"},"modified":"2024-08-02T08:23:22","modified_gmt":"2024-08-02T08:23:22","slug":"siyi-a2-mini-ultra-wide-angle-fpv-gimbal-single-axis-tilt-with160-degree-fov-1080p-starlight-camera-sensor","status":"publish","type":"product","link":"https:\/\/digitaltarget.com.tr\/en\/product\/siyi-a2-mini-ultra-wide-angle-fpv-gimbal-single-axis-tilt-with160-degree-fov-1080p-starlight-camera-sensor\/","title":{"rendered":"SIYI A2 mini Ultra Wide Angle FPV Gimbal Single Axis Tilt 160 degree FOV 1080p Starlight Camera Sensor"},"content":{"rendered":"<div class=\"detail-desc-decorate-content\"><strong>Genel<\/strong><br \/>\nModel: A2 mini<br \/>\nVideo \u00c7\u0131k\u0131\u015f Portu: Ethernet<br \/>\nKontrol Sinyal Giri\u015f Portu: S.Bus \/ PWM<br \/>\n\u00c7al\u0131\u015fma Voltaj\u0131: 12 V<br \/>\nG\u00fc\u00e7 T\u00fcketimi: En fazla 12 W<br \/>\n\u00c7al\u0131\u015fma S\u0131cakl\u0131\u011f\u0131: -10 ~ 50 \u2103<br \/>\nSu Ge\u00e7irmezlik Seviyesi: IP65<br \/>\nBoyut: 65*43*50 mm<br \/>\nA\u011f\u0131rl\u0131k: 85 g<\/p>\n<p><strong>Gimbal<\/strong><br \/>\nKontrol Edilebilir Yatay A\u00e7\u0131: -90\u00b0 ~ +25\u00b0<\/p>\n<p><strong>Camera<\/strong><br \/>\nG\u00f6r\u00fcnt\u00fc Sens\u00f6r\u00fc: 1\/2.7 in\u00e7 CMOS, 2 MP efektif \u00e7\u00f6z\u00fcn\u00fcrl\u00fck<br \/>\nFOV: Yatay 160\u00b0<\/p>\n<p><img fetchpriority=\"high\" decoding=\"async\" class=\"aligncenter wp-image-18032 size-full\" src=\"http:\/\/digitaltarget.com.tr\/wp-content\/uploads\/2024\/01\/S675ea2ddcc3a402d8578c88a29567384D-1.webp\" alt=\"\" width=\"750\" height=\"700\" srcset=\"https:\/\/digitaltarget.com.tr\/wp-content\/uploads\/2024\/01\/S675ea2ddcc3a402d8578c88a29567384D-1.webp 750w, https:\/\/digitaltarget.com.tr\/wp-content\/uploads\/2024\/01\/S675ea2ddcc3a402d8578c88a29567384D-1-321x300.webp 321w, https:\/\/digitaltarget.com.tr\/wp-content\/uploads\/2024\/01\/S675ea2ddcc3a402d8578c88a29567384D-1-13x12.webp 13w, https:\/\/digitaltarget.com.tr\/wp-content\/uploads\/2024\/01\/S675ea2ddcc3a402d8578c88a29567384D-1-430x401.webp 430w, https:\/\/digitaltarget.com.tr\/wp-content\/uploads\/2024\/01\/S675ea2ddcc3a402d8578c88a29567384D-1-700x653.webp 700w, https:\/\/digitaltarget.com.tr\/wp-content\/uploads\/2024\/01\/S675ea2ddcc3a402d8578c88a29567384D-1-150x140.webp 150w\" sizes=\"(max-width: 750px) 100vw, 750px\" \/><br \/>\n<a href=\"http:\/\/digitaltarget.com.tr\/wp-content\/uploads\/2024\/01\/S6a82f4a2472a429d970f1bc4656dfc89N-1.webp\"><br \/>\n<img decoding=\"async\" class=\"aligncenter wp-image-18030 size-full\" src=\"http:\/\/digitaltarget.com.tr\/wp-content\/uploads\/2024\/01\/S6a82f4a2472a429d970f1bc4656dfc89N-1.webp\" alt=\"\" width=\"750\" height=\"700\" srcset=\"https:\/\/digitaltarget.com.tr\/wp-content\/uploads\/2024\/01\/S6a82f4a2472a429d970f1bc4656dfc89N-1.webp 750w, https:\/\/digitaltarget.com.tr\/wp-content\/uploads\/2024\/01\/S6a82f4a2472a429d970f1bc4656dfc89N-1-321x300.webp 321w, https:\/\/digitaltarget.com.tr\/wp-content\/uploads\/2024\/01\/S6a82f4a2472a429d970f1bc4656dfc89N-1-13x12.webp 13w, https:\/\/digitaltarget.com.tr\/wp-content\/uploads\/2024\/01\/S6a82f4a2472a429d970f1bc4656dfc89N-1-430x401.webp 430w, https:\/\/digitaltarget.com.tr\/wp-content\/uploads\/2024\/01\/S6a82f4a2472a429d970f1bc4656dfc89N-1-700x653.webp 700w, https:\/\/digitaltarget.com.tr\/wp-content\/uploads\/2024\/01\/S6a82f4a2472a429d970f1bc4656dfc89N-1-150x140.webp 150w\" sizes=\"(max-width: 750px) 100vw, 750px\" \/><br \/>\n<img decoding=\"async\" class=\"aligncenter wp-image-18031 size-full\" src=\"http:\/\/digitaltarget.com.tr\/wp-content\/uploads\/2024\/01\/S32cfb0e987344544a2cc2aa0767f7706N.webp\" alt=\"\" width=\"750\" height=\"535\" srcset=\"https:\/\/digitaltarget.com.tr\/wp-content\/uploads\/2024\/01\/S32cfb0e987344544a2cc2aa0767f7706N.webp 750w, https:\/\/digitaltarget.com.tr\/wp-content\/uploads\/2024\/01\/S32cfb0e987344544a2cc2aa0767f7706N-400x285.webp 400w, https:\/\/digitaltarget.com.tr\/wp-content\/uploads\/2024\/01\/S32cfb0e987344544a2cc2aa0767f7706N-18x12.webp 18w, https:\/\/digitaltarget.com.tr\/wp-content\/uploads\/2024\/01\/S32cfb0e987344544a2cc2aa0767f7706N-430x307.webp 430w, https:\/\/digitaltarget.com.tr\/wp-content\/uploads\/2024\/01\/S32cfb0e987344544a2cc2aa0767f7706N-700x499.webp 700w, https:\/\/digitaltarget.com.tr\/wp-content\/uploads\/2024\/01\/S32cfb0e987344544a2cc2aa0767f7706N-150x107.webp 150w\" sizes=\"(max-width: 750px) 100vw, 750px\" \/><br \/>\n<\/a><br \/>\n<img loading=\"lazy\" decoding=\"async\" class=\"aligncenter wp-image-18033 size-full\" src=\"http:\/\/digitaltarget.com.tr\/wp-content\/uploads\/2024\/01\/Sac39fe45228a48d1871f7f922ae77d77Q.webp\" alt=\"\" width=\"750\" height=\"409\" srcset=\"https:\/\/digitaltarget.com.tr\/wp-content\/uploads\/2024\/01\/Sac39fe45228a48d1871f7f922ae77d77Q.webp 750w, https:\/\/digitaltarget.com.tr\/wp-content\/uploads\/2024\/01\/Sac39fe45228a48d1871f7f922ae77d77Q-400x218.webp 400w, https:\/\/digitaltarget.com.tr\/wp-content\/uploads\/2024\/01\/Sac39fe45228a48d1871f7f922ae77d77Q-18x10.webp 18w, https:\/\/digitaltarget.com.tr\/wp-content\/uploads\/2024\/01\/Sac39fe45228a48d1871f7f922ae77d77Q-430x234.webp 430w, https:\/\/digitaltarget.com.tr\/wp-content\/uploads\/2024\/01\/Sac39fe45228a48d1871f7f922ae77d77Q-700x382.webp 700w, https:\/\/digitaltarget.com.tr\/wp-content\/uploads\/2024\/01\/Sac39fe45228a48d1871f7f922ae77d77Q-150x82.webp 150w\" sizes=\"(max-width: 750px) 100vw, 750px\" \/><br \/>\n<a href=\"http:\/\/digitaltarget.com.tr\/wp-content\/uploads\/2024\/01\/Sbcd9061887514b4c97578688e2ca5057s.webp\"><br \/>\n<img loading=\"lazy\" decoding=\"async\" class=\"aligncenter wp-image-18034 size-full\" src=\"http:\/\/digitaltarget.com.tr\/wp-content\/uploads\/2024\/01\/Sbcd9061887514b4c97578688e2ca5057s.webp\" alt=\"\" width=\"750\" height=\"692\" srcset=\"https:\/\/digitaltarget.com.tr\/wp-content\/uploads\/2024\/01\/Sbcd9061887514b4c97578688e2ca5057s.webp 750w, https:\/\/digitaltarget.com.tr\/wp-content\/uploads\/2024\/01\/Sbcd9061887514b4c97578688e2ca5057s-325x300.webp 325w, https:\/\/digitaltarget.com.tr\/wp-content\/uploads\/2024\/01\/Sbcd9061887514b4c97578688e2ca5057s-13x12.webp 13w, https:\/\/digitaltarget.com.tr\/wp-content\/uploads\/2024\/01\/Sbcd9061887514b4c97578688e2ca5057s-430x397.webp 430w, https:\/\/digitaltarget.com.tr\/wp-content\/uploads\/2024\/01\/Sbcd9061887514b4c97578688e2ca5057s-700x646.webp 700w, https:\/\/digitaltarget.com.tr\/wp-content\/uploads\/2024\/01\/Sbcd9061887514b4c97578688e2ca5057s-150x138.webp 150w\" sizes=\"(max-width: 750px) 100vw, 750px\" \/><br \/>\n<\/a><br \/>\n<img loading=\"lazy\" decoding=\"async\" class=\"aligncenter wp-image-18035 size-full\" src=\"http:\/\/digitaltarget.com.tr\/wp-content\/uploads\/2024\/01\/Sfc80a497b41b400c8611e601a131f93dz.webp\" alt=\"\" width=\"750\" height=\"618\" srcset=\"https:\/\/digitaltarget.com.tr\/wp-content\/uploads\/2024\/01\/Sfc80a497b41b400c8611e601a131f93dz.webp 750w, https:\/\/digitaltarget.com.tr\/wp-content\/uploads\/2024\/01\/Sfc80a497b41b400c8611e601a131f93dz-364x300.webp 364w, https:\/\/digitaltarget.com.tr\/wp-content\/uploads\/2024\/01\/Sfc80a497b41b400c8611e601a131f93dz-15x12.webp 15w, https:\/\/digitaltarget.com.tr\/wp-content\/uploads\/2024\/01\/Sfc80a497b41b400c8611e601a131f93dz-430x354.webp 430w, https:\/\/digitaltarget.com.tr\/wp-content\/uploads\/2024\/01\/Sfc80a497b41b400c8611e601a131f93dz-700x577.webp 700w, https:\/\/digitaltarget.com.tr\/wp-content\/uploads\/2024\/01\/Sfc80a497b41b400c8611e601a131f93dz-150x124.webp 150w\" sizes=\"(max-width: 750px) 100vw, 750px\" \/><\/div>","protected":false},"excerpt":{"rendered":"<p>Genel Model: A2 mini Video \u00c7\u0131k\u0131\u015f Portu: Ethernet Kontrol Sinyal Giri\u015f Portu: S.Bus \/ PWM \u00c7al\u0131\u015fma Voltaj\u0131: 12 V G\u00fc\u00e7<\/p>","protected":false},"featured_media":18036,"comment_status":"open","ping_status":"closed","template":"","meta":{"_monsterinsights_skip_tracking":false,"_monsterinsights_sitenote_active":false,"_monsterinsights_sitenote_note":"","_monsterinsights_sitenote_category":0},"product_cat":[308],"product_tag":[],"aioseo_notices":[],"jetpack_sharing_enabled":true,"_links":{"self":[{"href":"https:\/\/digitaltarget.com.tr\/en\/wp-json\/wp\/v2\/product\/18027"}],"collection":[{"href":"https:\/\/digitaltarget.com.tr\/en\/wp-json\/wp\/v2\/product"}],"about":[{"href":"https:\/\/digitaltarget.com.tr\/en\/wp-json\/wp\/v2\/types\/product"}],"replies":[{"embeddable":true,"href":"https:\/\/digitaltarget.com.tr\/en\/wp-json\/wp\/v2\/comments?post=18027"}],"version-history":[{"count":3,"href":"https:\/\/digitaltarget.com.tr\/en\/wp-json\/wp\/v2\/product\/18027\/revisions"}],"predecessor-version":[{"id":19115,"href":"https:\/\/digitaltarget.com.tr\/en\/wp-json\/wp\/v2\/product\/18027\/revisions\/19115"}],"wp:featuredmedia":[{"embeddable":true,"href":"https:\/\/digitaltarget.com.tr\/en\/wp-json\/wp\/v2\/media\/18036"}],"wp:attachment":[{"href":"https:\/\/digitaltarget.com.tr\/en\/wp-json\/wp\/v2\/media?parent=18027"}],"wp:term":[{"taxonomy":"product_cat","embeddable":true,"href":"https:\/\/digitaltarget.com.tr\/en\/wp-json\/wp\/v2\/product_cat?post=18027"},{"taxonomy":"product_tag","embeddable":true,"href":"https:\/\/digitaltarget.com.tr\/en\/wp-json\/wp\/v2\/product_tag?post=18027"}],"curies":[{"name":"wp","href":"https:\/\/api.w.org\/{rel}","templated":true}]}}