{"id":18057,"date":"2024-01-30T08:52:54","date_gmt":"2024-01-30T08:52:54","guid":{"rendered":"https:\/\/digitaltarget.com.tr\/?post_type=product&#038;p=18057"},"modified":"2024-08-02T08:10:38","modified_gmt":"2024-08-02T08:10:38","slug":"power-hd-hd-1900mg-4-8v-6-0v-9g-metal-gear-digtal-servo","status":"publish","type":"product","link":"https:\/\/digitaltarget.com.tr\/en\/product\/power-hd-hd-1900mg-4-8v-6-0v-9g-metal-gear-digtal-servo\/","title":{"rendered":"POWER HD HD-1900MG 4.8V-6.0V 9g Metal Gear Digital Servo"},"content":{"rendered":"<p class=\"detail-desc-decorate-content translation-block\">Torque (4.8V): 1.2 kg-cm (16.6 oz\/in)<br>Torque (6.0V): 1.5 kg-cm (20.8 oz\/in)<br>Speed: 0.11 sec (4.8V) \u2502 0.08 sec (6.0V)<br>Operating Voltage: 4.8~6.0 DC Volts<br>Weight: 14g (0.49oz)<br>Bearing Type: None<br>Motor Type: DC Motor<br>Gear Type: Copper<br>Operating Temperature: -20\u00b0~60\u00b0<br>Operating Frequency: 1520\u03bcs \/ 50hz<br>Size: 23\u00d712.2\u00d727.7mm (0.91\u00d70.48\u00d71.09 in)<\/p>","protected":false},"excerpt":{"rendered":"<p>Tork (4.8V): 1.2 kg-cm (16.6 oz\/in) Tork (6.0V): 1.5 kg-cm (20.8 oz\/in) H\u0131z: 0.11 sn (4.8V) \u2502 0.08 sn (6.0V)<\/p>","protected":false},"featured_media":18058,"comment_status":"open","ping_status":"closed","template":"","meta":{"_monsterinsights_skip_tracking":false,"_monsterinsights_sitenote_active":false,"_monsterinsights_sitenote_note":"","_monsterinsights_sitenote_category":0},"product_cat":[357],"product_tag":[],"aioseo_notices":[],"jetpack_sharing_enabled":true,"_links":{"self":[{"href":"https:\/\/digitaltarget.com.tr\/en\/wp-json\/wp\/v2\/product\/18057"}],"collection":[{"href":"https:\/\/digitaltarget.com.tr\/en\/wp-json\/wp\/v2\/product"}],"about":[{"href":"https:\/\/digitaltarget.com.tr\/en\/wp-json\/wp\/v2\/types\/product"}],"replies":[{"embeddable":true,"href":"https:\/\/digitaltarget.com.tr\/en\/wp-json\/wp\/v2\/comments?post=18057"}],"version-history":[{"count":3,"href":"https:\/\/digitaltarget.com.tr\/en\/wp-json\/wp\/v2\/product\/18057\/revisions"}],"predecessor-version":[{"id":19111,"href":"https:\/\/digitaltarget.com.tr\/en\/wp-json\/wp\/v2\/product\/18057\/revisions\/19111"}],"wp:featuredmedia":[{"embeddable":true,"href":"https:\/\/digitaltarget.com.tr\/en\/wp-json\/wp\/v2\/media\/18058"}],"wp:attachment":[{"href":"https:\/\/digitaltarget.com.tr\/en\/wp-json\/wp\/v2\/media?parent=18057"}],"wp:term":[{"taxonomy":"product_cat","embeddable":true,"href":"https:\/\/digitaltarget.com.tr\/en\/wp-json\/wp\/v2\/product_cat?post=18057"},{"taxonomy":"product_tag","embeddable":true,"href":"https:\/\/digitaltarget.com.tr\/en\/wp-json\/wp\/v2\/product_tag?post=18057"}],"curies":[{"name":"wp","href":"https:\/\/api.w.org\/{rel}","templated":true}]}}