{"id":18087,"date":"2024-01-30T20:54:53","date_gmt":"2024-01-30T20:54:53","guid":{"rendered":"https:\/\/digitaltarget.com.tr\/?post_type=product&#038;p=18087"},"modified":"2025-03-03T15:51:52","modified_gmt":"2025-03-03T15:51:52","slug":"fpv-5-8-ghz-48ch-rd945-diversity-receiver-with-a-v-and-power-cables","status":"publish","type":"product","link":"https:\/\/digitaltarget.com.tr\/en\/product\/fpv-5-8-ghz-48ch-rd945-diversity-receiver-with-a-v-and-power-cables\/","title":{"rendered":"FPV 5.8 GHz 48CH RD945 Diversity Receiver with A\/V and Power Cables"},"content":{"rendered":"<p><strong><strong>Specifications:<\/strong><\/strong><\/p>\n<ul>\n<li>48 channels: Covers A, B, C, D, H and L bands<\/li>\n<li>Diversity buyers<\/li>\n<li>Two toggle buttons for band and channel<\/li>\n<li>Two-digit display for band and channel<\/li>\n<li>Power off memory for last channel and band<\/li>\n<li>Dual independent video and audio signal outputs<\/li>\n<\/ul>\n<p><strong>Specifications:<\/strong><\/p>\n<ul>\n<li class=\" translation-block\">Supported video format: <strong>NTSC\/PAL\/CECAM<\/strong><\/li>\n<li class=\" translation-block\">Antenna connections <strong>RP-SMA jack<\/strong><\/li>\n<li class=\" translation-block\">Power input <strong>7~24V<\/strong><\/li>\n<li class=\" translation-block\">Operating current: <strong>maximum 280mA<\/strong><\/li>\n<li class=\" translation-block\">Rx sensitivity: <strong>-90dBm<\/strong><\/li>\n<li class=\" translation-block\">Video impedance: <strong>75\u03a9<\/strong><\/li>\n<li class=\" translation-block\">Dimensions: <strong>80x 65 x15mm<\/strong><\/li>\n<li class=\" translation-block\">Weight: <strong>100g<\/strong><\/li>\n<\/ul>\n<p><strong>Frequency range:<\/strong><\/p>\n<div><strong>FR1: 5865M 5845M 5825M 5805M 5785M 5765M 5745M 5725M<\/strong><\/div>\n<div><strong>FR2: 5733M 5752M 5771M 5790M 5809M 5828M 5847M 5866M<\/strong><\/div>\n<div><strong>FR3: 5705M 5685M 5665M 5645M 5885M 5905M 5925M 5945M<\/strong><\/div>\n<div><strong>FR4: 5740M 5760M 5780M 5800M 5820M 5840M 5860M 5880M<\/strong><\/div>\n<div><strong>FR5: 5658M 5695M 5732M 5769M 5806M 5843M 5880M 5917M<\/strong><\/div>\n<div><strong>FR6: 5362M 5399M 5436M 5473M 5510M 5547M 5584M 5621M<\/strong><\/div>\n<p><strong>Includes:<\/strong><\/p>\n<ul>\n<li>1 x RD945 Diversity receiver<\/li>\n<li>1 x Power and A\/V cables<\/li>\n<li>1 x 2 dipole antenna<\/li>\n<li>1 x Instructions<\/li>\n<\/ul>","protected":false},"excerpt":{"rendered":"<p>\u00d6zellikler: 48 kanal: A, B, C, D, H ve L bantlar\u0131n\u0131 kapsar \u00c7e\u015fitlilik al\u0131c\u0131lar\u0131 Bant ve kanal i\u00e7in iki ge\u00e7i\u015f<\/p>","protected":false},"featured_media":18088,"comment_status":"open","ping_status":"closed","template":"","meta":{"_monsterinsights_skip_tracking":false,"_monsterinsights_sitenote_active":false,"_monsterinsights_sitenote_note":"","_monsterinsights_sitenote_category":0},"product_cat":[356,438],"product_tag":[],"aioseo_notices":[],"jetpack_sharing_enabled":true,"_links":{"self":[{"href":"https:\/\/digitaltarget.com.tr\/en\/wp-json\/wp\/v2\/product\/18087"}],"collection":[{"href":"https:\/\/digitaltarget.com.tr\/en\/wp-json\/wp\/v2\/product"}],"about":[{"href":"https:\/\/digitaltarget.com.tr\/en\/wp-json\/wp\/v2\/types\/product"}],"replies":[{"embeddable":true,"href":"https:\/\/digitaltarget.com.tr\/en\/wp-json\/wp\/v2\/comments?post=18087"}],"version-history":[{"count":3,"href":"https:\/\/digitaltarget.com.tr\/en\/wp-json\/wp\/v2\/product\/18087\/revisions"}],"predecessor-version":[{"id":18902,"href":"https:\/\/digitaltarget.com.tr\/en\/wp-json\/wp\/v2\/product\/18087\/revisions\/18902"}],"wp:featuredmedia":[{"embeddable":true,"href":"https:\/\/digitaltarget.com.tr\/en\/wp-json\/wp\/v2\/media\/18088"}],"wp:attachment":[{"href":"https:\/\/digitaltarget.com.tr\/en\/wp-json\/wp\/v2\/media?parent=18087"}],"wp:term":[{"taxonomy":"product_cat","embeddable":true,"href":"https:\/\/digitaltarget.com.tr\/en\/wp-json\/wp\/v2\/product_cat?post=18087"},{"taxonomy":"product_tag","embeddable":true,"href":"https:\/\/digitaltarget.com.tr\/en\/wp-json\/wp\/v2\/product_tag?post=18087"}],"curies":[{"name":"wp","href":"https:\/\/api.w.org\/{rel}","templated":true}]}}