{"id":18144,"date":"2024-02-01T08:25:54","date_gmt":"2024-02-01T08:25:54","guid":{"rendered":"https:\/\/digitaltarget.com.tr\/?post_type=product&#038;p=18144"},"modified":"2024-08-01T13:28:30","modified_gmt":"2024-08-01T13:28:30","slug":"long-range-rmilec-t4047nb20-nb20-v2-20-channel-5w-433mhz-uhf-system-w-receiver-for-jr-futaba-radios","status":"publish","type":"product","link":"https:\/\/digitaltarget.com.tr\/en\/product\/long-range-rmilec-t4047nb20-nb20-v2-20-channel-5w-433mhz-uhf-system-w-receiver-for-jr-futaba-radios\/","title":{"rendered":"Long Range RMILEC T4047NB20 NB20 V2 20 Channel 5W 433Mhz UHF System with JR\/Futaba Radio Receiver2"},"content":{"rendered":"<div class=\"std\">This is the latest NB20 20-channel UHF LRS System released by manufacturer Rmilec on 10\/12\/2019.<\/div>\n<div class=\"std\">\n<p>Looking for the perfect LRS radio system offering transmission power with a massive 5.8w? The RMILEC NB20 system has arrived! The NB20 is essentially a combination of a radio control and LRS system. How does the system work? Your existing transmitter sends a signal to a receiver, which is connected to the NB20 transmitter (on the ground). The NB20 receives this signal and re-emits it in an impressive range of 2 - 5.8w! (selectable)<\/p>\n<p>With the NB20 system set to use its 20 available channels, your model's parameters can be adjusted in flight, meaning that a pilot and co-pilot\/aerial video cameraman can work together with a single radio system. In addition, the new system offers major improvements in both range and reliability by quickly and accurately excluding interference in a non-stop manner.<\/p>\n<p>Using the latest RF technology, the NB20 provides very high adjacent channel rejection rate and anti-blocking performance. The NB20 receiver can detect the frequency and amplitude of EMI interference with unrivaled accuracy and sensitivity.<\/p>\n<p>The RF performance of the latest NB20 system surpasses the older generation 4047 system. The system transmits and receives signals using super-fast processors that provide extreme accuracy. The NB20's transmitter-receiver makes full use of bandwidth constraints, reducing data exchange and frequency calibration time.<\/p>\n<p>In short, the NB20 system offers tremendous performance and quality for long-range flight enthusiasts, all at an affordable price.<\/p>\n<p><strong>Specifications:<\/strong><\/p>\n<div>\n<ul>\n<li class=\" translation-block\">Input: <strong>2 PPM, 1 SBUS. The PWM signal must be converted as PPM or SBUS signal using a converter.<\/strong><\/li>\n<li class=\" translation-block\">RF Output: <strong>0.5w, 1w, 2w, 5w<\/strong><\/li>\n<li class=\" translation-block\">Frequency: <strong>433, 435, 445, 455Mhz. 400-470Mhz programmable.<\/strong><\/li>\n<li class=\" translation-block\">Sensitivity: <strong>-115dBm<\/strong><\/li>\n<li class=\" translation-block\">Neighbor Channel Rejection: <strong>High<\/strong><\/li>\n<li class=\" translation-block\">Frustrated Signal Blocking: <strong>High<\/strong><\/li>\n<li class=\" translation-block\">Servo Transmission Signal: <strong>20ch<\/strong><\/li>\n<li class=\" translation-block\">Input Voltage: <strong>12v DC<\/strong><\/li>\n<li class=\" translation-block\">Display: <strong>System Status, Output Servo Data, Input Signal<\/strong><\/li>\n<li class=\" translation-block\">RF Power Adjustment: <strong>Remote Control RF Power, Touch Screen Control, Programmable<\/strong><\/li>\n<li class=\" translation-block\">System Idle: <strong>Remote Control System Idle, Programmable<\/strong><\/li>\n<li class=\" translation-block\">Channel Mapping: <strong>Remote Control System Idle, Programmable<\/strong><\/li>\n<li class=\" translation-block\">Heat Dissipation: <strong>Automatic<\/strong><\/li>\n<li class=\" translation-block\">Cooling: <strong>Enhanced Cooling Fan<\/strong><\/li>\n<li class=\" translation-block\">Sampling: <strong>Compact Installation Design<\/strong><\/li>\n<li class=\" translation-block\">Antenna: <strong>Standart Diamond SRH771 Antenna<\/strong><\/li>\n<li class=\" translation-block\">Receiver <strong>4047NB20RX<\/strong><\/li>\n<\/ul>\n<\/div>\n<div><\/div>\n<div><\/div>\n<div><\/div>\n<\/div>","protected":false},"excerpt":{"rendered":"<p>Bu, 10\/12\/2019 tarihinde \u00fcretici Rmilec taraf\u0131ndan piyasaya s\u00fcr\u00fclen en son NB20 20 kanall\u0131 UHF LRS Sistemidir. B\u00fcy\u00fck 5.8w ile iletim<\/p>","protected":false},"featured_media":18145,"comment_status":"open","ping_status":"closed","template":"","meta":{"_monsterinsights_skip_tracking":false,"_monsterinsights_sitenote_active":false,"_monsterinsights_sitenote_note":"","_monsterinsights_sitenote_category":0},"product_cat":[448,356],"product_tag":[],"aioseo_notices":[],"jetpack_sharing_enabled":true,"_links":{"self":[{"href":"https:\/\/digitaltarget.com.tr\/en\/wp-json\/wp\/v2\/product\/18144"}],"collection":[{"href":"https:\/\/digitaltarget.com.tr\/en\/wp-json\/wp\/v2\/product"}],"about":[{"href":"https:\/\/digitaltarget.com.tr\/en\/wp-json\/wp\/v2\/types\/product"}],"replies":[{"embeddable":true,"href":"https:\/\/digitaltarget.com.tr\/en\/wp-json\/wp\/v2\/comments?post=18144"}],"version-history":[{"count":3,"href":"https:\/\/digitaltarget.com.tr\/en\/wp-json\/wp\/v2\/product\/18144\/revisions"}],"predecessor-version":[{"id":19102,"href":"https:\/\/digitaltarget.com.tr\/en\/wp-json\/wp\/v2\/product\/18144\/revisions\/19102"}],"wp:featuredmedia":[{"embeddable":true,"href":"https:\/\/digitaltarget.com.tr\/en\/wp-json\/wp\/v2\/media\/18145"}],"wp:attachment":[{"href":"https:\/\/digitaltarget.com.tr\/en\/wp-json\/wp\/v2\/media?parent=18144"}],"wp:term":[{"taxonomy":"product_cat","embeddable":true,"href":"https:\/\/digitaltarget.com.tr\/en\/wp-json\/wp\/v2\/product_cat?post=18144"},{"taxonomy":"product_tag","embeddable":true,"href":"https:\/\/digitaltarget.com.tr\/en\/wp-json\/wp\/v2\/product_tag?post=18144"}],"curies":[{"name":"wp","href":"https:\/\/api.w.org\/{rel}","templated":true}]}}