{"id":18159,"date":"2024-02-01T08:57:43","date_gmt":"2024-02-01T08:57:43","guid":{"rendered":"https:\/\/digitaltarget.com.tr\/?post_type=product&#038;p=18159"},"modified":"2024-08-01T13:21:40","modified_gmt":"2024-08-01T13:21:40","slug":"ultra-100khz-5-3ghz-4inch-display-hand-held-tiny-spectrum-analyzer-rf-generator-with-battery","status":"publish","type":"product","link":"https:\/\/digitaltarget.com.tr\/en\/product\/ultra-100khz-5-3ghz-4inch-display-hand-held-tiny-spectrum-analyzer-rf-generator-with-battery\/","title":{"rendered":"ULTRA 100KHZ-5.3GHZ Handheld Mini Spectrum Analyzer RF Generator with 4 inch Display Battery"},"content":{"rendered":"<h3>Features<\/h3>\n<ul>\n<li>Screen size 4 inch<\/li>\n<li>Spectrum Analyzer: 0.1-800MHz or 0.1MHz-6GHz when Ultra mode is enabled<\/li>\n<li>Signal Generator capable of outputting between 0.1-800MHz with sine wave output, or up to 4.4GHz with square wave or dual tone output (when not used as a Spectrum Analyzer)<\/li>\n<li>Switchable resolution bandpass filters for both ranges between 200Hz and 850kHz<\/li>\n<li>20dB optional LNA<\/li>\n<li>Color display showing 450 scan points covering the full frequency range<\/li>\n<li>Input step attenuator from 0dB to 31dB (not in combination with LNA)<\/li>\n<li>Built-in calibration signal generator used for automatic self-test and (low) input calibration<\/li>\n<li>When connected to a PC via USB, it becomes a PC-controlled Spectrum Analyzer or Signal Generator<\/li>\n<li>Rechargeable battery for at least 2 hours of portable use<\/li>\n<li>Maximum input level +10dBm. Don't destroy your tinySA<\/li>\n<\/ul>\n<p><img fetchpriority=\"high\" decoding=\"async\" class=\"wp-image-18160 size-large alignleft\" src=\"http:\/\/digitaltarget.com.tr\/wp-content\/uploads\/2024\/02\/S2c84b506c4694bb487eab0dd66eb8a65i-509x800.webp\" alt=\"\" width=\"509\" height=\"800\" srcset=\"https:\/\/digitaltarget.com.tr\/wp-content\/uploads\/2024\/02\/S2c84b506c4694bb487eab0dd66eb8a65i-509x800.webp 509w, https:\/\/digitaltarget.com.tr\/wp-content\/uploads\/2024\/02\/S2c84b506c4694bb487eab0dd66eb8a65i-191x300.webp 191w, https:\/\/digitaltarget.com.tr\/wp-content\/uploads\/2024\/02\/S2c84b506c4694bb487eab0dd66eb8a65i-8x12.webp 8w, https:\/\/digitaltarget.com.tr\/wp-content\/uploads\/2024\/02\/S2c84b506c4694bb487eab0dd66eb8a65i-430x676.webp 430w, https:\/\/digitaltarget.com.tr\/wp-content\/uploads\/2024\/02\/S2c84b506c4694bb487eab0dd66eb8a65i-150x236.webp 150w, https:\/\/digitaltarget.com.tr\/wp-content\/uploads\/2024\/02\/S2c84b506c4694bb487eab0dd66eb8a65i.webp 700w\" sizes=\"(max-width: 509px) 100vw, 509px\" \/><\/p>","protected":false},"excerpt":{"rendered":"<p>\u00d6zellikler Ekran boyutu: 4 in\u00e7 Spectrum Analyzer: 0.1-800MHz veya Ultra mod etkinle\u015ftirildi\u011finde 0.1MHz-6GHz Sin\u00fcs dalga \u00e7\u0131k\u0131\u015f\u0131 ile 0.1-800MHz aras\u0131nda, veya<\/p>","protected":false},"featured_media":18164,"comment_status":"open","ping_status":"closed","template":"","meta":{"_monsterinsights_skip_tracking":false,"_monsterinsights_sitenote_active":false,"_monsterinsights_sitenote_note":"","_monsterinsights_sitenote_category":0},"product_cat":[364],"product_tag":[],"aioseo_notices":[],"jetpack_sharing_enabled":true,"_links":{"self":[{"href":"https:\/\/digitaltarget.com.tr\/en\/wp-json\/wp\/v2\/product\/18159"}],"collection":[{"href":"https:\/\/digitaltarget.com.tr\/en\/wp-json\/wp\/v2\/product"}],"about":[{"href":"https:\/\/digitaltarget.com.tr\/en\/wp-json\/wp\/v2\/types\/product"}],"replies":[{"embeddable":true,"href":"https:\/\/digitaltarget.com.tr\/en\/wp-json\/wp\/v2\/comments?post=18159"}],"version-history":[{"count":3,"href":"https:\/\/digitaltarget.com.tr\/en\/wp-json\/wp\/v2\/product\/18159\/revisions"}],"predecessor-version":[{"id":19101,"href":"https:\/\/digitaltarget.com.tr\/en\/wp-json\/wp\/v2\/product\/18159\/revisions\/19101"}],"wp:featuredmedia":[{"embeddable":true,"href":"https:\/\/digitaltarget.com.tr\/en\/wp-json\/wp\/v2\/media\/18164"}],"wp:attachment":[{"href":"https:\/\/digitaltarget.com.tr\/en\/wp-json\/wp\/v2\/media?parent=18159"}],"wp:term":[{"taxonomy":"product_cat","embeddable":true,"href":"https:\/\/digitaltarget.com.tr\/en\/wp-json\/wp\/v2\/product_cat?post=18159"},{"taxonomy":"product_tag","embeddable":true,"href":"https:\/\/digitaltarget.com.tr\/en\/wp-json\/wp\/v2\/product_tag?post=18159"}],"curies":[{"name":"wp","href":"https:\/\/api.w.org\/{rel}","templated":true}]}}