{"id":18181,"date":"2024-02-01T09:39:27","date_gmt":"2024-02-01T09:39:27","guid":{"rendered":"https:\/\/digitaltarget.com.tr\/?post_type=product&#038;p=18181"},"modified":"2024-08-01T13:17:12","modified_gmt":"2024-08-01T13:17:12","slug":"ls-800d-fpv-goggles-5-8g-40ch-5-inch-800480-video-headset-hd-dvr-with-2000mah-battery-for-rc-model","status":"publish","type":"product","link":"https:\/\/digitaltarget.com.tr\/en\/product\/ls-800d-fpv-goggles-5-8g-40ch-5-inch-800480-video-headset-hd-dvr-with-2000mah-battery-for-rc-model\/","title":{"rendered":"LS-800D FPV Goggles 5.8G 40CH 5 Inch 800*480 Video Headset HD DVR With 2000mAh Battery For RC Model"},"content":{"rendered":"<h3>Features<\/h3>\n<ul>\n<li>Detachable design, 5 inch screen can be used in radio controller or as small monitor with tripod<\/li>\n<li>HD high-brightness 5-inch LCD display specially tuned for FPV racing or model airplanes<\/li>\n<li>High sensitivity on-board receiver with 5.8GHz 40 channel receiver, especially with RaceBand<\/li>\n<li>Comes with advanced auto search function and shows the running frequency on the display<\/li>\n<li>3.7V\/2000mA battery built-in, providing approximately 2 hours of runtime on each full charge<\/li>\n<li>Ergonomic design fits your face<\/li>\n<li>Super wide viewing angle up to 82 degrees<\/li>\n<li>92% transparent lens used, no distortion or blurring of the screen edges<\/li>\n<li>Weighing 375g, lightweight with 2 hours 2000mAh battery, ready for any scale, racing and model airplane games<\/li>\n<li>5-inch 800*480px HD high brightness LCD<\/li>\n<\/ul>","protected":false},"excerpt":{"rendered":"<p>\u00d6zellikler Ay\u0131r\u0131labilir tasar\u0131m, 5 in\u00e7 ekran radyo kontrol cihaz\u0131nda veya tripod ile k\u00fc\u00e7\u00fck monit\u00f6r olarak kullan\u0131labilir FPV yar\u0131\u015flar\u0131 veya model<\/p>","protected":false},"featured_media":18183,"comment_status":"open","ping_status":"closed","template":"","meta":{"_monsterinsights_skip_tracking":false,"_monsterinsights_sitenote_active":false,"_monsterinsights_sitenote_note":"","_monsterinsights_sitenote_category":0},"product_cat":[449],"product_tag":[],"aioseo_notices":[],"jetpack_sharing_enabled":true,"_links":{"self":[{"href":"https:\/\/digitaltarget.com.tr\/en\/wp-json\/wp\/v2\/product\/18181"}],"collection":[{"href":"https:\/\/digitaltarget.com.tr\/en\/wp-json\/wp\/v2\/product"}],"about":[{"href":"https:\/\/digitaltarget.com.tr\/en\/wp-json\/wp\/v2\/types\/product"}],"replies":[{"embeddable":true,"href":"https:\/\/digitaltarget.com.tr\/en\/wp-json\/wp\/v2\/comments?post=18181"}],"version-history":[{"count":3,"href":"https:\/\/digitaltarget.com.tr\/en\/wp-json\/wp\/v2\/product\/18181\/revisions"}],"predecessor-version":[{"id":19097,"href":"https:\/\/digitaltarget.com.tr\/en\/wp-json\/wp\/v2\/product\/18181\/revisions\/19097"}],"wp:featuredmedia":[{"embeddable":true,"href":"https:\/\/digitaltarget.com.tr\/en\/wp-json\/wp\/v2\/media\/18183"}],"wp:attachment":[{"href":"https:\/\/digitaltarget.com.tr\/en\/wp-json\/wp\/v2\/media?parent=18181"}],"wp:term":[{"taxonomy":"product_cat","embeddable":true,"href":"https:\/\/digitaltarget.com.tr\/en\/wp-json\/wp\/v2\/product_cat?post=18181"},{"taxonomy":"product_tag","embeddable":true,"href":"https:\/\/digitaltarget.com.tr\/en\/wp-json\/wp\/v2\/product_tag?post=18181"}],"curies":[{"name":"wp","href":"https:\/\/api.w.org\/{rel}","templated":true}]}}