{"id":18196,"date":"2024-02-01T09:54:53","date_gmt":"2024-02-01T09:54:53","guid":{"rendered":"https:\/\/digitaltarget.com.tr\/?post_type=product&#038;p=18196"},"modified":"2024-12-19T14:29:39","modified_gmt":"2024-12-19T14:29:39","slug":"transporter-2-analog-fpv-goggles-w-dvr-and-removable-screen","status":"publish","type":"product","link":"https:\/\/digitaltarget.com.tr\/en\/product\/transporter-2-analog-fpv-goggles-w-dvr-and-removable-screen\/","title":{"rendered":"Transporter 2 Analog FPV Goggles with DVR and Removable Display"},"content":{"rendered":"<p>The Transporter 2 FPV Goggle features a removable display that can optionally be paired with the E8 Transmitter, allowing pilots to customize their flight experience to suit their needs.<\/p>\n<p>&nbsp;<\/p>\n<p>To provide pilots with the cleanest possible video stream, the Transporter 2 has a powerful receiver built in, while it also includes a built-in DVR that allows users to record their FPV flights for review or share flight footage with others.<\/p>\n<ul>\n<li>Charging System: Built-in USB 5V-1A linear li-ion battery charging system<\/li>\n<li>Dimensions: (without antenna + collage) 155x100x90mm<\/li>\n<li>Frequency: 5.8GHz\uff085658MHz-5945MHz)<\/li>\n<li>Video Recording Settings: VGA\/D1\/HD (Off\/3min\/5min\/10min)<\/li>\n<li>DVR: 32GB SD kart (max.), MJPEG, AVI<\/li>\n<li>Battery: 1300mAh Lithium-ion battery<\/li>\n<li>Resolution: 480X800<\/li>\n<li>Weight: 398g<\/li>\n<li>Operating Voltage: 4.2V-3.7V<\/li>\n<li>Screen size 4.3 inches<\/li>\n<\/ul>","protected":false},"excerpt":{"rendered":"<p>Transporter 2 FPV G\u00f6zl\u00fc\u011f\u00fc, iste\u011fe ba\u011fl\u0131 olarak E8 Verici ile e\u015fle\u015ftirilebilen ve pilotlar\u0131n u\u00e7u\u015f deneyimlerini ihtiya\u00e7lar\u0131na g\u00f6re \u00f6zelle\u015ftirmelerine olanak tan\u0131yan<\/p>","protected":false},"featured_media":18197,"comment_status":"open","ping_status":"closed","template":"","meta":{"_monsterinsights_skip_tracking":false,"_monsterinsights_sitenote_active":false,"_monsterinsights_sitenote_note":"","_monsterinsights_sitenote_category":0},"product_cat":[449],"product_tag":[],"aioseo_notices":[],"jetpack_sharing_enabled":true,"_links":{"self":[{"href":"https:\/\/digitaltarget.com.tr\/en\/wp-json\/wp\/v2\/product\/18196"}],"collection":[{"href":"https:\/\/digitaltarget.com.tr\/en\/wp-json\/wp\/v2\/product"}],"about":[{"href":"https:\/\/digitaltarget.com.tr\/en\/wp-json\/wp\/v2\/types\/product"}],"replies":[{"embeddable":true,"href":"https:\/\/digitaltarget.com.tr\/en\/wp-json\/wp\/v2\/comments?post=18196"}],"version-history":[{"count":3,"href":"https:\/\/digitaltarget.com.tr\/en\/wp-json\/wp\/v2\/product\/18196\/revisions"}],"predecessor-version":[{"id":18896,"href":"https:\/\/digitaltarget.com.tr\/en\/wp-json\/wp\/v2\/product\/18196\/revisions\/18896"}],"wp:featuredmedia":[{"embeddable":true,"href":"https:\/\/digitaltarget.com.tr\/en\/wp-json\/wp\/v2\/media\/18197"}],"wp:attachment":[{"href":"https:\/\/digitaltarget.com.tr\/en\/wp-json\/wp\/v2\/media?parent=18196"}],"wp:term":[{"taxonomy":"product_cat","embeddable":true,"href":"https:\/\/digitaltarget.com.tr\/en\/wp-json\/wp\/v2\/product_cat?post=18196"},{"taxonomy":"product_tag","embeddable":true,"href":"https:\/\/digitaltarget.com.tr\/en\/wp-json\/wp\/v2\/product_tag?post=18196"}],"curies":[{"name":"wp","href":"https:\/\/api.w.org\/{rel}","templated":true}]}}