{"id":18219,"date":"2024-02-01T11:31:31","date_gmt":"2024-02-01T11:31:31","guid":{"rendered":"https:\/\/digitaltarget.com.tr\/?post_type=product&#038;p=18219"},"modified":"2025-07-22T13:37:06","modified_gmt":"2025-07-22T13:37:06","slug":"tyt-long-antenna-172mm-sma-m-connector-uhf-400-480-mhz-10w-high-gain-2-15dbi","status":"publish","type":"product","link":"https:\/\/digitaltarget.com.tr\/en\/product\/tyt-long-antenna-172mm-sma-m-connector-uhf-400-480-mhz-10w-high-gain-2-15dbi\/","title":{"rendered":"TYT Long Antenna 172mm SMA-M Connector UHF 400-480 MHz 10W High Gain 2.15dBi"},"content":{"rendered":"<p class=\" translation-block\">Frequency range: 400-480MHz<br>Impedance: 50 Ohms<br>VSWR: Less than 1.5<br>Gain: 2.15dBi<br>Radiation: Omnidirectional<br>Polarization: vertical<br>Maximum input power: 10W<br>Height:172mm<br>Termination: SMA-Male<br>Radome Material: TPEE<br>Radome Color: Black<\/p>\n<p>Compatible:<\/p>\n<p>For TYT\/Tytera: MD-380<\/p>\n<p>Retevis : RT3<\/p>\n<p>Puxing: PX-2P<\/p>\n<p>Package Content:<\/p>\n<p>1 X SMA-M Anten (UHF400-480MHz)<\/p>\n<p>&nbsp;<\/p>","protected":false},"excerpt":{"rendered":"<p>Frekans aral\u0131\u011f\u0131: 400-480MHz Empedans: 50 Ohm VSWR: 1,5&#8217;ten az Kazan\u00e7: 2.15dBi Radyasyon: \u00c7ok y\u00f6nl\u00fc Polarizasyon: dikey Maksimum giri\u015f g\u00fcc\u00fc: 10W<\/p>","protected":false},"featured_media":18221,"comment_status":"open","ping_status":"closed","template":"","meta":{"_monsterinsights_skip_tracking":false,"_monsterinsights_sitenote_active":false,"_monsterinsights_sitenote_note":"","_monsterinsights_sitenote_category":0},"product_cat":[446],"product_tag":[],"aioseo_notices":[],"jetpack_sharing_enabled":true,"_links":{"self":[{"href":"https:\/\/digitaltarget.com.tr\/en\/wp-json\/wp\/v2\/product\/18219"}],"collection":[{"href":"https:\/\/digitaltarget.com.tr\/en\/wp-json\/wp\/v2\/product"}],"about":[{"href":"https:\/\/digitaltarget.com.tr\/en\/wp-json\/wp\/v2\/types\/product"}],"replies":[{"embeddable":true,"href":"https:\/\/digitaltarget.com.tr\/en\/wp-json\/wp\/v2\/comments?post=18219"}],"version-history":[{"count":4,"href":"https:\/\/digitaltarget.com.tr\/en\/wp-json\/wp\/v2\/product\/18219\/revisions"}],"predecessor-version":[{"id":18894,"href":"https:\/\/digitaltarget.com.tr\/en\/wp-json\/wp\/v2\/product\/18219\/revisions\/18894"}],"wp:featuredmedia":[{"embeddable":true,"href":"https:\/\/digitaltarget.com.tr\/en\/wp-json\/wp\/v2\/media\/18221"}],"wp:attachment":[{"href":"https:\/\/digitaltarget.com.tr\/en\/wp-json\/wp\/v2\/media?parent=18219"}],"wp:term":[{"taxonomy":"product_cat","embeddable":true,"href":"https:\/\/digitaltarget.com.tr\/en\/wp-json\/wp\/v2\/product_cat?post=18219"},{"taxonomy":"product_tag","embeddable":true,"href":"https:\/\/digitaltarget.com.tr\/en\/wp-json\/wp\/v2\/product_tag?post=18219"}],"curies":[{"name":"wp","href":"https:\/\/api.w.org\/{rel}","templated":true}]}}